{"id":41350,"date":"2024-06-09T15:55:41","date_gmt":"2024-06-09T12:55:41","guid":{"rendered":"https:\/\/agrozone.ee\/toode\/perunalanoite-15-kg\/"},"modified":"2024-06-09T15:55:41","modified_gmt":"2024-06-09T13:55:41","slug":"perunalanoite-15-kg","status":"publish","type":"product","link":"https:\/\/agrozone.ee\/fi\/tuote\/perunalanoite-15-kg\/","title":{"rendered":"Perunalanoite 15 kg"},"content":{"rendered":"<p><strong>Perunalanoite 15 kg<\/strong><\/p>\n<ul>\n<li>Perunalannoite on kalsiumia, magnesiumia ja rikki\u00e4 sis\u00e4lt\u00e4v\u00e4 kompleksilannoite.<\/li>\n<li>Sis\u00e4lt\u00e4\u00e4 kaikkia perunan ja vihanneskasvien kehitykseen tarvittavia ravinteita.<\/li>\n<li>Vahvistaa kasveja ja tekee niist\u00e4 vastustuskykyisempi\u00e4 tauteja vastaan.<\/li>\n<li>Parantaa perunan ja juuresten laatua, makua ja s\u00e4ilyvyytt\u00e4, lis\u00e4\u00e4 satoa.<\/li>\n<\/ul>\n<h4>K\u00e4ytt\u00f6ohjeet<\/h4>\n<ul>\n<li>Lannoite sekoitetaan tasaisesti maahan tai ripotellaan perunavakoon ennen perunoiden istutusta.<\/li>\n<li>K\u00e4ytet\u00e4\u00e4n sek\u00e4 p\u00e4\u00e4- ett\u00e4 lis\u00e4rehuna.<\/li>\n<\/ul>\n<p><strong>K\u00c4YTT\u00d6OHJE.<\/strong><\/p>\n<ul>\n<li>Vihannekset, ruokaperunat kevyell\u00e4 maaper\u00e4ll\u00e4: 5-7 kg\/100 m\u00b2.<\/li>\n<li>Vihannekset, ruokaperunat keskikokoisilla mailla: 6-8 kg\/100 m\u00b2.<\/li>\n<li>Tomaatti, kurkku, paprika, meloni, kes\u00e4kurpitsa, munakoiso, tilli, salaatti, sipuli: 4-6 kg\/100 m\u00b2.<\/li>\n<li>Kaali, parsakaali: 8-11 kg\/100 m\u00b2.<\/li>\n<li>Porkkanat, retiisit, punajuuret, perunat ja muut juurekset: 6-8 kg\/100 m\u00b2.<\/li>\n<li>15 kg = 255 m\u00b2.<\/li>\n<\/ul>\n","protected":false},"excerpt":{"rendered":"<ul>\n<li>Perunalannoite on kalsiumia, magnesiumia ja rikki\u00e4 sis\u00e4lt\u00e4v\u00e4 kompleksilannoite.<\/li>\n<li>Sis\u00e4lt\u00e4\u00e4 kaikkia perunan ja vihanneskasvien kehitykseen tarvittavia ravinteita.<\/li>\n<li>Vahvistaa kasveja ja tekee niist\u00e4 vastustuskykyisempi\u00e4 tauteja vastaan.<\/li>\n<li>Parantaa perunan ja juuresten laatua, makua ja s\u00e4ilyvyytt\u00e4, lis\u00e4\u00e4 satoa.<\/li>\n<\/ul>\n","protected":false},"featured_media":49007,"template":"","meta":{"_acf_changed":false,"_seopress_robots_primary_cat":"","_seopress_titles_title":"","_seopress_titles_desc":"Perunalannoite on kalsiumia, magnesiumia ja rikki\u00e4 sis\u00e4lt\u00e4v\u00e4 kompleksilannoite. Sis\u00e4lt\u00e4\u00e4 kaikkia perunan ja vihanneskasvien kehitykseen tarvittavia ravinteita. ","_seopress_robots_index":"","_gspb_post_css":""},"product_brand":[],"product_cat":[2392,2438,2460],"product_tag":[],"class_list":{"0":"post-41350","1":"product","2":"type-product","3":"status-publish","4":"has-post-thumbnail","6":"product_cat-kaikki-luokat","7":"product_cat-lannoitteet","8":"product_cat-puutarhalannoitteet","10":"first","11":"instock","12":"taxable","13":"shipping-taxable","14":"purchasable","15":"product-type-simple"},"ct_brands":[],"acf":[],"_links":{"self":[{"href":"https:\/\/agrozone.ee\/fi\/wp-json\/wp\/v2\/product\/41350","targetHints":{"allow":["GET"]}}],"collection":[{"href":"https:\/\/agrozone.ee\/fi\/wp-json\/wp\/v2\/product"}],"about":[{"href":"https:\/\/agrozone.ee\/fi\/wp-json\/wp\/v2\/types\/product"}],"wp:featuredmedia":[{"embeddable":true,"href":"https:\/\/agrozone.ee\/fi\/wp-json\/wp\/v2\/media\/49007"}],"wp:attachment":[{"href":"https:\/\/agrozone.ee\/fi\/wp-json\/wp\/v2\/media?parent=41350"}],"wp:term":[{"taxonomy":"product_brand","embeddable":true,"href":"https:\/\/agrozone.ee\/fi\/wp-json\/wp\/v2\/product_brand?post=41350"},{"taxonomy":"product_cat","embeddable":true,"href":"https:\/\/agrozone.ee\/fi\/wp-json\/wp\/v2\/product_cat?post=41350"},{"taxonomy":"product_tag","embeddable":true,"href":"https:\/\/agrozone.ee\/fi\/wp-json\/wp\/v2\/product_tag?post=41350"}],"curies":[{"name":"wp","href":"https:\/\/api.w.org\/{rel}","templated":true}]}}