{"id":41352,"date":"2024-06-09T15:58:56","date_gmt":"2024-06-09T13:58:56","guid":{"rendered":"https:\/\/agrozone.ee\/toode\/nestemainen-ruusulannoite-1-l\/"},"modified":"2024-06-09T15:58:56","modified_gmt":"2024-06-09T13:58:56","slug":"nestemainen-ruusulannoite-1-l","status":"publish","type":"product","link":"https:\/\/agrozone.ee\/fi\/tuote\/nestemainen-ruusulannoite-1-l\/","title":{"rendered":"Nestem\u00e4inen ruusulannoite 1 l"},"content":{"rendered":"<p><strong>Nestem\u00e4inen ruusulannoite 1 l<\/strong><\/p>\n<ul>\n<li>Nopeasti vaikuttava nestem\u00e4inen t\u00e4yslannoite erilaisten ruusulajien kasteluun.<\/li>\n<li>Nopeuttaa kukinnan alkamista ja edist\u00e4\u00e4 uusien kukkanuppujen muodostumista.<\/li>\n<li>Ruusut kukkivat runsaasti ja pitk\u00e4\u00e4n.<\/li>\n<li>Lannoitteessa oleva kalium vahvistaa kasveja, tekee kukkien tuoksun intensiivisemm\u00e4ksi ja lis\u00e4\u00e4 kasvien kylm\u00e4nkest\u00e4vyytt\u00e4 sek\u00e4 vastustuskyky\u00e4 ep\u00e4suotuisia kasvuolosuhteita ja tauteja vastaan.<\/li>\n<li>Lannoite on tasapainoisen koostumuksen omaava ja sis\u00e4lt\u00e4\u00e4 kaikkia kasveille t\u00e4rkeit\u00e4 ravinteita helposti omaksuttavassa muodossa.<\/li>\n<\/ul>\n<h3>K\u00e4ytt\u00f6ohjeet<\/h3>\n<ul>\n<li>Kastele kasveja lannoiteliuoksella maaliskuusta elokuuhun kerran viikossa.<\/li>\n<li>1 pullonkorkillinen nestem\u00e4ist\u00e4 lannoitetta liuotetaan 1 litraan vett\u00e4.<\/li>\n<\/ul>\n","protected":false},"excerpt":{"rendered":"<ul>\n<li>Nopeasti vaikuttava nestem\u00e4inen t\u00e4yslannoite erilaisten ruusulajien kasteluun.<\/li>\n<li>Nopeuttaa kukinnan alkamista ja edist\u00e4\u00e4 uusien kukkanuppujen muodostumista.<\/li>\n<li>Ruusut kukkivat runsaasti ja pitk\u00e4\u00e4n.<\/li>\n<li>Lannoitteessa oleva kalium vahvistaa kasveja, tekee kukkien tuoksun intensiivisemm\u00e4ksi ja lis\u00e4\u00e4 kasvien kylm\u00e4nkest\u00e4vyytt\u00e4 sek\u00e4 vastustuskyky\u00e4 ep\u00e4suotuisia kasvuolosuhteita ja tauteja vastaan.<\/li>\n<li>Lannoite on tasapainoisen koostumuksen omaava ja sis\u00e4lt\u00e4\u00e4 kaikkia kasveille t\u00e4rkeit\u00e4 ravinteita helposti omaksuttavassa muodossa.<\/li>\n<li>\n<\/li>\n<\/ul>\n","protected":false},"featured_media":41355,"template":"","meta":{"_acf_changed":false,"_seopress_robots_primary_cat":"","_seopress_titles_title":"","_seopress_titles_desc":"Nestem\u00e4inen ruusulannoite 1 l - Nopeasti vaikuttava nestem\u00e4inen t\u00e4yslannoite erilaisten ruusulajien kasteluun. Ruusut kukkivat runsaasti ja pitk\u00e4\u00e4n. ","_seopress_robots_index":"","_gspb_post_css":""},"product_brand":[],"product_cat":[2467,2392,2461,2438,2468,2460],"product_tag":[],"class_list":{"0":"post-41352","1":"product","2":"type-product","3":"status-publish","4":"has-post-thumbnail","6":"product_cat-huonekasvien-lannoitteet","7":"product_cat-kaikki-luokat","8":"product_cat-kasteluun-sekoitettava-lannoite","9":"product_cat-lannoitteet","10":"product_cat-nestemainen-lannoite","11":"product_cat-puutarhalannoitteet","13":"first","14":"instock","15":"taxable","16":"shipping-taxable","17":"purchasable","18":"product-type-simple"},"ct_brands":[],"acf":[],"_links":{"self":[{"href":"https:\/\/agrozone.ee\/fi\/wp-json\/wp\/v2\/product\/41352","targetHints":{"allow":["GET"]}}],"collection":[{"href":"https:\/\/agrozone.ee\/fi\/wp-json\/wp\/v2\/product"}],"about":[{"href":"https:\/\/agrozone.ee\/fi\/wp-json\/wp\/v2\/types\/product"}],"wp:featuredmedia":[{"embeddable":true,"href":"https:\/\/agrozone.ee\/fi\/wp-json\/wp\/v2\/media\/41355"}],"wp:attachment":[{"href":"https:\/\/agrozone.ee\/fi\/wp-json\/wp\/v2\/media?parent=41352"}],"wp:term":[{"taxonomy":"product_brand","embeddable":true,"href":"https:\/\/agrozone.ee\/fi\/wp-json\/wp\/v2\/product_brand?post=41352"},{"taxonomy":"product_cat","embeddable":true,"href":"https:\/\/agrozone.ee\/fi\/wp-json\/wp\/v2\/product_cat?post=41352"},{"taxonomy":"product_tag","embeddable":true,"href":"https:\/\/agrozone.ee\/fi\/wp-json\/wp\/v2\/product_tag?post=41352"}],"curies":[{"name":"wp","href":"https:\/\/api.w.org\/{rel}","templated":true}]}}