{"id":41354,"date":"2024-06-09T15:56:03","date_gmt":"2024-06-09T12:56:03","guid":{"rendered":"https:\/\/agrozone.ee\/toode\/perunalanoite-5-kg\/"},"modified":"2024-06-09T15:56:03","modified_gmt":"2024-06-09T13:56:03","slug":"perunalanoite-5-kg","status":"publish","type":"product","link":"https:\/\/agrozone.ee\/fi\/tuote\/perunalanoite-5-kg\/","title":{"rendered":"Perunalanoite 5 kg"},"content":{"rendered":"<p>Perunalannoite on kalsiumia, magnesiumia ja rikki\u00e4 sis\u00e4lt\u00e4v\u00e4 kompleksilannoite. Sis\u00e4lt\u00e4\u00e4 kaikkia perunan ja vihanneskasvien kehitykseen tarvittavia ravinteita. Vahvistaa kasveja ja tekee niist\u00e4 vastustuskykyisempi\u00e4 tauteja vastaan. Parantaa perunan ja juuresten laatua, makua ja s\u00e4ilyvyytt\u00e4, lis\u00e4\u00e4 satoa.   <\/p>\n<p>&nbsp;<\/p>\n<h3>K\u00e4ytt\u00f6ohjeet<\/h3>\n<p>Lannoite sekoitetaan tasaisesti maahan tai ripotellaan perunavakoon ennen perunoiden istutusta. K\u00e4ytet\u00e4\u00e4n sek\u00e4 perus- ett\u00e4 lis\u00e4lannoitteena.  K\u00c4YTT\u00d6OHJE. Vihanneskasvit, ruokaperuna kevyill\u00e4 mailla: 5-7 kg\/100 m\u00b2. Vihanneskasvit, ruokaperuna keskiraskailla mailla: 6-8 kg\/100 m\u00b2. Tomaatti, kurkku, paprika, meloni, kes\u00e4kurpitsa, munakoiso, tilli, salaatti, sipuli: 4-6 kg\/100 m\u00b2. Kaali, parsakaali: 8-11 kg\/100 m\u00b2. Porkkana, retiisi, punajuuri, perunat ja muut juurekset: 6-8 kg\/100 m\u00b2.    <\/p>\n","protected":false},"excerpt":{"rendered":"<p>Perunalannoite on kalsiumia, magnesiumia ja rikki\u00e4 sis\u00e4lt\u00e4v\u00e4 kompleksilannoite. Sis\u00e4lt\u00e4\u00e4 kaikkia perunan ja vihanneskasvien kehitykseen tarvittavia ravinteita. Vahvistaa kasveja ja tekee niist\u00e4 vastustuskykyisempi\u00e4 tauteja vastaan. Parantaa perunan ja juuresten laatua, makua ja s\u00e4ilyvyytt\u00e4, lis\u00e4\u00e4 satoa.   <\/p>\n","protected":false},"featured_media":41356,"template":"","meta":{"_acf_changed":false,"_seopress_robots_primary_cat":"","_seopress_titles_title":"","_seopress_titles_desc":"","_seopress_robots_index":"","_gspb_post_css":""},"product_brand":[],"product_cat":[2392,2438,2460],"product_tag":[],"class_list":{"0":"post-41354","1":"product","2":"type-product","3":"status-publish","4":"has-post-thumbnail","6":"product_cat-kaikki-luokat","7":"product_cat-lannoitteet","8":"product_cat-puutarhalannoitteet","10":"first","11":"instock","12":"taxable","13":"shipping-taxable","14":"purchasable","15":"product-type-simple"},"ct_brands":[],"acf":[],"_links":{"self":[{"href":"https:\/\/agrozone.ee\/fi\/wp-json\/wp\/v2\/product\/41354","targetHints":{"allow":["GET"]}}],"collection":[{"href":"https:\/\/agrozone.ee\/fi\/wp-json\/wp\/v2\/product"}],"about":[{"href":"https:\/\/agrozone.ee\/fi\/wp-json\/wp\/v2\/types\/product"}],"wp:featuredmedia":[{"embeddable":true,"href":"https:\/\/agrozone.ee\/fi\/wp-json\/wp\/v2\/media\/41356"}],"wp:attachment":[{"href":"https:\/\/agrozone.ee\/fi\/wp-json\/wp\/v2\/media?parent=41354"}],"wp:term":[{"taxonomy":"product_brand","embeddable":true,"href":"https:\/\/agrozone.ee\/fi\/wp-json\/wp\/v2\/product_brand?post=41354"},{"taxonomy":"product_cat","embeddable":true,"href":"https:\/\/agrozone.ee\/fi\/wp-json\/wp\/v2\/product_cat?post=41354"},{"taxonomy":"product_tag","embeddable":true,"href":"https:\/\/agrozone.ee\/fi\/wp-json\/wp\/v2\/product_tag?post=41354"}],"curies":[{"name":"wp","href":"https:\/\/api.w.org\/{rel}","templated":true}]}}