{"id":41357,"date":"2024-06-09T15:58:56","date_gmt":"2024-06-09T12:58:56","guid":{"rendered":"https:\/\/agrozone.ee\/toode\/viinirypaleen-kastelu-lannoite-300-g\/"},"modified":"2024-06-09T15:58:56","modified_gmt":"2024-06-09T13:58:56","slug":"viinirypaleen-kastelu-lannoite-300-g","status":"publish","type":"product","link":"https:\/\/agrozone.ee\/fi\/tuote\/viinirypaleen-kastelu-lannoite-300-g\/","title":{"rendered":"Viiniryp\u00e4leen kastelu lannoite 300 g"},"content":{"rendered":"<p>Nopeasti vaikuttava, veteen liukeneva lannoite, jossa on hivenaineita viinik\u00f6ynn\u00f6sten lannoitukseen. Lannoitus parantaa kasvien kasvua, varmistaa runsaan kukinnan ja hedelm\u00f6ityksen sek\u00e4 antaa maukkaan sadon. Tasapainoisesti ravitut kasvit ovat vastustuskykyisempi\u00e4 tuholaisia ja tauteja vastaan. Lannoite sis\u00e4lt\u00e4\u00e4 kaikkia kasvien kasvuun ja kehitykseen tarvittavia p\u00e4\u00e4ravinteita oikeassa suhteessa sek\u00e4 hivenaineita helposti omaksuttavassa muodossa.   <\/p>\n<p>&nbsp;<\/p>\n<h3>K\u00e4ytt\u00f6ohjeet<\/h3>\n<p>Liuota jauhe veteen ja kastele kasveja kahdella kukkurallisella mitallisella* 5 litraan vett\u00e4 valmistetulla liuoksella kerran viikossa. Lannoitetta suositellaan k\u00e4ytett\u00e4v\u00e4ksi kasvun alusta hein\u00e4kuuhun. *\u00c4mp\u00e4riss\u00e4 on mitallinen.   1 kukkuramitallinen lannoitetta = 2 g. 300 g riitt\u00e4\u00e4 600 litraan vett\u00e4. <\/p>\n","protected":false},"excerpt":{"rendered":"<p>Nopeasti vaikuttava, veteen liukeneva lannoite, jossa on hivenaineita viinik\u00f6ynn\u00f6sten lannoitukseen. Lannoitus parantaa kasvien kasvua, varmistaa runsaan kukinnan ja hedelm\u00f6ityksen sek\u00e4 antaa maukkaan sadon. Tasapainoisesti ravitut kasvit ovat vastustuskykyisempi\u00e4 tuholaisia ja tauteja vastaan. Lannoite sis\u00e4lt\u00e4\u00e4 kaikkia kasvien kasvuun ja kehitykseen tarvittavia p\u00e4\u00e4ravinteita oikeassa suhteessa sek\u00e4 hivenaineita helposti omaksuttavassa muodossa.   <\/p>\n","protected":false},"featured_media":57610,"template":"","meta":{"_acf_changed":false,"_seopress_robots_primary_cat":"","_seopress_titles_title":"","_seopress_titles_desc":"","_seopress_robots_index":"","_gspb_post_css":""},"product_brand":[],"product_cat":[2392,2461,2438,2460],"product_tag":[],"class_list":{"0":"post-41357","1":"product","2":"type-product","3":"status-publish","4":"has-post-thumbnail","6":"product_cat-kaikki-luokat","7":"product_cat-kasteluun-sekoitettava-lannoite","8":"product_cat-lannoitteet","9":"product_cat-puutarhalannoitteet","11":"first","12":"instock","13":"taxable","14":"shipping-taxable","15":"purchasable","16":"product-type-simple"},"ct_brands":[],"acf":[],"_links":{"self":[{"href":"https:\/\/agrozone.ee\/fi\/wp-json\/wp\/v2\/product\/41357","targetHints":{"allow":["GET"]}}],"collection":[{"href":"https:\/\/agrozone.ee\/fi\/wp-json\/wp\/v2\/product"}],"about":[{"href":"https:\/\/agrozone.ee\/fi\/wp-json\/wp\/v2\/types\/product"}],"wp:featuredmedia":[{"embeddable":true,"href":"https:\/\/agrozone.ee\/fi\/wp-json\/wp\/v2\/media\/57610"}],"wp:attachment":[{"href":"https:\/\/agrozone.ee\/fi\/wp-json\/wp\/v2\/media?parent=41357"}],"wp:term":[{"taxonomy":"product_brand","embeddable":true,"href":"https:\/\/agrozone.ee\/fi\/wp-json\/wp\/v2\/product_brand?post=41357"},{"taxonomy":"product_cat","embeddable":true,"href":"https:\/\/agrozone.ee\/fi\/wp-json\/wp\/v2\/product_cat?post=41357"},{"taxonomy":"product_tag","embeddable":true,"href":"https:\/\/agrozone.ee\/fi\/wp-json\/wp\/v2\/product_tag?post=41357"}],"curies":[{"name":"wp","href":"https:\/\/api.w.org\/{rel}","templated":true}]}}