{"id":41361,"date":"2024-06-09T15:55:19","date_gmt":"2024-06-09T12:55:19","guid":{"rendered":"https:\/\/agrozone.ee\/toode\/kananlannan-rakeet-10-l\/"},"modified":"2025-12-09T09:41:58","modified_gmt":"2025-12-09T07:41:58","slug":"kananlannan-rakeet-10-l","status":"publish","type":"product","link":"https:\/\/agrozone.ee\/fi\/tuote\/kananlannan-rakeet-10-l\/","title":{"rendered":"Kananlannan rakeet 10 l"},"content":{"rendered":"<p>Luonnollinen lannoite, kananlannan rakeet, parantaa maaper\u00e4n rakennetta ja edist\u00e4\u00e4 maaper\u00e4n mikro-organismien toimintaa. Kananlannan rakeet takaavat kasveille vahvan kasvun ja runsaan kukinnan sek\u00e4 lis\u00e4\u00e4v\u00e4t satoa. Suuri orgaanisen aineen pitoisuus auttaa s\u00e4ilytt\u00e4m\u00e4\u00e4n maaper\u00e4n hedelm\u00e4llisyytt\u00e4 ja parantaa maaper\u00e4n kyky\u00e4 pid\u00e4tt\u00e4\u00e4 kosteutta. Rakeet (2-5 mm) sis\u00e4lt\u00e4v\u00e4t luonnollisessa muodossa kaikkia p\u00e4\u00e4- ja hivenravinteita, joita kasvit tarvitsevat.   <\/p>\n<p>&nbsp;<\/p>\n<h3>K\u00e4ytt\u00f6ohjeet<\/h3>\n<p>Lannoitetta voi levitt\u00e4\u00e4 ennen maan muokkausta tai rakeet voi sekoittaa maahan maanmuokkauksen yhteydess\u00e4 kauden aikana ja kastella. Rakeet liukenevat hyvin kosketuksiin maan tai kosteuden kanssa. Kasteluvedeksi laimennetaan 0,25 l rakeita 10 litraan vett\u00e4. K\u00c4YTT\u00d6M\u00c4\u00c4R\u00c4T. Peruna, kaali, lanttu, nauris, selleri, purjo, sipuli, kurkku, raparperi, tomaatti, kurpitsa, retiisi, porkkana, salaatti, pinaatti, persilja, tilli, herne, papu, rohdoskasvit: 1-4 l\/10 m\u00b2. Koristekasvit \u2013 lehtipuut, pensaat, k\u00f6ynn\u00f6skasvit, ruusut, kukkaryhm\u00e4t: 2-3 l\/10 m\u00b2. Marjakasvit \u2013 mansikat, vadelmat, herukat ym.: 1-5 l\/10 m\u00b2. Hedelm\u00e4puut \u2013 omena-, kirsikka-, p\u00e4\u00e4ryn\u00e4- ja luumupuut: 2-3,5 l\/puu. Nurmikon perustamisessa: 1-1,5 l\/10 m\u00b2. Havupuut ja kivikkokasvit: 1,5-2 l\/10 m\u00b2. Parvekekasvit \u2013 laatikon koosta riippuen sekoitetaan maahan: 0,5-1,5 l lannoitetta. 10 l = 100 m\u00b2.<\/p>\n","protected":false},"excerpt":{"rendered":"<p>Luonnollinen lannoite, kananlannan rakeet, parantaa maaper\u00e4n rakennetta ja edist\u00e4\u00e4 maaper\u00e4n mikro-organismien toimintaa. Kananlannan rakeet takaavat kasveille vahvan kasvun ja runsaan kukinnan sek\u00e4 lis\u00e4\u00e4v\u00e4t satoa. Suuri orgaanisen aineen pitoisuus auttaa s\u00e4ilytt\u00e4m\u00e4\u00e4n maaper\u00e4n hedelm\u00e4llisyytt\u00e4 ja parantaa maaper\u00e4n kyky\u00e4 pid\u00e4tt\u00e4\u00e4 kosteutta. Rakeet (2-5 mm) sis\u00e4lt\u00e4v\u00e4t luonnollisessa muodossa kaikkia p\u00e4\u00e4- ja hivenravinteita, joita kasvit tarvitsevat.   <\/p>\n","protected":false},"featured_media":41363,"template":"","meta":{"_acf_changed":false,"_seopress_robots_primary_cat":"","_seopress_titles_title":"","_seopress_titles_desc":"","_seopress_robots_index":"","_gspb_post_css":""},"product_brand":[],"product_cat":[2392,2438,2398,2396,2460],"product_tag":[],"class_list":{"0":"post-41361","1":"product","2":"type-product","3":"status-publish","4":"has-post-thumbnail","6":"product_cat-kaikki-luokat","7":"product_cat-lannoitteet","8":"product_cat-luonnonmukaiset-lannoitteet","9":"product_cat-luomuviljely","10":"product_cat-puutarhalannoitteet","12":"first","13":"instock","14":"taxable","15":"shipping-taxable","16":"purchasable","17":"product-type-simple"},"ct_brands":[],"acf":[],"_links":{"self":[{"href":"https:\/\/agrozone.ee\/fi\/wp-json\/wp\/v2\/product\/41361","targetHints":{"allow":["GET"]}}],"collection":[{"href":"https:\/\/agrozone.ee\/fi\/wp-json\/wp\/v2\/product"}],"about":[{"href":"https:\/\/agrozone.ee\/fi\/wp-json\/wp\/v2\/types\/product"}],"wp:featuredmedia":[{"embeddable":true,"href":"https:\/\/agrozone.ee\/fi\/wp-json\/wp\/v2\/media\/41363"}],"wp:attachment":[{"href":"https:\/\/agrozone.ee\/fi\/wp-json\/wp\/v2\/media?parent=41361"}],"wp:term":[{"taxonomy":"product_brand","embeddable":true,"href":"https:\/\/agrozone.ee\/fi\/wp-json\/wp\/v2\/product_brand?post=41361"},{"taxonomy":"product_cat","embeddable":true,"href":"https:\/\/agrozone.ee\/fi\/wp-json\/wp\/v2\/product_cat?post=41361"},{"taxonomy":"product_tag","embeddable":true,"href":"https:\/\/agrozone.ee\/fi\/wp-json\/wp\/v2\/product_tag?post=41361"}],"curies":[{"name":"wp","href":"https:\/\/api.w.org\/{rel}","templated":true}]}}