{"id":41365,"date":"2024-06-09T15:55:40","date_gmt":"2024-06-09T12:55:40","guid":{"rendered":"https:\/\/agrozone.ee\/toode\/kananlannan-rakeet-4-l\/"},"modified":"2025-12-09T09:42:06","modified_gmt":"2025-12-09T07:42:06","slug":"kananlannan-rakeet-4-l","status":"publish","type":"product","link":"https:\/\/agrozone.ee\/fi\/tuote\/kananlannan-rakeet-4-l\/","title":{"rendered":"Kananlannan rakeet 4 l"},"content":{"rendered":"<p>Kananlannan rakeet ovat luonnonmukainen lannoite, joka sopii erinomaisesti kaikille puutarha- ja huonekasveille. Se sis\u00e4lt\u00e4\u00e4 luonnollisessa muodossa kaikki kasvien kasvuun ja kehitykseen tarvittavat ravinteet. Lannoite varmistaa kasvien vahvan kasvun ja runsaan kukinnan sek\u00e4 lis\u00e4\u00e4 satoa. Lis\u00e4ksi se parantaa maaper\u00e4n rakennetta ja edist\u00e4\u00e4 maaper\u00e4eli\u00f6iden toimintaa, mik\u00e4 auttaa yll\u00e4pit\u00e4m\u00e4\u00e4n maaper\u00e4n hedelm\u00e4llisyytt\u00e4 ja kosteuden s\u00e4ilymist\u00e4.   <\/p>\n<p data-sourcepos=\"17:1-17:12\"><strong>Edut:<\/strong><\/p>\n<ul data-sourcepos=\"19:1-25:0\">\n<li data-sourcepos=\"19:1-19:16\">100 % luonnollinen<\/li>\n<li data-sourcepos=\"20:1-20:27\">Sopii kaikille kasveille<\/li>\n<li data-sourcepos=\"21:1-21:17\">Helppo k\u00e4ytt\u00e4\u00e4<\/li>\n<li data-sourcepos=\"22:1-22:16\">Vahvistaa kasveja<\/li>\n<li data-sourcepos=\"23:1-23:21\">Lis\u00e4\u00e4 tuottoa<\/li>\n<li data-sourcepos=\"24:1-25:0\">Parantaa maaper\u00e4n hedelm\u00e4llisyytt\u00e4<\/li>\n<\/ul>\n<h3>K\u00e4ytt\u00f6ohjeet<\/h3>\n<ul>\n<li>Lannoitetta voi levitt\u00e4\u00e4 ennen maan muokkausta tai rakeet voi sekoittaa maahan maanmuokkauksen yhteydess\u00e4 kauden aikana ja kastella.<\/li>\n<li>Rakeet liukenevat hyvin kosketuksiin maan tai kosteuden kanssa.<\/li>\n<li>Kasteluvedeksi laimennetaan 0,25 l rakeita 10 litraan vett\u00e4.<\/li>\n<\/ul>\n<p>K\u00c4YTT\u00d6M\u00c4\u00c4R\u00c4T.<\/p>\n<ul>\n<li>Peruna, kaali, lanttu, nauris, selleri, purjo, sipuli, kurkku, raparperi, tomaatti, kurpitsa, retiisi, porkkana, salaatti, pinaatti, persilja, tilli, herne, papu, rohdoskasvit: 1-4 l\/10 m\u00b2.<\/li>\n<li>Koristekasvit \u2013 lehtipuut, pensaat, k\u00f6ynn\u00f6skasvit, ruusut, kukkaryhm\u00e4t: 2-3 l\/10 m\u00b2.<\/li>\n<li>Marjakasvit \u2013 mansikat, vadelmat, herukat ym.: 1-5 l\/10 m\u00b2.<\/li>\n<li>Hedelm\u00e4puut \u2013 omena-, kirsikka-, p\u00e4\u00e4ryn\u00e4- ja luumupuut: 2-3,5 l\/puu.<\/li>\n<li>Nurmikon perustamisessa: 1-1,5 l\/10 m\u00b2.<\/li>\n<li>Havupuut ja kivikkokasvit: 1,5-2 l\/10 m\u00b2.<\/li>\n<li>Parvekekasvit &#8211; sekoita multaan 0,5-1,5 l lannoitetta laatikon koosta riippuen.<\/li>\n<\/ul>\n<p>4 l = 40 m\u00b2.<\/p>\n","protected":false},"excerpt":{"rendered":"<ul>\n<li>Luonnollinen lannoite kaikille kasveille.<\/li>\n<li>Sis\u00e4lt\u00e4\u00e4 kaikki kasvien kasvuun tarvittavat ravinteet.<\/li>\n<li>Vahvistaa kasveja, edist\u00e4\u00e4 kukintaa ja lis\u00e4\u00e4 satoa.<\/li>\n<li>Parantaa maaper\u00e4n hedelm\u00e4llisyytt\u00e4 ja stimuloi maaper\u00e4n eli\u00f6it\u00e4.<\/li>\n<\/ul>\n","protected":false},"featured_media":42034,"template":"","meta":{"_acf_changed":false,"_seopress_robots_primary_cat":"none","_seopress_titles_title":"","_seopress_titles_desc":"","_seopress_robots_index":"","_gspb_post_css":""},"product_brand":[],"product_cat":[2392,2438,2398,2396,2460],"product_tag":[],"class_list":{"0":"post-41365","1":"product","2":"type-product","3":"status-publish","4":"has-post-thumbnail","6":"product_cat-kaikki-luokat","7":"product_cat-lannoitteet","8":"product_cat-luonnonmukaiset-lannoitteet","9":"product_cat-luomuviljely","10":"product_cat-puutarhalannoitteet","12":"first","13":"instock","14":"taxable","15":"shipping-taxable","16":"purchasable","17":"product-type-simple"},"ct_brands":[],"acf":[],"_links":{"self":[{"href":"https:\/\/agrozone.ee\/fi\/wp-json\/wp\/v2\/product\/41365","targetHints":{"allow":["GET"]}}],"collection":[{"href":"https:\/\/agrozone.ee\/fi\/wp-json\/wp\/v2\/product"}],"about":[{"href":"https:\/\/agrozone.ee\/fi\/wp-json\/wp\/v2\/types\/product"}],"wp:featuredmedia":[{"embeddable":true,"href":"https:\/\/agrozone.ee\/fi\/wp-json\/wp\/v2\/media\/42034"}],"wp:attachment":[{"href":"https:\/\/agrozone.ee\/fi\/wp-json\/wp\/v2\/media?parent=41365"}],"wp:term":[{"taxonomy":"product_brand","embeddable":true,"href":"https:\/\/agrozone.ee\/fi\/wp-json\/wp\/v2\/product_brand?post=41365"},{"taxonomy":"product_cat","embeddable":true,"href":"https:\/\/agrozone.ee\/fi\/wp-json\/wp\/v2\/product_cat?post=41365"},{"taxonomy":"product_tag","embeddable":true,"href":"https:\/\/agrozone.ee\/fi\/wp-json\/wp\/v2\/product_tag?post=41365"}],"curies":[{"name":"wp","href":"https:\/\/api.w.org\/{rel}","templated":true}]}}