{"id":41369,"date":"2024-06-09T15:56:24","date_gmt":"2024-06-09T12:56:24","guid":{"rendered":"https:\/\/agrozone.ee\/toode\/mansikka-ja-marjalannoite-1-kg\/"},"modified":"2024-06-09T15:56:24","modified_gmt":"2024-06-09T13:56:24","slug":"mansikka-ja-marjalannoite-1-kg","status":"publish","type":"product","link":"https:\/\/agrozone.ee\/fi\/tuote\/mansikka-ja-marjalannoite-1-kg\/","title":{"rendered":"Mansikka- ja marjalannoite 1 kg"},"content":{"rendered":"<p>Mansikka- ja marjalannoite sopii mansikan, vadelman, herukoiden, tyrnin, aronian, karviaisen ja muiden marjakasvien lannoitukseen. Vahvistaa kasvia, lis\u00e4\u00e4 satoa ja pident\u00e4\u00e4 marjojen kypsymisaikaa. Kyps\u00e4t marjat ovat maukkaita ja terveellisi\u00e4.  <\/p>\n<p>&nbsp;<\/p>\n<h3>K\u00e4ytt\u00f6ohjeet<\/h3>\n<p>Lannoita kaksi kertaa kasvukauden aikana: I lannoitus kev\u00e4\u00e4ll\u00e4 (huhtikuun loppu &#8211; toukokuun alku), II lannoitus heti sadonkorjuun j\u00e4lkeen. Levit\u00e4 lannoite kasvin ymp\u00e4rille, sekoita maahan ja kastele sitten kasveja. Lannoita tyrni\u00e4 kerran kev\u00e4\u00e4ll\u00e4. Elokuun puoliv\u00e4list\u00e4 l\u00e4htien lannoita marjakasveja syyslannoitteella. Mansikan taimia istutettaessa peruslannoitteeksi 50 g\/m\u00b2, sekoita maahan ennen istutusta tai istutuksen aikana. Kasvukauden aikainen lannoitus 8-10 g (1 tl) kasvia kohti. Herukat, tyrni, karviainen, aronia \u2013 40-90 g\/m\u00b2. 1 kg = 25 m\u00b2.       <\/p>\n","protected":false},"excerpt":{"rendered":"<p>Mansikka- ja marjalannoite sopii mansikan, vadelman, herukoiden, tyrnin, aronian, karviaisen ja muiden marjakasvien lannoitukseen. Vahvistaa kasvia, lis\u00e4\u00e4 satoa ja pident\u00e4\u00e4 marjojen kypsymisaikaa. Kyps\u00e4t marjat ovat maukkaita ja terveellisi\u00e4.  <\/p>\n","protected":false},"featured_media":41371,"template":"","meta":{"_acf_changed":false,"_seopress_robots_primary_cat":"","_seopress_titles_title":"","_seopress_titles_desc":"","_seopress_robots_index":"","_gspb_post_css":""},"product_brand":[],"product_cat":[2392,2438,2460],"product_tag":[],"class_list":{"0":"post-41369","1":"product","2":"type-product","3":"status-publish","4":"has-post-thumbnail","6":"product_cat-kaikki-luokat","7":"product_cat-lannoitteet","8":"product_cat-puutarhalannoitteet","10":"first","11":"instock","12":"taxable","13":"shipping-taxable","14":"purchasable","15":"product-type-simple"},"ct_brands":[],"acf":[],"_links":{"self":[{"href":"https:\/\/agrozone.ee\/fi\/wp-json\/wp\/v2\/product\/41369","targetHints":{"allow":["GET"]}}],"collection":[{"href":"https:\/\/agrozone.ee\/fi\/wp-json\/wp\/v2\/product"}],"about":[{"href":"https:\/\/agrozone.ee\/fi\/wp-json\/wp\/v2\/types\/product"}],"wp:featuredmedia":[{"embeddable":true,"href":"https:\/\/agrozone.ee\/fi\/wp-json\/wp\/v2\/media\/41371"}],"wp:attachment":[{"href":"https:\/\/agrozone.ee\/fi\/wp-json\/wp\/v2\/media?parent=41369"}],"wp:term":[{"taxonomy":"product_brand","embeddable":true,"href":"https:\/\/agrozone.ee\/fi\/wp-json\/wp\/v2\/product_brand?post=41369"},{"taxonomy":"product_cat","embeddable":true,"href":"https:\/\/agrozone.ee\/fi\/wp-json\/wp\/v2\/product_cat?post=41369"},{"taxonomy":"product_tag","embeddable":true,"href":"https:\/\/agrozone.ee\/fi\/wp-json\/wp\/v2\/product_tag?post=41369"}],"curies":[{"name":"wp","href":"https:\/\/api.w.org\/{rel}","templated":true}]}}