{"id":41370,"date":"2024-06-09T15:55:40","date_gmt":"2024-06-09T12:55:40","guid":{"rendered":"https:\/\/agrozone.ee\/toode\/karbamidi-1-kg\/"},"modified":"2024-06-09T15:55:40","modified_gmt":"2024-06-09T13:55:40","slug":"karbamidi-1-kg","status":"publish","type":"product","link":"https:\/\/agrozone.ee\/fi\/tuote\/karbamidi-1-kg\/","title":{"rendered":"Karbamidi 1 kg"},"content":{"rendered":"<p>Karbamidi on v\u00e4kev\u00e4 (N 46 %) veteen liukeneva typpilannoite puutarhakasveille kylv\u00f6\u00e4 edelt\u00e4v\u00e4\u00e4n tai kasvukauden aikana tapahtuvaan lannoitukseen, sopii my\u00f6s tuholaisten ja tautien torjuntaan.<\/p>\n<h4>K\u00e4ytt\u00f6ohjeet<\/h4>\n<ul>\n<li>Karbamidi rakeet sekoitetaan maahan tai niist\u00e4 valmistetaan kastelu- tai ruiskutusliuos.<\/li>\n<li>Hedelm\u00e4puita ja pensaita lannoitetaan lehtien kautta kukintaan asti (1-2 % liuoksella).<\/li>\n<li>Kasteluliuokseksi otetaan 10 litraan vett\u00e4 5-7 g neli\u00f6metri\u00e4 kohti.<\/li>\n<li>Ruiskuttamalla tuhotaan tuholaisten (kirvat, omenapuiden lehtikuoriaiset, punkit ym.) munat, toukat ja taudinaiheuttajat.<\/li>\n<li>Omenapuita ruiskutetaan hedelm\u00e4rupea vastaan ennen lehtien putoamista syksyll\u00e4 liuoksella 500 g\/100 l vett\u00e4, kev\u00e4\u00e4ll\u00e4 ennen silmujen puhkeamista 500-800 g\/100 l vett\u00e4, kirsikkapuita luumarjojen m\u00e4t\u00e4\u00e4 vastaan aikaisin kev\u00e4\u00e4ll\u00e4 ennen silmujen puhkeamista 300-500 g\/10 l vett\u00e4.<\/li>\n<li>Luumupuita ruiskutetaan m\u00e4t\u00e4\u00e4 vastaan syksyll\u00e4 sadonkorjuun j\u00e4lkeen liuoksella 400 g\/10 l vett\u00e4.<\/li>\n<\/ul>\n<p><strong>K\u00c4YTT\u00d6M\u00c4\u00c4R\u00c4T:<\/strong><\/p>\n<ul>\n<li>Pinta lannoitettaessa: 10-30 g\/m\u00b2.<\/li>\n<li>Hedelm\u00e4puut: 25-30 g\/m\u00b2.<\/li>\n<li>Mansikka, vadelma, sipuli, salaatti, kurkku, porkkana: 15-20 g\/m\u00b2.<\/li>\n<li>Punajuuri, peruna, tomaatti: 10-15 g\/m\u00b2.<\/li>\n<li>Karviainen ja herukat: 20-30 g pensasta kohti.<\/li>\n<\/ul>\n","protected":false},"excerpt":{"rendered":"<p>Karbamidi on v\u00e4kev\u00e4 (N 46 %) veteen liukeneva typpilannoite puutarhakasveille kylv\u00f6\u00e4 edelt\u00e4v\u00e4\u00e4n tai kasvukauden aikana tapahtuvaan lannoitukseen, sopii my\u00f6s tuholaisten ja tautien torjuntaan.<\/p>\n","protected":false},"featured_media":41918,"template":"","meta":{"_acf_changed":false,"_seopress_robots_primary_cat":"","_seopress_titles_title":"","_seopress_titles_desc":"Karbamidi on v\u00e4kev\u00e4 (N 46 %) veteen liukeneva typpilannoite puutarhakasveille kylv\u00f6\u00e4 edelt\u00e4v\u00e4\u00e4n tai kasvukauden aikana tapahtuvaan lannoitukseen.","_seopress_robots_index":"","_gspb_post_css":""},"product_brand":[],"product_cat":[2392,2438,2460],"product_tag":[],"class_list":{"0":"post-41370","1":"product","2":"type-product","3":"status-publish","4":"has-post-thumbnail","6":"product_cat-kaikki-luokat","7":"product_cat-lannoitteet","8":"product_cat-puutarhalannoitteet","10":"first","11":"instock","12":"taxable","13":"shipping-taxable","14":"purchasable","15":"product-type-simple"},"ct_brands":[],"acf":[],"_links":{"self":[{"href":"https:\/\/agrozone.ee\/fi\/wp-json\/wp\/v2\/product\/41370","targetHints":{"allow":["GET"]}}],"collection":[{"href":"https:\/\/agrozone.ee\/fi\/wp-json\/wp\/v2\/product"}],"about":[{"href":"https:\/\/agrozone.ee\/fi\/wp-json\/wp\/v2\/types\/product"}],"wp:featuredmedia":[{"embeddable":true,"href":"https:\/\/agrozone.ee\/fi\/wp-json\/wp\/v2\/media\/41918"}],"wp:attachment":[{"href":"https:\/\/agrozone.ee\/fi\/wp-json\/wp\/v2\/media?parent=41370"}],"wp:term":[{"taxonomy":"product_brand","embeddable":true,"href":"https:\/\/agrozone.ee\/fi\/wp-json\/wp\/v2\/product_brand?post=41370"},{"taxonomy":"product_cat","embeddable":true,"href":"https:\/\/agrozone.ee\/fi\/wp-json\/wp\/v2\/product_cat?post=41370"},{"taxonomy":"product_tag","embeddable":true,"href":"https:\/\/agrozone.ee\/fi\/wp-json\/wp\/v2\/product_tag?post=41370"}],"curies":[{"name":"wp","href":"https:\/\/api.w.org\/{rel}","templated":true}]}}