{"id":41381,"date":"2024-06-09T15:57:08","date_gmt":"2024-06-09T12:57:08","guid":{"rendered":"https:\/\/agrozone.ee\/toode\/raudsulfaatti-800-g\/"},"modified":"2026-01-16T08:46:44","modified_gmt":"2026-01-16T06:46:44","slug":"raudsulfaatti-800-g","status":"publish","type":"product","link":"https:\/\/agrozone.ee\/fi\/tuote\/raudsulfaatti-800-g\/","title":{"rendered":"Raudsulfaatti 800 g"},"content":{"rendered":"<p data-path-to-node=\"15,0\"><b data-path-to-node=\"15,0\" data-index-in-node=\"0\">Saavuta sammaleeton nurmikko ja terve hedelm\u00e4tarha yhdell\u00e4 tuotteella.<\/b><\/p>\n<p data-path-to-node=\"15,1\">Jos puutarhassasi levitt\u00e4ytyy sammal tai jos huollettavana on suurempi m\u00e4\u00e4r\u00e4 hedelm\u00e4puita, Agrozone 800 g rautasulfaatti on taloudellinen ja tehokas valinta. T\u00e4m\u00e4 suurempi pakkaus on korvaamaton apulainen kev\u00e4\u00e4ll\u00e4 ja syksyll\u00e4, kun puutarha kaipaa yleist\u00e4 ennaltaehk\u00e4isy\u00e4 sienitauteja ja tuhoel\u00e4imi\u00e4 vastaan. <\/p>\n<p data-path-to-node=\"15,2\"><b data-path-to-node=\"15,2\" data-index-in-node=\"0\">T\u00e4rkeimm\u00e4t edut:<\/b><\/p>\n<ul data-path-to-node=\"15,3\">\n<li>\n<p data-path-to-node=\"15,3,0,0\"><b data-path-to-node=\"15,3,0,0\" data-index-in-node=\"0\">Nurmikun uudistaja:<\/b> Rautasulfaatti on yksi tunnetuimmista keinoista nurmikon sammaleen torjuntaan \u2013 se kuivattaa sammaleen, joka on sen j\u00e4lkeen helppo haravoida pois, antaen nurmikolle uutta elinvoimaa.<\/p>\n<\/li>\n<li>\n<p data-path-to-node=\"15,3,1,0\"><b data-path-to-node=\"15,3,1,0\" data-index-in-node=\"0\">Yleisk\u00e4ytt\u00f6inen suoja:<\/b> Sopii laaja-alaiseen torjuntaan karviaish\u00e4rm\u00e4\u00e4, herukanvilttiruostetta ja hedelm\u00e4puiden lehtilaikkutautia vastaan.<\/p>\n<\/li>\n<li>\n<p data-path-to-node=\"15,3,2,0\"><b data-path-to-node=\"15,3,2,0\" data-index-in-node=\"0\">Rungonvalkaisun lis\u00e4aine:<\/b> Sopii sekoitettavaksi rungonvalkaisuaineeseen tarjoamaan puille pitk\u00e4aikaista suojaa.<\/p>\n<\/li>\n<\/ul>\n<p data-path-to-node=\"15,4\"><b data-path-to-node=\"15,4\" data-index-in-node=\"0\">K\u00e4ytt\u00f6 suuressa puutarhassa:<\/b> <b data-path-to-node=\"15,4\" data-index-in-node=\"24\">Sammaloituneelle nurmikolle:<\/b> Ripottele rakeita suoraan ongelmakohtiin tai kastele liuoksella (200 g 10 litraan vett\u00e4 kohden peitt\u00e4\u00e4 noin 20 m\u00b2).<\/p>\n<p data-path-to-node=\"15,4\"><b data-path-to-node=\"15,4\" data-index-in-node=\"148\">Ruiskutus:<\/b> T\u00e4st\u00e4 pakkauksesta riitt\u00e4\u00e4 noin 16\u201325 litraan ruiskutusliuosta (3\u20135 % liuos), mik\u00e4 kattaa koko keskikokoisen kotipuutarhan tarpeet.<\/p>\n","protected":false},"excerpt":{"rendered":"<p>Rauta(II)sulfaattiliuoksella ruiskuttaminen aikaisin kev\u00e4\u00e4ll\u00e4 ennen silmujen puhkeamista torjuu omenan ja p\u00e4\u00e4ryn\u00e4n rupea, hedelm\u00e4hometta, hedelm\u00e4puiden ja marjapensaiden lehtihomeita, karviaisen h\u00e4rm\u00e4\u00e4, herukan ruostetta, karviaismarjan tulehdusta, ruusun h\u00e4rm\u00e4\u00e4 ja ruusun ruostetta. Rauta(II)sulfaatti tuhoaa tehokkaasti sammalia ja j\u00e4k\u00e4li\u00e4 sek\u00e4 puunrungoista ett\u00e4 nurmikolta. <\/p>\n","protected":false},"featured_media":56777,"template":"","meta":{"_acf_changed":false,"_seopress_robots_primary_cat":"none","_seopress_titles_title":"Rautasulfaatti 800 g \u2013 Sammaleenpoistaja nurmikolle ja puutarhan yleissuoja | Agrozone","_seopress_titles_desc":"Vapaudu nurmikon sammaleesta ja suojaa koko puutarha! Rautasulfaatti (800 g) on tehokas v\u00e4line laajempaan torjuntaty\u00f6h\u00f6n. Tehoaa sammaleeseen ja kasvitauteihin. Tilaa t\u00e4st\u00e4!   ","_seopress_robots_index":"","_gspb_post_css":""},"product_brand":[],"product_cat":[2392,2438,2460],"product_tag":[],"class_list":{"0":"post-41381","1":"product","2":"type-product","3":"status-publish","4":"has-post-thumbnail","6":"product_cat-kaikki-luokat","7":"product_cat-lannoitteet","8":"product_cat-puutarhalannoitteet","10":"first","11":"instock","12":"taxable","13":"shipping-taxable","14":"purchasable","15":"product-type-simple"},"ct_brands":[],"acf":[],"_links":{"self":[{"href":"https:\/\/agrozone.ee\/fi\/wp-json\/wp\/v2\/product\/41381","targetHints":{"allow":["GET"]}}],"collection":[{"href":"https:\/\/agrozone.ee\/fi\/wp-json\/wp\/v2\/product"}],"about":[{"href":"https:\/\/agrozone.ee\/fi\/wp-json\/wp\/v2\/types\/product"}],"wp:featuredmedia":[{"embeddable":true,"href":"https:\/\/agrozone.ee\/fi\/wp-json\/wp\/v2\/media\/56777"}],"wp:attachment":[{"href":"https:\/\/agrozone.ee\/fi\/wp-json\/wp\/v2\/media?parent=41381"}],"wp:term":[{"taxonomy":"product_brand","embeddable":true,"href":"https:\/\/agrozone.ee\/fi\/wp-json\/wp\/v2\/product_brand?post=41381"},{"taxonomy":"product_cat","embeddable":true,"href":"https:\/\/agrozone.ee\/fi\/wp-json\/wp\/v2\/product_cat?post=41381"},{"taxonomy":"product_tag","embeddable":true,"href":"https:\/\/agrozone.ee\/fi\/wp-json\/wp\/v2\/product_tag?post=41381"}],"curies":[{"name":"wp","href":"https:\/\/api.w.org\/{rel}","templated":true}]}}