{"id":41382,"date":"2024-06-09T15:56:03","date_gmt":"2024-06-09T12:56:03","guid":{"rendered":"https:\/\/agrozone.ee\/toode\/kevalannoite-3-kg\/"},"modified":"2024-06-09T15:56:03","modified_gmt":"2024-06-09T13:56:03","slug":"kevalannoite-3-kg","status":"publish","type":"product","link":"https:\/\/agrozone.ee\/fi\/tuote\/kevalannoite-3-kg\/","title":{"rendered":"Kev\u00e4lannoite 3 kg"},"content":{"rendered":"<p>Kev\u00e4tlannoite sopii tomaattien, kurkkujen, perunoiden, mansikoiden, perennojen ja kes\u00e4kukkien, puutarha- ja peltokasvien, hedelm\u00e4puiden, nurmikon, ruusujen, havupuiden ja kaikkien muiden ulko- ja kasvihuonekasvien lannoittamiseen. Sis\u00e4lt\u00e4\u00e4 kaikkia kasvien kasvuun ja kehitykseen tarvittavia ravinteita sopivassa suhteessa. Lannoitteen k\u00e4ytt\u00f6 varmistaa kasvien hyv\u00e4n kasvun, runsaan kukinnan ja laadukkaan sadon!<\/p>\n<p>&nbsp;<\/p>\n<h3>K\u00e4ytt\u00f6ohjeet<\/h3>\n<p>K\u00e4yt\u00e4 aikaisin kev\u00e4\u00e4st\u00e4 my\u00f6h\u00e4iseen kes\u00e4\u00e4n (maaliskuusta elokuuhun) 2\u20133 kertaa kasvukauden aikana. Levit\u00e4 lannoite tasaisesti ja sekoita maahan. Lannoituksen j\u00e4lkeen on suositeltavaa kastella kasveja. Normi sekoitettaessa kasvuturpeeseen: 1,3-1,8 kg\/m\u00b3. Suositus: k\u00e4yt\u00e4 orgaanista ja mineraalilannoitetta yhdess\u00e4. Orgaaninen lannoite, kananlanta rakeina, parantaa maaper\u00e4n rakennetta ja el\u00e4v\u00f6itt\u00e4\u00e4 maaper\u00e4n mikro-organismien toimintaa. Lannoitettaessa sekoita kev\u00e4tlannoite kananlannan rakeisiin suositellun normin mukaisesti. 3 kg = 90 m\u00b2.   <\/p>\n","protected":false},"excerpt":{"rendered":"<p>Kev\u00e4tlannoite sopii tomaattien, kurkkujen, perunoiden, mansikoiden, perennojen ja kes\u00e4kukkien, puutarha- ja peltokasvien, hedelm\u00e4puiden, nurmikon, ruusujen, havupuiden ja kaikkien muiden ulko- ja kasvihuonekasvien lannoittamiseen. Sis\u00e4lt\u00e4\u00e4 kaikkia kasvien kasvuun ja kehitykseen tarvittavia ravinteita sopivassa suhteessa. Lannoitteen k\u00e4ytt\u00f6 varmistaa kasvien hyv\u00e4n kasvun, runsaan kukinnan ja laadukkaan sadon!<\/p>\n","protected":false},"featured_media":49245,"template":"","meta":{"_acf_changed":false,"_seopress_robots_primary_cat":"","_seopress_titles_title":"","_seopress_titles_desc":"","_seopress_robots_index":"","_gspb_post_css":""},"product_brand":[],"product_cat":[2392,2462,2438,2460],"product_tag":[],"class_list":{"0":"post-41382","1":"product","2":"type-product","3":"status-publish","4":"has-post-thumbnail","6":"product_cat-kaikki-luokat","7":"product_cat-kevat","8":"product_cat-lannoitteet","9":"product_cat-puutarhalannoitteet","11":"first","12":"instock","13":"taxable","14":"shipping-taxable","15":"purchasable","16":"product-type-simple"},"ct_brands":[],"acf":[],"_links":{"self":[{"href":"https:\/\/agrozone.ee\/fi\/wp-json\/wp\/v2\/product\/41382","targetHints":{"allow":["GET"]}}],"collection":[{"href":"https:\/\/agrozone.ee\/fi\/wp-json\/wp\/v2\/product"}],"about":[{"href":"https:\/\/agrozone.ee\/fi\/wp-json\/wp\/v2\/types\/product"}],"wp:featuredmedia":[{"embeddable":true,"href":"https:\/\/agrozone.ee\/fi\/wp-json\/wp\/v2\/media\/49245"}],"wp:attachment":[{"href":"https:\/\/agrozone.ee\/fi\/wp-json\/wp\/v2\/media?parent=41382"}],"wp:term":[{"taxonomy":"product_brand","embeddable":true,"href":"https:\/\/agrozone.ee\/fi\/wp-json\/wp\/v2\/product_brand?post=41382"},{"taxonomy":"product_cat","embeddable":true,"href":"https:\/\/agrozone.ee\/fi\/wp-json\/wp\/v2\/product_cat?post=41382"},{"taxonomy":"product_tag","embeddable":true,"href":"https:\/\/agrozone.ee\/fi\/wp-json\/wp\/v2\/product_tag?post=41382"}],"curies":[{"name":"wp","href":"https:\/\/api.w.org\/{rel}","templated":true}]}}