{"id":41385,"date":"2024-06-09T15:57:08","date_gmt":"2024-06-09T12:57:08","guid":{"rendered":"https:\/\/agrozone.ee\/toode\/rautaiisulfaatti-300-g\/"},"modified":"2026-01-16T08:43:21","modified_gmt":"2026-01-16T06:43:21","slug":"rautaiisulfaatti-300-g","status":"publish","type":"product","link":"https:\/\/agrozone.ee\/fi\/tuote\/rautaiisulfaatti-300-g\/","title":{"rendered":"Rauta(II)sulfaatti 300 g"},"content":{"rendered":"<p data-path-to-node=\"9,0\"><b data-path-to-node=\"9,0\" data-index-in-node=\"0\">Pid\u00e4 huolta koristekasviesi ja hedelm\u00e4puiden terveydest\u00e4 t\u00e4sm\u00e4llisesti ja tehokkaasti.<\/b><\/p>\n<p data-path-to-node=\"9,1\">Agrozone 300 g rautasulfaattipakkaus on suunniteltu juuri niille puutarhanomistajille, jotka tarvitsevat nopean ja varman ratkaisun tiettyihin kasvitauteihin. T\u00e4m\u00e4 m\u00e4\u00e4r\u00e4 on riitt\u00e4v\u00e4 tarvittavan hoitoliuoksen valmistamiseen pienen puutarhan hedelm\u00e4puille tai marjapensaille, olematta kuitenkaan liian suuri tai vaivalloinen s\u00e4ilytt\u00e4\u00e4. <\/p>\n<p data-path-to-node=\"9,2\"><b data-path-to-node=\"9,2\" data-index-in-node=\"0\">Miksi valita juuri t\u00e4m\u00e4 tuote?<\/b><\/p>\n<ul data-path-to-node=\"9,3\">\n<li>\n<p data-path-to-node=\"9,3,0,0\"><b data-path-to-node=\"9,3,0,0\" data-index-in-node=\"0\">Ruusujen pelastaja:<\/b> Erinomainen apu ruusunh\u00e4rm\u00e4n ja ruusunruosteen torjuntaan.<\/p>\n<\/li>\n<li>\n<p data-path-to-node=\"9,3,1,0\"><b data-path-to-node=\"9,3,1,0\" data-index-in-node=\"0\">Puhas kuori:<\/b> Poistaa tehokkaasti j\u00e4k\u00e4l\u00e4t ja sammaleen hedelm\u00e4puiden rungoilta, antaen puun &#8220;hengitt\u00e4\u00e4&#8221;.<\/p>\n<\/li>\n<li>\n<p data-path-to-node=\"9,3,2,0\"><b data-path-to-node=\"9,3,2,0\" data-index-in-node=\"0\">Tautien ennaltaehk\u00e4isy:<\/b> Varhain kev\u00e4\u00e4ll\u00e4 teht\u00e4v\u00e4 ruiskutus auttaa ehk\u00e4isem\u00e4\u00e4n omenan- ja p\u00e4\u00e4ryn\u00e4nrupea sek\u00e4 kirsikanlehtilaikutustautia.<\/p>\n<\/li>\n<\/ul>\n<p data-path-to-node=\"9,4\"><b data-path-to-node=\"9,4\" data-index-in-node=\"0\">K\u00e4ytt\u00f6:<\/b> Hedelm\u00e4puiden ja marjapensaiden tautien torjuntaan liuota 300 g pakkauksen sis\u00e4lt\u00f6 6\u201310 litraan vett\u00e4 (3\u20135 % liuoksen saamiseksi).<\/p>\n<p data-path-to-node=\"9,4\">Suosittelemme ruiskutusta varhain kev\u00e4\u00e4ll\u00e4 ennen silmujen puhkeamista tai my\u00f6h\u00e4\u00e4n syksyll\u00e4.<\/p>\n","protected":false},"excerpt":{"rendered":"<p>Rauta(II)sulfaattiliuoksella ruiskuttaminen aikaisin kev\u00e4\u00e4ll\u00e4 ennen silmujen puhkeamista torjuu omenan ja p\u00e4\u00e4ryn\u00e4n rupea, hedelm\u00e4hometta, hedelm\u00e4puiden ja marjapensaiden lehtihomeita, karviaisen h\u00e4rm\u00e4\u00e4, herukan ruostetta, karviaismarjan tulehdusta, ruusun h\u00e4rm\u00e4\u00e4 ja ruusun ruostetta. Rauta(II)sulfaatti tuhoaa tehokkaasti sammalia ja j\u00e4k\u00e4li\u00e4 sek\u00e4 puunrungoista ett\u00e4 nurmikolta. <\/p>\n","protected":false},"featured_media":56773,"template":"","meta":{"_acf_changed":false,"_seopress_robots_primary_cat":"none","_seopress_titles_title":"Rautasulfaatti 300 g \u2013 Tehokas suoja ruusuille ja hedelm\u00e4puille | Agrozone","_seopress_titles_desc":"Suojaa puutarhasi taudeilta! Rautasulfaatti (300 g) on ihanteellinen ratkaisu ruusunh\u00e4rm\u00e4n, hedelm\u00e4muumion ja j\u00e4k\u00e4lien torjuntaan. Katso k\u00e4ytt\u00f6ohjeet ja tilaa!  ","_seopress_robots_index":"","_gspb_post_css":""},"product_brand":[],"product_cat":[2392,2438,2460],"product_tag":[],"class_list":{"0":"post-41385","1":"product","2":"type-product","3":"status-publish","4":"has-post-thumbnail","6":"product_cat-kaikki-luokat","7":"product_cat-lannoitteet","8":"product_cat-puutarhalannoitteet","10":"first","11":"instock","12":"taxable","13":"shipping-taxable","14":"purchasable","15":"product-type-simple"},"ct_brands":[],"acf":[],"_links":{"self":[{"href":"https:\/\/agrozone.ee\/fi\/wp-json\/wp\/v2\/product\/41385","targetHints":{"allow":["GET"]}}],"collection":[{"href":"https:\/\/agrozone.ee\/fi\/wp-json\/wp\/v2\/product"}],"about":[{"href":"https:\/\/agrozone.ee\/fi\/wp-json\/wp\/v2\/types\/product"}],"wp:featuredmedia":[{"embeddable":true,"href":"https:\/\/agrozone.ee\/fi\/wp-json\/wp\/v2\/media\/56773"}],"wp:attachment":[{"href":"https:\/\/agrozone.ee\/fi\/wp-json\/wp\/v2\/media?parent=41385"}],"wp:term":[{"taxonomy":"product_brand","embeddable":true,"href":"https:\/\/agrozone.ee\/fi\/wp-json\/wp\/v2\/product_brand?post=41385"},{"taxonomy":"product_cat","embeddable":true,"href":"https:\/\/agrozone.ee\/fi\/wp-json\/wp\/v2\/product_cat?post=41385"},{"taxonomy":"product_tag","embeddable":true,"href":"https:\/\/agrozone.ee\/fi\/wp-json\/wp\/v2\/product_tag?post=41385"}],"curies":[{"name":"wp","href":"https:\/\/api.w.org\/{rel}","templated":true}]}}