{"id":41397,"date":"2024-06-09T15:57:52","date_gmt":"2024-06-09T13:57:52","guid":{"rendered":"https:\/\/agrozone.ee\/toode\/vadelman-nestemainen-lannoite-1-l\/"},"modified":"2024-06-09T15:57:52","modified_gmt":"2024-06-09T13:57:52","slug":"vadelman-nestemainen-lannoite-1-l","status":"publish","type":"product","link":"https:\/\/agrozone.ee\/fi\/tuote\/vadelman-nestemainen-lannoite-1-l\/","title":{"rendered":"Vadelman nestem\u00e4inen lannoite 1 l"},"content":{"rendered":"<p><strong>Vadelman nestem\u00e4inen lannoite 1 l<\/strong><\/p>\n<ul>\n<li>Nopeasti vaikuttava veteen liukeneva mikroelementtej\u00e4 sis\u00e4lt\u00e4v\u00e4 t\u00e4yslannoite vadelmien, karhunvatukoiden, pamplien, vamplien, vattujen ja mesimarjojen lannoitukseen.<\/li>\n<li>Lannoite on helposti imeytyv\u00e4 ja sis\u00e4lt\u00e4\u00e4 oikeassa suhteessa kaikkia kasvien kasvuun ja kehitykseen tarvittavia ravinteita.<\/li>\n<li>Lannoitteen s\u00e4\u00e4nn\u00f6llinen k\u00e4ytt\u00f6 takaa kasvien vahvan kasvun, runsaan kukinnan ja suuren ja maukkaan sadon.<\/li>\n<li>Runsaan kukinnan, pidemm\u00e4n satokauden ja suurten, laadukkaiden hedelmien muodostuminen on taattu.<\/li>\n<li>Tasapainoisesti ravitut kasvit ovat vastustuskykyisempi\u00e4 tuholaisille ja sienitaudeille.<\/li>\n<\/ul>\n<h3>K\u00e4ytt\u00f6ohjeet<\/h3>\n<ul>\n<li>1 pullon korkillinen nestem\u00e4ist\u00e4 lannoitetta liuotetaan 5 litraan vett\u00e4.<\/li>\n<\/ul>\n","protected":false},"excerpt":{"rendered":"<ul>\n<li>Nopeasti vaikuttava veteen liukeneva mikroelementtej\u00e4 sis\u00e4lt\u00e4v\u00e4 t\u00e4yslannoite vadelmien, karhunvatukoiden, pamplien, vamplien, vattujen ja mesimarjojen lannoitukseen.<\/li>\n<li>Lannoite on helposti imeytyv\u00e4 ja sis\u00e4lt\u00e4\u00e4 oikeassa suhteessa kaikkia kasvien kasvuun ja kehitykseen tarvittavia ravinteita.<\/li>\n<li>Lannoitteen s\u00e4\u00e4nn\u00f6llinen k\u00e4ytt\u00f6 takaa kasvien vahvan kasvun, runsaan kukinnan ja suuren ja maukkaan sadon.<\/li>\n<li>Runsaan kukinnan, pidemm\u00e4n satokauden ja suurten, laadukkaiden hedelmien muodostuminen on taattu.<\/li>\n<li>Tasapainoisesti ravitut kasvit ovat vastustuskykyisempi\u00e4 tuholaisille ja sienitaudeille.<\/li>\n<\/ul>\n","protected":false},"featured_media":41398,"template":"","meta":{"_acf_changed":false,"_seopress_robots_primary_cat":"","_seopress_titles_title":"","_seopress_titles_desc":"Vadelman nestem\u00e4inen lannoite 1 l - Nopeasti vaikuttava mikroelementtej\u00e4 sis\u00e4lt\u00e4v\u00e4 t\u00e4yslannoite vadelmien, karhunvatukoiden, pamplien, vamplien, vattujen ja mesimarjojen lannoitukseen.","_seopress_robots_index":"","_gspb_post_css":""},"product_brand":[],"product_cat":[2392,2461,2438,2468,2460],"product_tag":[],"class_list":{"0":"post-41397","1":"product","2":"type-product","3":"status-publish","4":"has-post-thumbnail","6":"product_cat-kaikki-luokat","7":"product_cat-kasteluun-sekoitettava-lannoite","8":"product_cat-lannoitteet","9":"product_cat-nestemainen-lannoite","10":"product_cat-puutarhalannoitteet","12":"first","13":"instock","14":"taxable","15":"shipping-taxable","16":"purchasable","17":"product-type-simple"},"ct_brands":[],"acf":[],"_links":{"self":[{"href":"https:\/\/agrozone.ee\/fi\/wp-json\/wp\/v2\/product\/41397","targetHints":{"allow":["GET"]}}],"collection":[{"href":"https:\/\/agrozone.ee\/fi\/wp-json\/wp\/v2\/product"}],"about":[{"href":"https:\/\/agrozone.ee\/fi\/wp-json\/wp\/v2\/types\/product"}],"wp:featuredmedia":[{"embeddable":true,"href":"https:\/\/agrozone.ee\/fi\/wp-json\/wp\/v2\/media\/41398"}],"wp:attachment":[{"href":"https:\/\/agrozone.ee\/fi\/wp-json\/wp\/v2\/media?parent=41397"}],"wp:term":[{"taxonomy":"product_brand","embeddable":true,"href":"https:\/\/agrozone.ee\/fi\/wp-json\/wp\/v2\/product_brand?post=41397"},{"taxonomy":"product_cat","embeddable":true,"href":"https:\/\/agrozone.ee\/fi\/wp-json\/wp\/v2\/product_cat?post=41397"},{"taxonomy":"product_tag","embeddable":true,"href":"https:\/\/agrozone.ee\/fi\/wp-json\/wp\/v2\/product_tag?post=41397"}],"curies":[{"name":"wp","href":"https:\/\/api.w.org\/{rel}","templated":true}]}}