{"id":41401,"date":"2024-06-09T15:57:52","date_gmt":"2024-06-09T12:57:52","guid":{"rendered":"https:\/\/agrozone.ee\/toode\/tomaatin-lannoite-1-kg\/"},"modified":"2024-06-09T15:57:52","modified_gmt":"2024-06-09T13:57:52","slug":"tomaatin-lannoite-1-kg","status":"publish","type":"product","link":"https:\/\/agrozone.ee\/fi\/tuote\/tomaatin-lannoite-1-kg\/","title":{"rendered":"Tomaatin lannoite 1 kg"},"content":{"rendered":"<p><strong>Tomaatin lannoite 1 kg<\/strong><\/p>\n<ul>\n<li>Tomaatin lannoite on rakeistettu klooriton t\u00e4yslannoite tomaattien lannoitukseen.<\/li>\n<li>Lannoitus parantaa kasvua, varmistaa runsaan kukinnan ja hedelm\u00f6itymisen sek\u00e4 korkean sadon.<\/li>\n<li>Lannoitetut kasvit ovat vastustuskykyisempi\u00e4 sairauksille ja ep\u00e4suotuisille kasvuolosuhteille.<\/li>\n<\/ul>\n<h4>K\u00e4ytt\u00f6ohjeet<\/h4>\n<ul>\n<li>Lannoite sekoitetaan tasaisesti multaan kasveja istutettaessa tai kasvukauden aikana.<\/li>\n<li>Lannoituksen j\u00e4lkeen on suositeltavaa kastella kasveja.<\/li>\n<li>Tarvittaessa lannoitetaan useita kertoja kasvukauden aikana.<\/li>\n<li>Lannoitusm\u00e4\u00e4r\u00e4: 30-50 g\/m\u00b2.<\/li>\n<\/ul>\n","protected":false},"excerpt":{"rendered":"<ul>\n<li>Tomaatin lannoite on rakeistettu klooriton t\u00e4yslannoite tomaattien lannoitukseen.<\/li>\n<li>Lannoitus parantaa kasvua, varmistaa runsaan kukinnan ja hedelm\u00f6itymisen sek\u00e4 korkean sadon.<\/li>\n<li>Lannoitetut kasvit ovat vastustuskykyisempi\u00e4 sairauksille ja ep\u00e4suotuisille kasvuolosuhteille.<\/li>\n<\/ul>\n","protected":false},"featured_media":47527,"template":"","meta":{"_acf_changed":false,"_seopress_robots_primary_cat":"","_seopress_titles_title":"","_seopress_titles_desc":"Tomaatin lannoite on rakeistettu klooriton t\u00e4yslannoite tomaattien lannoitukseen.\nLannoitus parantaa kasvua, varmistaa runsaan kukinnan ja hedelm\u00f6itymisen sek\u00e4 korkean sadon. ","_seopress_robots_index":"","_gspb_post_css":""},"product_brand":[],"product_cat":[2392,2438,2460],"product_tag":[],"class_list":{"0":"post-41401","1":"product","2":"type-product","3":"status-publish","4":"has-post-thumbnail","6":"product_cat-kaikki-luokat","7":"product_cat-lannoitteet","8":"product_cat-puutarhalannoitteet","10":"first","11":"instock","12":"taxable","13":"shipping-taxable","14":"purchasable","15":"product-type-simple"},"ct_brands":[],"acf":[],"_links":{"self":[{"href":"https:\/\/agrozone.ee\/fi\/wp-json\/wp\/v2\/product\/41401","targetHints":{"allow":["GET"]}}],"collection":[{"href":"https:\/\/agrozone.ee\/fi\/wp-json\/wp\/v2\/product"}],"about":[{"href":"https:\/\/agrozone.ee\/fi\/wp-json\/wp\/v2\/types\/product"}],"wp:featuredmedia":[{"embeddable":true,"href":"https:\/\/agrozone.ee\/fi\/wp-json\/wp\/v2\/media\/47527"}],"wp:attachment":[{"href":"https:\/\/agrozone.ee\/fi\/wp-json\/wp\/v2\/media?parent=41401"}],"wp:term":[{"taxonomy":"product_brand","embeddable":true,"href":"https:\/\/agrozone.ee\/fi\/wp-json\/wp\/v2\/product_brand?post=41401"},{"taxonomy":"product_cat","embeddable":true,"href":"https:\/\/agrozone.ee\/fi\/wp-json\/wp\/v2\/product_cat?post=41401"},{"taxonomy":"product_tag","embeddable":true,"href":"https:\/\/agrozone.ee\/fi\/wp-json\/wp\/v2\/product_tag?post=41401"}],"curies":[{"name":"wp","href":"https:\/\/api.w.org\/{rel}","templated":true}]}}