{"id":41403,"date":"2024-06-09T15:57:52","date_gmt":"2024-06-09T13:57:52","guid":{"rendered":"https:\/\/agrozone.ee\/toode\/tomaatin-nestemainen-lannoite-1-l\/"},"modified":"2024-06-09T15:57:52","modified_gmt":"2024-06-09T13:57:52","slug":"tomaatin-nestemainen-lannoite-1-l","status":"publish","type":"product","link":"https:\/\/agrozone.ee\/fi\/tuote\/tomaatin-nestemainen-lannoite-1-l\/","title":{"rendered":"Tomaatin nestem\u00e4inen lannoite 1 l"},"content":{"rendered":"<p><strong>Tomaatin nestem\u00e4inen lannoite 1 l<\/strong><\/p>\n<ul>\n<li>Baltic Agron nopeasti vaikuttava nestem\u00e4inen tomaattilannoite sopii tomaateille ja paprikoille.<\/li>\n<li>Sis\u00e4lt\u00e4\u00e4 kaikkia kasvien kasvuun ja kehitykseen tarvittavia p\u00e4\u00e4ravinteita oikeassa suhteessa.<\/li>\n<li>Lannoitus parantaa kasvua, varmistaa runsaan kukinnan ja hedelm\u00f6itymisen sek\u00e4 suuret, mehukkaat ja maukkaat hedelm\u00e4t.<\/li>\n<li>Tasapainoisesti ravitut kasvit ovat vastustuskykyisempi\u00e4 tuholaisille ja sienitaudeille.<\/li>\n<\/ul>\n<h3>K\u00e4ytt\u00f6ohjeet<\/h3>\n<ul>\n<li>Kasveja kastellaan lannoiteliuoksella kasvukauden aikana (helmikuusta syyskuuhun) kerran viikossa.<\/li>\n<li>1 korkillinen (10 ml) nestem\u00e4ist\u00e4 lannoitetta liuotetaan 1 litraan vett\u00e4.<\/li>\n<\/ul>\n","protected":false},"excerpt":{"rendered":"<ul>\n<li>Baltic Agron nopeasti vaikuttava nestem\u00e4inen tomaattilannoite sopii tomaateille ja paprikoille.<\/li>\n<li>Sis\u00e4lt\u00e4\u00e4 kaikkia kasvien kasvuun ja kehitykseen tarvittavia p\u00e4\u00e4ravinteita oikeassa suhteessa.<\/li>\n<li>Lannoitus parantaa kasvua, varmistaa runsaan kukinnan ja hedelm\u00f6itymisen sek\u00e4 suuret, mehukkaat ja maukkaat hedelm\u00e4t.<\/li>\n<li>Tasapainoisesti ravitut kasvit ovat vastustuskykyisempi\u00e4 tuholaisille ja sienitaudeille.<\/li>\n<\/ul>\n","protected":false},"featured_media":41404,"template":"","meta":{"_acf_changed":false,"_seopress_robots_primary_cat":"","_seopress_titles_title":"","_seopress_titles_desc":"Tomaatin nestem\u00e4inen lannoite 1 l - nopeasti vaikuttava nestem\u00e4inen tomaattilannoite sopii tomaateille ja paprikoille. Sis\u00e4lt\u00e4\u00e4 kasvien kasvuun ja kehitykseen tarvittavia p\u00e4\u00e4ravinteita. ","_seopress_robots_index":"","_gspb_post_css":""},"product_brand":[],"product_cat":[2392,2461,2438,2468,2460],"product_tag":[],"class_list":{"0":"post-41403","1":"product","2":"type-product","3":"status-publish","4":"has-post-thumbnail","6":"product_cat-kaikki-luokat","7":"product_cat-kasteluun-sekoitettava-lannoite","8":"product_cat-lannoitteet","9":"product_cat-nestemainen-lannoite","10":"product_cat-puutarhalannoitteet","12":"first","13":"instock","14":"taxable","15":"shipping-taxable","16":"purchasable","17":"product-type-simple"},"ct_brands":[],"acf":[],"_links":{"self":[{"href":"https:\/\/agrozone.ee\/fi\/wp-json\/wp\/v2\/product\/41403","targetHints":{"allow":["GET"]}}],"collection":[{"href":"https:\/\/agrozone.ee\/fi\/wp-json\/wp\/v2\/product"}],"about":[{"href":"https:\/\/agrozone.ee\/fi\/wp-json\/wp\/v2\/types\/product"}],"wp:featuredmedia":[{"embeddable":true,"href":"https:\/\/agrozone.ee\/fi\/wp-json\/wp\/v2\/media\/41404"}],"wp:attachment":[{"href":"https:\/\/agrozone.ee\/fi\/wp-json\/wp\/v2\/media?parent=41403"}],"wp:term":[{"taxonomy":"product_brand","embeddable":true,"href":"https:\/\/agrozone.ee\/fi\/wp-json\/wp\/v2\/product_brand?post=41403"},{"taxonomy":"product_cat","embeddable":true,"href":"https:\/\/agrozone.ee\/fi\/wp-json\/wp\/v2\/product_cat?post=41403"},{"taxonomy":"product_tag","embeddable":true,"href":"https:\/\/agrozone.ee\/fi\/wp-json\/wp\/v2\/product_tag?post=41403"}],"curies":[{"name":"wp","href":"https:\/\/api.w.org\/{rel}","templated":true}]}}