{"id":41465,"date":"2024-06-09T15:56:03","date_gmt":"2024-06-09T12:56:03","guid":{"rendered":"https:\/\/agrozone.ee\/toode\/kristalliini-1-kg\/"},"modified":"2024-06-09T15:56:03","modified_gmt":"2024-06-09T13:56:03","slug":"kristalliini-1-kg","status":"publish","type":"product","link":"https:\/\/agrozone.ee\/fi\/tuote\/kristalliini-1-kg\/","title":{"rendered":"Kristalliini 1 kg"},"content":{"rendered":"<p><strong>Kristalliini 1 kg<\/strong><\/p>\n<ul>\n<li>Nopeasti vaikuttava t\u00e4yslannoite, joka sopii puutarhakasvien ja kasvihuoneviljelykasvien lannoitukseen.<\/li>\n<li>Lannoite on suositeltavaa liuottaa veteen ja kastella sill\u00e4 kasveja.<\/li>\n<li>Voidaan k\u00e4ytt\u00e4\u00e4 my\u00f6s lehtien kautta lannoitukseen.<\/li>\n<li>Aktivoi kukintaa ja lis\u00e4\u00e4 satoa.<\/li>\n<li>Sis\u00e4lt\u00e4\u00e4 kaikkia kasveille tarvittavia hivenaineita.<\/li>\n<li>Terve kasvi on vastustuskykyisempi tuholaisille ja sienitaudeille.<\/li>\n<\/ul>\n<h4>K\u00e4ytt\u00f6ohjeet<\/h4>\n<ul>\n<li>Valmistele kasteluliuos liuottamalla sopiva m\u00e4\u00e4r\u00e4 lannoitetta veteen.<\/li>\n<li>Kastele puutarhakasveja saadulla liuoksella: kastettaessa liuotetaan 10 litraan vett\u00e4:<\/li>\n<li>1 tl joka kastelukerralla tai 2) 3 tl 1\u20132 viikon v\u00e4lein kasteltaessa. 1 rkl = 10 g, 1 tl = 5 g. <\/li>\n<li>Lehtien kautta lannoitettaessa 1 %:n liuoksella 2 tl 1 litraan vett\u00e4.<\/li>\n<li>Ruiskutettaessa on v\u00e4ltett\u00e4v\u00e4 kuumaa, aurinkoista s\u00e4\u00e4t\u00e4 ja ruiskutettava pilvisell\u00e4 s\u00e4\u00e4ll\u00e4, aamulla tai illalla.<\/li>\n<li>Pintak\u00e4sittely: 15 g\/m\u00b2.<\/li>\n<li>Kastelu: 1 rkl lannoitetta liuotetaan 10 litraan vett\u00e4.<\/li>\n<\/ul>\n","protected":false},"excerpt":{"rendered":"<ul>\n<li>Nopeasti vaikuttava t\u00e4yslannoite, joka sopii puutarhakasvien ja kasvihuoneviljelykasvien lannoitukseen.<\/li>\n<li>Lannoite on suositeltavaa liuottaa veteen ja kastella sill\u00e4 kasveja.<\/li>\n<li>Voidaan k\u00e4ytt\u00e4\u00e4 my\u00f6s lehtien kautta lannoitukseen.<\/li>\n<li>Aktivoi kukintaa ja lis\u00e4\u00e4 satoa.<\/li>\n<li>Sis\u00e4lt\u00e4\u00e4 kaikkia kasveille tarvittavia hivenaineita.<\/li>\n<li>Terve kasvi on vastustuskykyisempi tuholaisille ja sienitaudeille.<\/li>\n<\/ul>\n","protected":false},"featured_media":49231,"template":"","meta":{"_acf_changed":false,"_seopress_robots_primary_cat":"","_seopress_titles_title":"","_seopress_titles_desc":"Kristalliini 1 kg - Nopeasti vaikuttava t\u00e4yslannoite, joka sopii puutarhakasvien ja kasvihuoneviljelykasvien lannoitukseen. Aktivoi kukintaa ja lis\u00e4\u00e4 satoa.","_seopress_robots_index":"","_gspb_post_css":""},"product_brand":[],"product_cat":[2392,2438,2460],"product_tag":[],"class_list":{"0":"post-41465","1":"product","2":"type-product","3":"status-publish","4":"has-post-thumbnail","6":"product_cat-kaikki-luokat","7":"product_cat-lannoitteet","8":"product_cat-puutarhalannoitteet","10":"first","11":"instock","12":"taxable","13":"shipping-taxable","14":"purchasable","15":"product-type-simple"},"ct_brands":[],"acf":[],"_links":{"self":[{"href":"https:\/\/agrozone.ee\/fi\/wp-json\/wp\/v2\/product\/41465","targetHints":{"allow":["GET"]}}],"collection":[{"href":"https:\/\/agrozone.ee\/fi\/wp-json\/wp\/v2\/product"}],"about":[{"href":"https:\/\/agrozone.ee\/fi\/wp-json\/wp\/v2\/types\/product"}],"wp:featuredmedia":[{"embeddable":true,"href":"https:\/\/agrozone.ee\/fi\/wp-json\/wp\/v2\/media\/49231"}],"wp:attachment":[{"href":"https:\/\/agrozone.ee\/fi\/wp-json\/wp\/v2\/media?parent=41465"}],"wp:term":[{"taxonomy":"product_brand","embeddable":true,"href":"https:\/\/agrozone.ee\/fi\/wp-json\/wp\/v2\/product_brand?post=41465"},{"taxonomy":"product_cat","embeddable":true,"href":"https:\/\/agrozone.ee\/fi\/wp-json\/wp\/v2\/product_cat?post=41465"},{"taxonomy":"product_tag","embeddable":true,"href":"https:\/\/agrozone.ee\/fi\/wp-json\/wp\/v2\/product_tag?post=41465"}],"curies":[{"name":"wp","href":"https:\/\/api.w.org\/{rel}","templated":true}]}}