{"id":41468,"date":"2024-06-09T15:55:18","date_gmt":"2024-06-09T12:55:18","guid":{"rendered":"https:\/\/agrozone.ee\/toode\/juurten-ravinneliuos-500ml\/"},"modified":"2025-12-09T09:42:02","modified_gmt":"2025-12-09T07:42:02","slug":"juurten-ravinneliuos-500ml","status":"publish","type":"product","link":"https:\/\/agrozone.ee\/fi\/tuote\/juurten-ravinneliuos-500ml\/","title":{"rendered":"Juurten ravinneliuos 500ml"},"content":{"rendered":"<ul>\n<li>Orgaaninen biostimulantti, joka sis\u00e4lt\u00e4\u00e4 vapaita aminohappoja ja fulvohappoja.<\/li>\n<li>K\u00e4ytt\u00f6 aktivoi maaper\u00e4ss\u00e4 hy\u00f6dylliset mikro-organismit.<\/li>\n<li>Maaper\u00e4ss\u00e4 olevat ravinteet (typpi, fosfori, kalium jne.) tulevat helpommin kasvien saataville.<\/li>\n<li>Maaper\u00e4n rakenne paranee &#8211; ilmavuus ja vedenpid\u00e4tyskyky paranevat.<\/li>\n<li>T\u00e4m\u00e4n ansiosta kasveille kehittyy vahva juuristo, jossa on runsaasti hiusjuuria, joiden kautta kasvit imev\u00e4t hyvin vett\u00e4 ja tarvittavia ravinteita.<\/li>\n<li>Sopii erityisen hyvin kasteluun kasvien uudelleenistutuksen yhteydess\u00e4 istutusshokin lievent\u00e4miseksi.<\/li>\n<li>Kev\u00e4\u00e4ll\u00e4 se toimii kasvun her\u00e4tt\u00e4j\u00e4n\u00e4 sek\u00e4 puutarhan perennoille ett\u00e4 nurmikolle.<\/li>\n<li>Kes\u00e4isin kuivuuskausina kasteluveteen lis\u00e4ttyn\u00e4 biostimulantti auttaa kasveja jatkamaan kasvuaan ep\u00e4suotuisissa olosuhteissa.<\/li>\n<li>Sopii hyvin istutusmateriaalin esik\u00e4sittelyyn (kasvien ja perunan mukuloiden liotukseen).<\/li>\n<\/ul>\n<h3>K\u00e4ytt\u00f6ohjeet<\/h3>\n<ul>\n<li>Istutusta edelt\u00e4v\u00e4 k\u00e4sittely, mukaan lukien perunan mukuloiden k\u00e4sittely (ty\u00f6liuoksen pitoisuus 1 %) \u2013 2 tl lannoitetta liuotetaan 1 litraan vett\u00e4. <\/li>\n<li>Siementen istutusta edelt\u00e4v\u00e4 valmistelu, liotus (ty\u00f6liuoksen pitoisuus 5 %) \u2013 10 tl lannoitetta liuotetaan 1 litraan vett\u00e4.<\/li>\n<li>Istutuksen j\u00e4lkeinen lannoitus maan pinnalle (ty\u00f6liuoksen pitoisuus 5 %) \u2013 10 tl lannoitetta liuotetaan 1 litraan vett\u00e4.<\/li>\n<li>Nurmikot, aikaisin kev\u00e4\u00e4ll\u00e4 ja jokaisen leikkaamisen j\u00e4lkeen 10\u201315 p\u00e4iv\u00e4n v\u00e4lein (ty\u00f6liuoksen pitoisuus 1 %) \u2013 100 ml lannoitetta liuotetaan 10 litraan vett\u00e4.<\/li>\n<\/ul>\n<p><img alt=\"Juurten ravinneliuos 500ml\" loading=\"lazy\" decoding=\"async\" class=\"size-full wp-image-41118\" src=\"https:\/\/agrozone.ee\/wp-content\/uploads\/2024\/06\/screenshot-2024-12-11-155804.png\" alt=\"Juurten ravinneliuos 500ml\" width=\"608\" height=\"678\" srcset=\"https:\/\/agrozone.ee\/wp-content\/uploads\/2024\/06\/screenshot-2024-12-11-155804.png 608w, https:\/\/agrozone.ee\/wp-content\/uploads\/2024\/06\/screenshot-2024-12-11-155804-600x669.png 600w, https:\/\/agrozone.ee\/wp-content\/uploads\/2024\/06\/screenshot-2024-12-11-155804-269x300.png 269w, https:\/\/agrozone.ee\/wp-content\/uploads\/2024\/06\/screenshot-2024-12-11-155804-400x446.png 400w\" sizes=\"auto, (max-width: 608px) 100vw, 608px\" \/><\/p>\n","protected":false},"excerpt":{"rendered":"<p>\u2022 KASVIEN UUDELLEENISTUTUKSEEN<br \/>\n\u2022 JUURTUMISEEN<br \/>\n\u2022 ISTUTUSSHOKIN LIEVITT\u00c4MISEEN<\/p>\n","protected":false},"featured_media":41471,"template":"","meta":{"_acf_changed":false,"_seopress_robots_primary_cat":"none","_seopress_titles_title":"","_seopress_titles_desc":"Luonnollinen humiini- ja fulvohappokonsentraatti on maanparannusaine, jonka k\u00e4ytt\u00f6 aktivoi maaper\u00e4n eli\u00f6st\u00f6n (hy\u00f6dylliset mikro-organismit).","_seopress_robots_index":"","_gspb_post_css":""},"product_brand":[],"product_cat":[2392,2461,2438,2398,2468,2396,2460],"product_tag":[],"class_list":{"0":"post-41468","1":"product","2":"type-product","3":"status-publish","4":"has-post-thumbnail","6":"product_cat-kaikki-luokat","7":"product_cat-kasteluun-sekoitettava-lannoite","8":"product_cat-lannoitteet","9":"product_cat-luonnonmukaiset-lannoitteet","10":"product_cat-nestemainen-lannoite","11":"product_cat-luomuviljely","12":"product_cat-puutarhalannoitteet","14":"first","15":"instock","16":"taxable","17":"shipping-taxable","18":"purchasable","19":"product-type-simple"},"ct_brands":[],"acf":[],"_links":{"self":[{"href":"https:\/\/agrozone.ee\/fi\/wp-json\/wp\/v2\/product\/41468","targetHints":{"allow":["GET"]}}],"collection":[{"href":"https:\/\/agrozone.ee\/fi\/wp-json\/wp\/v2\/product"}],"about":[{"href":"https:\/\/agrozone.ee\/fi\/wp-json\/wp\/v2\/types\/product"}],"wp:featuredmedia":[{"embeddable":true,"href":"https:\/\/agrozone.ee\/fi\/wp-json\/wp\/v2\/media\/41471"}],"wp:attachment":[{"href":"https:\/\/agrozone.ee\/fi\/wp-json\/wp\/v2\/media?parent=41468"}],"wp:term":[{"taxonomy":"product_brand","embeddable":true,"href":"https:\/\/agrozone.ee\/fi\/wp-json\/wp\/v2\/product_brand?post=41468"},{"taxonomy":"product_cat","embeddable":true,"href":"https:\/\/agrozone.ee\/fi\/wp-json\/wp\/v2\/product_cat?post=41468"},{"taxonomy":"product_tag","embeddable":true,"href":"https:\/\/agrozone.ee\/fi\/wp-json\/wp\/v2\/product_tag?post=41468"}],"curies":[{"name":"wp","href":"https:\/\/api.w.org\/{rel}","templated":true}]}}