{"id":41469,"date":"2024-06-09T15:56:46","date_gmt":"2024-06-09T12:56:46","guid":{"rendered":"https:\/\/agrozone.ee\/toode\/havupuiden-lannoite-2-kg\/"},"modified":"2024-06-09T15:56:46","modified_gmt":"2024-06-09T13:56:46","slug":"havupuiden-lannoite-2-kg","status":"publish","type":"product","link":"https:\/\/agrozone.ee\/fi\/tuote\/havupuiden-lannoite-2-kg\/","title":{"rendered":"Havupuiden lannoite 2 kg"},"content":{"rendered":"<p>Havupuiden lannoite sopii kuusen, tuijan, pihdan, m\u00e4nnyn, katajan, marjakuusen, sypressin, lehtikuusen, tsuugan ja muiden havupuulajien lannoitukseen.  Voidaan k\u00e4ytt\u00e4\u00e4 my\u00f6s puksipuun, orapihlajan ja muiden ikivihreiden kasvien ravinteiden saannin varmistamiseen. Edist\u00e4\u00e4 kasvua ja vahvistaa kasveja. Auttaa havupuita toipumaan auringonpolttamasta, sill\u00e4 se sis\u00e4lt\u00e4\u00e4 magnesiumia, joka vaikuttaa kasvin lehtien ja neulasten vihre\u00e4\u00e4n v\u00e4riin.   <\/p>\n<p>&nbsp;<\/p>\n<h3>K\u00e4ytt\u00f6ohjeet<\/h3>\n<p>K\u00e4yt\u00e4 aikaisin kev\u00e4\u00e4st\u00e4 my\u00f6h\u00e4iseen kes\u00e4\u00e4n (maaliskuusta elokuuhun) 2\u20133 kertaa kasvukauden aikana. Levit\u00e4 lannoite tasaisesti ja sekoita maahan. Lannoituksen j\u00e4lkeen on suositeltavaa kastella kasveja. 1 kg = 30 m\u00b2. 20\u201325 g = noin puoli kourallista. 40 g = noin kourallinen.   S\u00e4ilyt\u00e4 alkuper\u00e4ispakkauksessa, kuivassa, lasten ja lemmikkiel\u00e4inten ulottumattomissa.<\/p>\n","protected":false},"excerpt":{"rendered":"<p>Havupuiden lannoite sopii kuusen, tuijan, pihdan, m\u00e4nnyn, katajan, marjakuusen, sypressin, lehtikuusen, tsuugan ja muiden havupuulajien lannoitukseen.  Voidaan k\u00e4ytt\u00e4\u00e4 my\u00f6s puksipuun, orapihlajan ja muiden ikivihreiden kasvien ravinteiden saannin varmistamiseen. Edist\u00e4\u00e4 kasvua ja vahvistaa kasveja. Auttaa havupuita toipumaan auringonpolttamasta, sill\u00e4 se sis\u00e4lt\u00e4\u00e4 magnesiumia, joka vaikuttaa kasvin lehtien ja neulasten vihre\u00e4\u00e4n v\u00e4riin.   <\/p>\n","protected":false},"featured_media":55563,"template":"","meta":{"_acf_changed":false,"_seopress_robots_primary_cat":"","_seopress_titles_title":"","_seopress_titles_desc":"","_seopress_robots_index":"","_gspb_post_css":""},"product_brand":[],"product_cat":[2392,2438,2460],"product_tag":[],"class_list":{"0":"post-41469","1":"product","2":"type-product","3":"status-publish","4":"has-post-thumbnail","6":"product_cat-kaikki-luokat","7":"product_cat-lannoitteet","8":"product_cat-puutarhalannoitteet","10":"first","11":"instock","12":"taxable","13":"shipping-taxable","14":"purchasable","15":"product-type-simple"},"ct_brands":[],"acf":[],"_links":{"self":[{"href":"https:\/\/agrozone.ee\/fi\/wp-json\/wp\/v2\/product\/41469","targetHints":{"allow":["GET"]}}],"collection":[{"href":"https:\/\/agrozone.ee\/fi\/wp-json\/wp\/v2\/product"}],"about":[{"href":"https:\/\/agrozone.ee\/fi\/wp-json\/wp\/v2\/types\/product"}],"wp:featuredmedia":[{"embeddable":true,"href":"https:\/\/agrozone.ee\/fi\/wp-json\/wp\/v2\/media\/55563"}],"wp:attachment":[{"href":"https:\/\/agrozone.ee\/fi\/wp-json\/wp\/v2\/media?parent=41469"}],"wp:term":[{"taxonomy":"product_brand","embeddable":true,"href":"https:\/\/agrozone.ee\/fi\/wp-json\/wp\/v2\/product_brand?post=41469"},{"taxonomy":"product_cat","embeddable":true,"href":"https:\/\/agrozone.ee\/fi\/wp-json\/wp\/v2\/product_cat?post=41469"},{"taxonomy":"product_tag","embeddable":true,"href":"https:\/\/agrozone.ee\/fi\/wp-json\/wp\/v2\/product_tag?post=41469"}],"curies":[{"name":"wp","href":"https:\/\/api.w.org\/{rel}","templated":true}]}}