{"id":41473,"date":"2024-06-09T15:55:19","date_gmt":"2024-06-09T12:55:19","guid":{"rendered":"https:\/\/agrozone.ee\/toode\/kaliumsulfaatti-1-kg\/"},"modified":"2025-12-09T09:42:08","modified_gmt":"2025-12-09T07:42:08","slug":"kaliumsulfaatti-1-kg","status":"publish","type":"product","link":"https:\/\/agrozone.ee\/fi\/tuote\/kaliumsulfaatti-1-kg\/","title":{"rendered":"Kaliumsulfaatti 1 kg"},"content":{"rendered":"<p>Kaliumsulfaatti on eritt\u00e4in v\u00e4h\u00e4kloorinen kaliumlannoite ja sopii kloorille herkkien puutarhakasvien, kuten perunan, sipulin, pavun, mansikan, vadelman, kukkien, luumu- ja kirsikkapuiden, lannoitukseen.<\/p>\n<p>Kaliumin puutteessa kasvin lehdet kellastuvat lehtien reunoista alkaen ja muuttuvat ruskeiksi.<\/p>\n<p>Lehtien reunat kiertyv\u00e4t ylh\u00e4\u00e4lt\u00e4 alasp\u00e4in.<\/p>\n<h4>K\u00e4ytt\u00f6ohjeet<\/h4>\n<ul>\n<li>Syksyll\u00e4 kaliumsulfaattia sekoitetaan maahan.<\/li>\n<li>Kasvien kasvun aikana lannoite sekoitetaan maahan yhdess\u00e4 typpi- ja fosforilannoitteiden kanssa.<\/li>\n<li>Luumu- ja kirsikkapuiden latvus ruiskutetaan kaliumsulfaattiliuoksella 100-150 g\/10 l vett\u00e4.<\/li>\n<li>Saa k\u00e4ytt\u00e4\u00e4 luomutuotannossa.<\/li>\n<\/ul>\n<p><strong>K\u00c4YTT\u00d6M\u00c4\u00c4R\u00c4:<\/strong><\/p>\n<ul>\n<li>Mansikka 5-25 g\/m\u00b2.<\/li>\n<li>Kukat 5-10 g\/m\u00b2.<\/li>\n<li>Peruna, papu ja muut puutarhakasvit 20-25 g\/m\u00b2.<\/li>\n<\/ul>\n<p><strong>VARASTOINTI:<\/strong> S\u00e4ilytett\u00e4v\u00e4 alkuper\u00e4ispakkauksessa, kuivassa, lasten ja kotiel\u00e4inten ulottumattomissa.<\/p>\n<p><strong>S\u00c4ILYVYSAIKA:<\/strong> Oikein s\u00e4ilytettyn\u00e4 k\u00e4ytt\u00f6aika ei ole rajoitettu.<\/p>\n","protected":false},"excerpt":{"rendered":"<p>Kaliumsulfaatti on eritt\u00e4in v\u00e4h\u00e4n klooria sis\u00e4lt\u00e4v\u00e4 kaliumlannoite ja sopii klooriherkille puutarhakasveille, kuten perunalle, sipulille, pavulle, mansikalle, vadelmalle, kukille, luumu- ja kirsikkapuiden lannoitukseen.<\/p>\n<p>Kaliumin puutteessa kasvin lehdet kellastuvat lehtien reunoista alkaen ja muuttuvat ruskeiksi.<\/p>\n<p>Lehtien reunat k\u00e4pristyv\u00e4t ylh\u00e4\u00e4lt\u00e4 alas.<\/p>\n","protected":false},"featured_media":47510,"template":"","meta":{"_acf_changed":false,"_seopress_robots_primary_cat":"none","_seopress_titles_title":"","_seopress_titles_desc":"Kaliumsulfaatti on eritt\u00e4in v\u00e4h\u00e4n klooria sis\u00e4lt\u00e4v\u00e4 kaliumlannoite ja sopii klooriherkille puutarhakasveille. Syksyll\u00e4 kaliumsulfaattia sekoitetaan maahan. ","_seopress_robots_index":"","_gspb_post_css":""},"product_brand":[],"product_cat":[2392,2438,2398,2396,2460],"product_tag":[],"class_list":{"0":"post-41473","1":"product","2":"type-product","3":"status-publish","4":"has-post-thumbnail","6":"product_cat-kaikki-luokat","7":"product_cat-lannoitteet","8":"product_cat-luonnonmukaiset-lannoitteet","9":"product_cat-luomuviljely","10":"product_cat-puutarhalannoitteet","12":"first","13":"instock","14":"taxable","15":"shipping-taxable","16":"purchasable","17":"product-type-simple"},"ct_brands":[],"acf":[],"_links":{"self":[{"href":"https:\/\/agrozone.ee\/fi\/wp-json\/wp\/v2\/product\/41473","targetHints":{"allow":["GET"]}}],"collection":[{"href":"https:\/\/agrozone.ee\/fi\/wp-json\/wp\/v2\/product"}],"about":[{"href":"https:\/\/agrozone.ee\/fi\/wp-json\/wp\/v2\/types\/product"}],"wp:featuredmedia":[{"embeddable":true,"href":"https:\/\/agrozone.ee\/fi\/wp-json\/wp\/v2\/media\/47510"}],"wp:attachment":[{"href":"https:\/\/agrozone.ee\/fi\/wp-json\/wp\/v2\/media?parent=41473"}],"wp:term":[{"taxonomy":"product_brand","embeddable":true,"href":"https:\/\/agrozone.ee\/fi\/wp-json\/wp\/v2\/product_brand?post=41473"},{"taxonomy":"product_cat","embeddable":true,"href":"https:\/\/agrozone.ee\/fi\/wp-json\/wp\/v2\/product_cat?post=41473"},{"taxonomy":"product_tag","embeddable":true,"href":"https:\/\/agrozone.ee\/fi\/wp-json\/wp\/v2\/product_tag?post=41473"}],"curies":[{"name":"wp","href":"https:\/\/api.w.org\/{rel}","templated":true}]}}