{"id":41476,"date":"2024-06-09T15:56:24","date_gmt":"2024-06-09T13:56:24","guid":{"rendered":"https:\/\/agrozone.ee\/toode\/kukkien-lannoite-1-kg\/"},"modified":"2024-06-09T15:56:24","modified_gmt":"2024-06-09T13:56:24","slug":"kukkien-lannoite-1-kg","status":"publish","type":"product","link":"https:\/\/agrozone.ee\/fi\/tuote\/kukkien-lannoite-1-kg\/","title":{"rendered":"Kukkien lannoite 1 kg"},"content":{"rendered":"<p><strong>Kukkien lannoite 1 kg<\/strong><\/p>\n<ul>\n<li>T\u00e4yslannoite, joka sis\u00e4lt\u00e4\u00e4 kaikkia kasvien kasvuun ja kehitykseen tarvittavia p\u00e4\u00e4ravinteita oikeassa suhteessa.<\/li>\n<li>Sopii erinomaisesti tulppaanien, ruusujen, petunioiden, k\u00f6ynn\u00f6skasvien, gladiolien, iiristen, surfinioiden, parveke-, kes\u00e4- ja perennakukkien kev\u00e4tkes\u00e4iseen lannoitukseen.<\/li>\n<li>Lannoitteen k\u00e4ytt\u00f6 antaa kukille kirkkaan kukan v\u00e4rin, rehev\u00e4t kukat, runsaan ja pitk\u00e4aikaisen kukinnan, vahvan juuriston ja intensiivisen vihre\u00e4n lehtiv\u00e4rin.<\/li>\n<li>Tasapainoisesti ravitut kasvit ovat vastustuskykyisempi\u00e4 tuholaisille ja sienitaudeille.<\/li>\n<\/ul>\n<h4>K\u00e4ytt\u00f6ohjeet<\/h4>\n<ul>\n<li>K\u00e4yt\u00e4 aikaisin kev\u00e4\u00e4st\u00e4 my\u00f6h\u00e4iseen kes\u00e4\u00e4n (maaliskuusta elokuuhun) 2\u20133 kertaa kasvukauden aikana.<\/li>\n<li>Levit\u00e4 lannoite tasaisesti ja sekoita maahan.<\/li>\n<li>Lannoituksen j\u00e4lkeen on suositeltavaa kastella kasveja.<\/li>\n<li>Suositus: k\u00e4yt\u00e4 yhdess\u00e4 orgaanisen ja mineraalilannoitteen kanssa.<\/li>\n<li>Orgaaninen lannoite, Kanankakkarakeet, parantaa maaper\u00e4n rakennetta ja el\u00e4v\u00f6itt\u00e4\u00e4 maaper\u00e4n mikro-organismien toimintaa.<\/li>\n<li>Lannoitettaessa sekoita kukkien lannoite kanankakkarakeiden kanssa suositellun annostuksen mukaisesti.<\/li>\n<li>1 kg = 20 m\u00b2.<\/li>\n<\/ul>\n","protected":false},"excerpt":{"rendered":"<p>T\u00e4yslannoite, joka sis\u00e4lt\u00e4\u00e4 kaikkia kasvien kasvuun ja kehitykseen tarvittavia p\u00e4\u00e4ravinteita oikeassa suhteessa. Sopii erinomaisesti tulppaanien, ruusujen, petunioiden, k\u00f6ynn\u00f6skasvien, gladiolien, iiristen, surfinioiden, parveke-, kes\u00e4- ja perennakukkien kev\u00e4tkes\u00e4iseen lannoitukseen. Lannoitteen k\u00e4ytt\u00f6 antaa kukille kirkkaan kukan v\u00e4rin, rehev\u00e4t kukat, runsaan ja pitk\u00e4aikaisen kukinnan, vahvan juuriston ja intensiivisen vihre\u00e4n lehtiv\u00e4rin.   Tasapainoisesti ravitut kasvit ovat vastustuskykyisempi\u00e4 tuholaisille ja sienitaudeille.<\/p>\n","protected":false},"featured_media":41478,"template":"","meta":{"_acf_changed":false,"_seopress_robots_primary_cat":"","_seopress_titles_title":"","_seopress_titles_desc":"Kukkien lannoite 1 kg - T\u00e4yslannoite, joka sis\u00e4lt\u00e4\u00e4 kaikkia kasvien kasvuun ja kehitykseen tarvittavia p\u00e4\u00e4ravinteita oikeassa suhteessa.","_seopress_robots_index":"","_gspb_post_css":""},"product_brand":[],"product_cat":[2392,2438,2460],"product_tag":[],"class_list":{"0":"post-41476","1":"product","2":"type-product","3":"status-publish","4":"has-post-thumbnail","6":"product_cat-kaikki-luokat","7":"product_cat-lannoitteet","8":"product_cat-puutarhalannoitteet","10":"first","11":"instock","12":"taxable","13":"shipping-taxable","14":"purchasable","15":"product-type-simple"},"ct_brands":[],"acf":[],"_links":{"self":[{"href":"https:\/\/agrozone.ee\/fi\/wp-json\/wp\/v2\/product\/41476","targetHints":{"allow":["GET"]}}],"collection":[{"href":"https:\/\/agrozone.ee\/fi\/wp-json\/wp\/v2\/product"}],"about":[{"href":"https:\/\/agrozone.ee\/fi\/wp-json\/wp\/v2\/types\/product"}],"wp:featuredmedia":[{"embeddable":true,"href":"https:\/\/agrozone.ee\/fi\/wp-json\/wp\/v2\/media\/41478"}],"wp:attachment":[{"href":"https:\/\/agrozone.ee\/fi\/wp-json\/wp\/v2\/media?parent=41476"}],"wp:term":[{"taxonomy":"product_brand","embeddable":true,"href":"https:\/\/agrozone.ee\/fi\/wp-json\/wp\/v2\/product_brand?post=41476"},{"taxonomy":"product_cat","embeddable":true,"href":"https:\/\/agrozone.ee\/fi\/wp-json\/wp\/v2\/product_cat?post=41476"},{"taxonomy":"product_tag","embeddable":true,"href":"https:\/\/agrozone.ee\/fi\/wp-json\/wp\/v2\/product_tag?post=41476"}],"curies":[{"name":"wp","href":"https:\/\/api.w.org\/{rel}","templated":true}]}}