{"id":41477,"date":"2024-06-09T15:57:30","date_gmt":"2024-06-09T12:57:30","guid":{"rendered":"https:\/\/agrozone.ee\/toode\/syksyinen-havupuiden-lannoite-15-kg\/"},"modified":"2024-06-09T15:57:30","modified_gmt":"2024-06-09T13:57:30","slug":"syksyinen-havupuiden-lannoite-15-kg","status":"publish","type":"product","link":"https:\/\/agrozone.ee\/fi\/tuote\/syksyinen-havupuiden-lannoite-15-kg\/","title":{"rendered":"Syksyinen havupuiden lannoite 15 kg"},"content":{"rendered":"<ul>\n<li>Syksyinen havupuiden lannoite sis\u00e4lt\u00e4\u00e4 kasveille tarvittavat ravinteet ja hivenaineet, jotka auttavat lis\u00e4\u00e4m\u00e4\u00e4n tautien ja talvenkest\u00e4vyytt\u00e4.<\/li>\n<li>Sopii kuusen, tuijan, pihdan, m\u00e4nnyn, katajan, marjakuusen, sypressin, lehtikuusen, tsuugan ja muiden havupuulajien lannoitukseen. <\/li>\n<li>Voidaan k\u00e4ytt\u00e4\u00e4 my\u00f6s puksipuun, orapihlajan ja muiden ikivihreiden kasvien ravinteiden saannin varmistamiseen. <\/li>\n<li>Pohjoismaissa ei suositella k\u00e4ytett\u00e4v\u00e4ksi typpipitoista syyslannoitetta, koska se tekee kasveista kylm\u00e4narkoja.<\/li>\n<\/ul>\n<h3>K\u00e4ytt\u00f6ohjeet<\/h3>\n<ul>\n<li>K\u00e4ytet\u00e4\u00e4n elokuusta lokakuuhun.<\/li>\n<li>Lannoite levitet\u00e4\u00e4n tasaisesti kasvin ymp\u00e4rille ja maata m\u00f6yhistet\u00e4\u00e4n kevyesti.<\/li>\n<li>Lannoituksen j\u00e4lkeen on suositeltavaa kastella kasveja.<\/li>\n<li>Tuija, kuusi, pihta, m\u00e4nty, kataja: 2-5 kg\/100 m\u00b2 eli 40-100 g havupuuta kohden, istutettaessa 8 kg\/100 m\u00b2.<\/li>\n<li><strong>K\u00e4ytt\u00f6m\u00e4\u00e4r\u00e4<\/strong> 40 g\/m\u00b2. 40 g = noin kourallinen. <\/li>\n<\/ul>\n","protected":false},"excerpt":{"rendered":"<ul>\n<li>Syksyinen havupuiden lannoite sis\u00e4lt\u00e4\u00e4 kasveille tarvittavat ravinteet ja hivenaineet, jotka auttavat lis\u00e4\u00e4m\u00e4\u00e4n tautien ja talvenkest\u00e4vyytt\u00e4.<\/li>\n<li>Sopii kuusen, tuijan, pihdan, m\u00e4nnyn, katajan, marjakuusen, sypressin, lehtikuusen, tsuugan ja muiden havupuulajien lannoitukseen. <\/li>\n<li>Voidaan k\u00e4ytt\u00e4\u00e4 my\u00f6s puksipuun, orapihlajan ja muiden ikivihreiden kasvien ravinteiden saannin varmistamiseen. <\/li>\n<\/ul>\n","protected":false},"featured_media":41479,"template":"","meta":{"_acf_changed":false,"_seopress_robots_primary_cat":"none","_seopress_titles_title":"","_seopress_titles_desc":"Syksyinen havupuiden lannoite sis\u00e4lt\u00e4\u00e4 kasveille tarvittavat ravinteet ja hivenaineet, jotka auttavat lis\u00e4\u00e4m\u00e4\u00e4n tautien ja talvenkest\u00e4vyytt\u00e4.","_seopress_robots_index":"","_gspb_post_css":""},"product_brand":[],"product_cat":[2392,2438,2460,2466],"product_tag":[],"class_list":{"0":"post-41477","1":"product","2":"type-product","3":"status-publish","4":"has-post-thumbnail","6":"product_cat-kaikki-luokat","7":"product_cat-lannoitteet","8":"product_cat-puutarhalannoitteet","9":"product_cat-syksy","11":"first","12":"instock","13":"taxable","14":"shipping-taxable","15":"purchasable","16":"product-type-simple"},"ct_brands":[],"acf":[],"_links":{"self":[{"href":"https:\/\/agrozone.ee\/fi\/wp-json\/wp\/v2\/product\/41477","targetHints":{"allow":["GET"]}}],"collection":[{"href":"https:\/\/agrozone.ee\/fi\/wp-json\/wp\/v2\/product"}],"about":[{"href":"https:\/\/agrozone.ee\/fi\/wp-json\/wp\/v2\/types\/product"}],"wp:featuredmedia":[{"embeddable":true,"href":"https:\/\/agrozone.ee\/fi\/wp-json\/wp\/v2\/media\/41479"}],"wp:attachment":[{"href":"https:\/\/agrozone.ee\/fi\/wp-json\/wp\/v2\/media?parent=41477"}],"wp:term":[{"taxonomy":"product_brand","embeddable":true,"href":"https:\/\/agrozone.ee\/fi\/wp-json\/wp\/v2\/product_brand?post=41477"},{"taxonomy":"product_cat","embeddable":true,"href":"https:\/\/agrozone.ee\/fi\/wp-json\/wp\/v2\/product_cat?post=41477"},{"taxonomy":"product_tag","embeddable":true,"href":"https:\/\/agrozone.ee\/fi\/wp-json\/wp\/v2\/product_tag?post=41477"}],"curies":[{"name":"wp","href":"https:\/\/api.w.org\/{rel}","templated":true}]}}