{"id":41480,"date":"2024-06-09T15:56:45","date_gmt":"2024-06-09T13:56:45","guid":{"rendered":"https:\/\/agrozone.ee\/toode\/nitrofoska-1-kg\/"},"modified":"2024-06-09T15:56:45","modified_gmt":"2024-06-09T13:56:45","slug":"nitrofoska-1-kg","status":"publish","type":"product","link":"https:\/\/agrozone.ee\/fi\/tuote\/nitrofoska-1-kg\/","title":{"rendered":"Nitrofoska 1 kg"},"content":{"rendered":"<p><strong>Nitrofoska 1 kg<\/strong><\/p>\n<ul>\n<li>Sopii tomaattien, kurkkujen, perunoiden, mansikoiden, perennojen ja kes\u00e4kukkien, puutarha- ja peltokasvien, hedelm\u00e4puiden, nurmikon, ruusujen, havupuiden ja kaikkien muiden ulko- ja kasvihuonekasvien lannoitukseen.<\/li>\n<li>Sis\u00e4lt\u00e4\u00e4 kaikkia kasvien kasvuun ja kehitykseen tarvittavia ravinteita sopivassa suhteessa.<\/li>\n<li>Lannoitteen k\u00e4ytt\u00f6 varmistaa kasvien hyv\u00e4n kasvun, runsaan kukinnan ja laadukkaan sadon!<\/li>\n<\/ul>\n<h4>K\u00e4ytt\u00f6ohjeet<\/h4>\n<ul>\n<li>K\u00e4yt\u00e4 aikaisin kev\u00e4\u00e4st\u00e4 my\u00f6h\u00e4iseen kes\u00e4\u00e4n (maaliskuusta elokuuhun) 2\u20133 kertaa kasvukauden aikana.<\/li>\n<li>Levit\u00e4 lannoite tasaisesti ja sekoita maahan.<\/li>\n<li>Lannoituksen j\u00e4lkeen on suositeltavaa kastella kasveja.<\/li>\n<li>Suositus: k\u00e4yt\u00e4 yhdess\u00e4 orgaanisen ja mineraalilannoitteen kanssa. Orgaaninen lannoite, kanankakka, parantaa maaper\u00e4n rakennetta ja el\u00e4v\u00f6itt\u00e4\u00e4 maaper\u00e4n mikro-organismien toimintaa. <\/li>\n<li>Lannoitettaessa sekoita Nitrofoska kanankakkarakeiden kanssa suositellun annostuksen mukaisesti.<\/li>\n<li>M\u00c4\u00c4R\u00c4 1 kg = 50 m\u00b2.<\/li>\n<\/ul>\n","protected":false},"excerpt":{"rendered":"<ul>\n<li>Sopii tomaattien, kurkkujen, perunoiden, mansikoiden, perennojen ja kes\u00e4kukkien, puutarha- ja peltokasvien, hedelm\u00e4puiden, nurmikon, ruusujen, havupuiden ja kaikkien muiden ulko- ja kasvihuonekasvien lannoitukseen.<\/li>\n<li>Sis\u00e4lt\u00e4\u00e4 kaikkia kasvien kasvuun ja kehitykseen tarvittavia ravinteita sopivassa suhteessa.<\/li>\n<li>Lannoitteen k\u00e4ytt\u00f6 varmistaa kasvien hyv\u00e4n kasvun, runsaan kukinnan ja laadukkaan sadon!<\/li>\n<\/ul>\n","protected":false},"featured_media":41482,"template":"","meta":{"_acf_changed":false,"_seopress_robots_primary_cat":"","_seopress_titles_title":"","_seopress_titles_desc":"Nitrofoska 1 kg - Sis\u00e4lt\u00e4\u00e4 kaikkia kasvien kasvuun ja kehitykseen tarvittavia ravinteita oikeassa suhteessa. Lannoitteen k\u00e4ytt\u00f6 takaa kasvien hyv\u00e4n kasvun. ","_seopress_robots_index":"","_gspb_post_css":""},"product_brand":[],"product_cat":[2392,2438,2460],"product_tag":[],"class_list":{"0":"post-41480","1":"product","2":"type-product","3":"status-publish","4":"has-post-thumbnail","6":"product_cat-kaikki-luokat","7":"product_cat-lannoitteet","8":"product_cat-puutarhalannoitteet","10":"first","11":"instock","12":"taxable","13":"shipping-taxable","14":"purchasable","15":"product-type-simple"},"ct_brands":[],"acf":[],"_links":{"self":[{"href":"https:\/\/agrozone.ee\/fi\/wp-json\/wp\/v2\/product\/41480","targetHints":{"allow":["GET"]}}],"collection":[{"href":"https:\/\/agrozone.ee\/fi\/wp-json\/wp\/v2\/product"}],"about":[{"href":"https:\/\/agrozone.ee\/fi\/wp-json\/wp\/v2\/types\/product"}],"wp:featuredmedia":[{"embeddable":true,"href":"https:\/\/agrozone.ee\/fi\/wp-json\/wp\/v2\/media\/41482"}],"wp:attachment":[{"href":"https:\/\/agrozone.ee\/fi\/wp-json\/wp\/v2\/media?parent=41480"}],"wp:term":[{"taxonomy":"product_brand","embeddable":true,"href":"https:\/\/agrozone.ee\/fi\/wp-json\/wp\/v2\/product_brand?post=41480"},{"taxonomy":"product_cat","embeddable":true,"href":"https:\/\/agrozone.ee\/fi\/wp-json\/wp\/v2\/product_cat?post=41480"},{"taxonomy":"product_tag","embeddable":true,"href":"https:\/\/agrozone.ee\/fi\/wp-json\/wp\/v2\/product_tag?post=41480"}],"curies":[{"name":"wp","href":"https:\/\/api.w.org\/{rel}","templated":true}]}}