{"id":41484,"date":"2024-06-09T15:57:09","date_gmt":"2024-06-09T12:57:09","guid":{"rendered":"https:\/\/agrozone.ee\/toode\/ruusulannoite-pitkavaikutteinen-750-g\/"},"modified":"2024-06-09T15:57:09","modified_gmt":"2024-06-09T13:57:09","slug":"ruusulannoite-pitkavaikutteinen-750-g","status":"publish","type":"product","link":"https:\/\/agrozone.ee\/fi\/tuote\/ruusulannoite-pitkavaikutteinen-750-g\/","title":{"rendered":"Ruusulannoite pitk\u00e4vaikutteinen 750 g"},"content":{"rendered":"<ul>\n<li>Baltic Agron mikroelementtej\u00e4 sis\u00e4lt\u00e4v\u00e4n pitk\u00e4vaikutteisen ruusulannoitteen rakeiden erityinen sidekuori mahdollistaa ravinteiden vapautumisen v\u00e4hitellen kasvin tarpeen mukaan 3-4 kuukauden aikana, mik\u00e4 varmistaa tasaisen ravinteiden saannin ilman yliannostusta.<\/li>\n<li>Nopeuttaa kukinnan alkamista ja edist\u00e4\u00e4 uusien kukkanuppujen muodostumista.<\/li>\n<li>Lannoitteessa oleva magnesium ja hivenaineet vahvistavat kasveja, takaavat optimaalisen kasvun ja tekev\u00e4t kukan v\u00e4rist\u00e4 kirkkaan.<\/li>\n<li>Ruusut kukkivat runsaasti ja pitk\u00e4\u00e4n.<\/li>\n<li>Lannoitteessa oleva kalium vahvistaa kasveja, tekee kukkien tuoksun intensiivisemm\u00e4ksi ja lis\u00e4\u00e4 kasvien kylm\u00e4nkest\u00e4vyytt\u00e4 sek\u00e4 vastustuskyky\u00e4 ep\u00e4suotuisia kasvuolosuhteita ja tauteja vastaan.<\/li>\n<\/ul>\n<h3>K\u00e4ytt\u00f6ohjeet<\/h3>\n<ul>\n<li>Lannoitetaan kerran vuodessa huhtikuusta elokuuhun.<\/li>\n<li>Elokuusta alkaen lannoitetaan kasveja Baltic Agron syksyisella puutarhalannoitteella.<\/li>\n<\/ul>\n","protected":false},"excerpt":{"rendered":"<ul>\n<li>Baltic Agron mikroelementtej\u00e4 sis\u00e4lt\u00e4v\u00e4n pitk\u00e4vaikutteisen ruusulannoitteen rakeiden erityinen sidekuori mahdollistaa ravinteiden vapautumisen v\u00e4hitellen kasvin tarpeen mukaan 3-4 kuukauden aikana, mik\u00e4 varmistaa tasaisen ravinteiden saannin ilman yliannostusta.<\/li>\n<li>Nopeuttaa kukinnan alkamista ja edist\u00e4\u00e4 uusien kukkanuppujen muodostumista.<\/li>\n<li>Lannoitteessa oleva magnesium ja hivenaineet vahvistavat kasveja, takaavat optimaalisen kasvun ja tekev\u00e4t kukan v\u00e4rist\u00e4 kirkkaan.<\/li>\n<li>Ruusut kukkivat runsaasti ja pitk\u00e4\u00e4n.<\/li>\n<li>Lannoitteessa oleva kalium vahvistaa kasveja, tekee kukkien tuoksun intensiivisemm\u00e4ksi ja lis\u00e4\u00e4 kasvien kylm\u00e4nkest\u00e4vyytt\u00e4 sek\u00e4 vastustuskyky\u00e4 ep\u00e4suotuisia kasvuolosuhteita ja tauteja vastaan.<\/li>\n<\/ul>\n","protected":false},"featured_media":57458,"template":"","meta":{"_acf_changed":false,"_seopress_robots_primary_cat":"","_seopress_titles_title":"","_seopress_titles_desc":"Pitk\u00e4vaikutteinen ruusulannoite - rakeiden erityinen sidekuori mahdollistaa ravinteiden vapautumisen v\u00e4hitellen kasvin tarpeen mukaan 3-4 kuukauden aikana.","_seopress_robots_index":"","_gspb_post_css":""},"product_brand":[],"product_cat":[2392,2438,2464,2460],"product_tag":[],"class_list":{"0":"post-41484","1":"product","2":"type-product","3":"status-publish","4":"has-post-thumbnail","6":"product_cat-kaikki-luokat","7":"product_cat-lannoitteet","8":"product_cat-nopeasti-vaikuttava-lannoite","9":"product_cat-puutarhalannoitteet","11":"first","12":"instock","13":"taxable","14":"shipping-taxable","15":"purchasable","16":"product-type-simple"},"ct_brands":[],"acf":[],"_links":{"self":[{"href":"https:\/\/agrozone.ee\/fi\/wp-json\/wp\/v2\/product\/41484","targetHints":{"allow":["GET"]}}],"collection":[{"href":"https:\/\/agrozone.ee\/fi\/wp-json\/wp\/v2\/product"}],"about":[{"href":"https:\/\/agrozone.ee\/fi\/wp-json\/wp\/v2\/types\/product"}],"wp:featuredmedia":[{"embeddable":true,"href":"https:\/\/agrozone.ee\/fi\/wp-json\/wp\/v2\/media\/57458"}],"wp:attachment":[{"href":"https:\/\/agrozone.ee\/fi\/wp-json\/wp\/v2\/media?parent=41484"}],"wp:term":[{"taxonomy":"product_brand","embeddable":true,"href":"https:\/\/agrozone.ee\/fi\/wp-json\/wp\/v2\/product_brand?post=41484"},{"taxonomy":"product_cat","embeddable":true,"href":"https:\/\/agrozone.ee\/fi\/wp-json\/wp\/v2\/product_cat?post=41484"},{"taxonomy":"product_tag","embeddable":true,"href":"https:\/\/agrozone.ee\/fi\/wp-json\/wp\/v2\/product_tag?post=41484"}],"curies":[{"name":"wp","href":"https:\/\/api.w.org\/{rel}","templated":true}]}}