{"id":41492,"date":"2024-06-09T15:57:51","date_gmt":"2024-06-09T12:57:51","guid":{"rendered":"https:\/\/agrozone.ee\/toode\/tomaatin-kastelu-lannoite-300-g\/"},"modified":"2024-06-09T15:57:51","modified_gmt":"2024-06-09T13:57:51","slug":"tomaatin-kastelu-lannoite-300-g","status":"publish","type":"product","link":"https:\/\/agrozone.ee\/fi\/tuote\/tomaatin-kastelu-lannoite-300-g\/","title":{"rendered":"Tomaatin kastelu lannoite 300 g"},"content":{"rendered":"<p><strong>Tomaatin kastelu lannoite 300 g<\/strong><\/p>\n<ul>\n<li>Nopeasti vaikuttava veteen liukeneva mikroelementtej\u00e4 sis\u00e4lt\u00e4v\u00e4 t\u00e4yslannoite kasvihuone- ja avomaatomaattien sek\u00e4 paprikoiden kasteluun.<\/li>\n<li>Sis\u00e4lt\u00e4\u00e4 kaikkia kasvien kasvuun ja kehitykseen tarvittavia p\u00e4\u00e4ravinteita oikeassa suhteessa sek\u00e4 hivenaineita helposti imeytyv\u00e4ss\u00e4 muodossa.<\/li>\n<li>Suuri kaliumpitoisuus takaa suuret ja mehukkaat hedelm\u00e4t.<\/li>\n<li>Lannoitus parantaa kasvua, varmistaa runsaan kukinnan ja hedelm\u00f6itymisen sek\u00e4 maukkaan ja suuren sadon.<\/li>\n<li>Tasapainoisesti ravitut kasvit ovat vastustuskykyisempi\u00e4 tuholaisille ja sienitaudeille.<\/li>\n<\/ul>\n<p>&nbsp;<\/p>\n<h3>K\u00e4ytt\u00f6ohjeet<\/h3>\n<ul>\n<li>Tomaatin taimien lannoitus aloitetaan 14 p\u00e4iv\u00e4\u00e4 koulinnan j\u00e4lkeen.<\/li>\n<li>Liuota jauhe veteen ja kastele kasveja kahdesti viikossa 1 kukkurallisella mitallisella 5 litraan vett\u00e4 tai kerran viikossa 2 kukkurallisella mitallisella 5 litraan vett\u00e4 valmistetulla liuoksella.<\/li>\n<li>Joka kolmannella kastelukerralla on tarkoituksenmukaista kastella 0,1-prosenttisella kalsiumnitraattiliuoksella (tomaatin latvam\u00e4d\u00e4n est\u00e4miseksi).<\/li>\n<li>Lehtien kautta lannoitettaessa ruiskutetaan 0,5-prosenttisella liuoksella (1 kukkuramitallinen 1 litraan vett\u00e4).<\/li>\n<li>Ruiskutettaessa on v\u00e4ltett\u00e4v\u00e4 kuumaa, aurinkoista s\u00e4\u00e4t\u00e4 ja ruiskutettava pilvisell\u00e4 s\u00e4\u00e4ll\u00e4, aamulla tai illalla.<\/li>\n<li>* \u00c4mp\u00e4riss\u00e4 on mitallinen.<\/li>\n<li>1 kukkuramitallinen lannoitetta = 2 g.<\/li>\n<li>300 g riitt\u00e4\u00e4 600 litraan vett\u00e4.<\/li>\n<\/ul>\n","protected":false},"excerpt":{"rendered":"<ul>\n<li>Nopeasti vaikuttava veteen liukeneva mikroelementtej\u00e4 sis\u00e4lt\u00e4v\u00e4 t\u00e4yslannoite kasvihuone- ja avomaatomaattien sek\u00e4 paprikoiden kasteluun.<\/li>\n<li>Sis\u00e4lt\u00e4\u00e4 kaikkia kasvien kasvuun ja kehitykseen tarvittavia p\u00e4\u00e4ravinteita oikeassa suhteessa sek\u00e4 hivenaineita helposti imeytyv\u00e4ss\u00e4 muodossa.<\/li>\n<li>Suuri kaliumpitoisuus takaa suuret ja mehukkaat hedelm\u00e4t.<\/li>\n<li>Lannoitus parantaa kasvua, varmistaa runsaan kukinnan ja hedelm\u00f6itymisen sek\u00e4 maukkaan ja suuren sadon.<\/li>\n<li>Tasapainoisesti ravitut kasvit ovat vastustuskykyisempi\u00e4 tuholaisille ja sienitaudeille.<\/li>\n<\/ul>\n","protected":false},"featured_media":57621,"template":"","meta":{"_acf_changed":false,"_seopress_robots_primary_cat":"","_seopress_titles_title":"","_seopress_titles_desc":"Tomaatin kastelu lannoite 300 g - Nopeasti vaikuttava veteen liukeneva mikroelementtej\u00e4 sis\u00e4lt\u00e4v\u00e4 t\u00e4yslannoite kasvihuone- ja avomaatomaattien sek\u00e4 paprikoiden kasteluun.","_seopress_robots_index":"","_gspb_post_css":""},"product_brand":[],"product_cat":[2392,2461,2438,2460],"product_tag":[],"class_list":{"0":"post-41492","1":"product","2":"type-product","3":"status-publish","4":"has-post-thumbnail","6":"product_cat-kaikki-luokat","7":"product_cat-kasteluun-sekoitettava-lannoite","8":"product_cat-lannoitteet","9":"product_cat-puutarhalannoitteet","11":"first","12":"instock","13":"taxable","14":"shipping-taxable","15":"purchasable","16":"product-type-simple"},"ct_brands":[],"acf":[],"_links":{"self":[{"href":"https:\/\/agrozone.ee\/fi\/wp-json\/wp\/v2\/product\/41492","targetHints":{"allow":["GET"]}}],"collection":[{"href":"https:\/\/agrozone.ee\/fi\/wp-json\/wp\/v2\/product"}],"about":[{"href":"https:\/\/agrozone.ee\/fi\/wp-json\/wp\/v2\/types\/product"}],"wp:featuredmedia":[{"embeddable":true,"href":"https:\/\/agrozone.ee\/fi\/wp-json\/wp\/v2\/media\/57621"}],"wp:attachment":[{"href":"https:\/\/agrozone.ee\/fi\/wp-json\/wp\/v2\/media?parent=41492"}],"wp:term":[{"taxonomy":"product_brand","embeddable":true,"href":"https:\/\/agrozone.ee\/fi\/wp-json\/wp\/v2\/product_brand?post=41492"},{"taxonomy":"product_cat","embeddable":true,"href":"https:\/\/agrozone.ee\/fi\/wp-json\/wp\/v2\/product_cat?post=41492"},{"taxonomy":"product_tag","embeddable":true,"href":"https:\/\/agrozone.ee\/fi\/wp-json\/wp\/v2\/product_tag?post=41492"}],"curies":[{"name":"wp","href":"https:\/\/api.w.org\/{rel}","templated":true}]}}