{"id":41496,"date":"2024-06-09T15:57:52","date_gmt":"2024-06-09T12:57:52","guid":{"rendered":"https:\/\/agrozone.ee\/toode\/tomaatin-lannoitepuikot\/"},"modified":"2024-06-09T15:57:52","modified_gmt":"2024-06-09T13:57:52","slug":"tomaatin-lannoitepuikot","status":"publish","type":"product","link":"https:\/\/agrozone.ee\/fi\/tuote\/tomaatin-lannoitepuikot\/","title":{"rendered":"Tomaatin lannoitepuikot"},"content":{"rendered":"<p>Tomaatin lannoitepuikot sis\u00e4lt\u00e4v\u00e4t ravinteita hitaasti liukenevassa muodossa, mik\u00e4 mahdollistaa kasvien ime\u00e4 niit\u00e4 v\u00e4hitellen tarpeen mukaan. Yliannostuksen vaaraa ei siis ole. Tomaatin taimet tarvitsevat kasvaakseen hedelm\u00e4llist\u00e4 ja vett\u00e4 l\u00e4p\u00e4isev\u00e4\u00e4 maaper\u00e4\u00e4, paljon valoa, l\u00e4mp\u00f6\u00e4 ja ravinteita. Lannoitepuikot takaavat tomaatin taimille tasapainoisen ravinnetason maaper\u00e4ss\u00e4 useiksi kuukausiksi. Tuloksena on runsas ja maukas sato. Kasvun aikana lehtihangoista tulevat sivuversot poistetaan.   <\/p>\n<p>&nbsp;<\/p>\n<h3>K\u00e4ytt\u00f6ohjeet<\/h3>\n<p>Lannoitepuikko painetaan koko pituudeltaan maahan 15 cm p\u00e4\u00e4h\u00e4n taimesta. Lajikkeen kasvuvuudesta riippuen laitetaan 1-2 puikkoa tainta kohti. Ensimm\u00e4isten tomaattien ilmestymisen j\u00e4lkeen on suositeltavaa lannoittaa uudelleen pienemm\u00e4ll\u00e4 annoksella (1\/3-1 puikkoa tainta kohti).  <\/p>\n","protected":false},"excerpt":{"rendered":"<p>Tomaatin lannoitepuikot sis\u00e4lt\u00e4v\u00e4t ravinteita hitaasti liukenevassa muodossa, mik\u00e4 mahdollistaa kasvien ime\u00e4 niit\u00e4 v\u00e4hitellen tarpeen mukaan. Yliannostuksen vaaraa ei siis ole. Tomaatin taimet tarvitsevat kasvaakseen hedelm\u00e4llist\u00e4 ja vett\u00e4 l\u00e4p\u00e4isev\u00e4\u00e4 maaper\u00e4\u00e4, paljon valoa, l\u00e4mp\u00f6\u00e4 ja ravinteita. Lannoitepuikot takaavat tomaatin taimille tasapainoisen ravinnetason maaper\u00e4ss\u00e4 useiksi kuukausiksi. Tuloksena on runsas ja maukas sato. Kasvun aikana lehtihangoista tulevat sivuversot poistetaan.   <\/p>\n","protected":false},"featured_media":41498,"template":"","meta":{"_acf_changed":false,"_seopress_robots_primary_cat":"","_seopress_titles_title":"","_seopress_titles_desc":"","_seopress_robots_index":"","_gspb_post_css":""},"product_brand":[],"product_cat":[2392,2438,2460],"product_tag":[],"class_list":{"0":"post-41496","1":"product","2":"type-product","3":"status-publish","4":"has-post-thumbnail","6":"product_cat-kaikki-luokat","7":"product_cat-lannoitteet","8":"product_cat-puutarhalannoitteet","10":"first","11":"instock","12":"taxable","13":"shipping-taxable","14":"purchasable","15":"product-type-simple"},"ct_brands":[],"acf":[],"_links":{"self":[{"href":"https:\/\/agrozone.ee\/fi\/wp-json\/wp\/v2\/product\/41496","targetHints":{"allow":["GET"]}}],"collection":[{"href":"https:\/\/agrozone.ee\/fi\/wp-json\/wp\/v2\/product"}],"about":[{"href":"https:\/\/agrozone.ee\/fi\/wp-json\/wp\/v2\/types\/product"}],"wp:featuredmedia":[{"embeddable":true,"href":"https:\/\/agrozone.ee\/fi\/wp-json\/wp\/v2\/media\/41498"}],"wp:attachment":[{"href":"https:\/\/agrozone.ee\/fi\/wp-json\/wp\/v2\/media?parent=41496"}],"wp:term":[{"taxonomy":"product_brand","embeddable":true,"href":"https:\/\/agrozone.ee\/fi\/wp-json\/wp\/v2\/product_brand?post=41496"},{"taxonomy":"product_cat","embeddable":true,"href":"https:\/\/agrozone.ee\/fi\/wp-json\/wp\/v2\/product_cat?post=41496"},{"taxonomy":"product_tag","embeddable":true,"href":"https:\/\/agrozone.ee\/fi\/wp-json\/wp\/v2\/product_tag?post=41496"}],"curies":[{"name":"wp","href":"https:\/\/api.w.org\/{rel}","templated":true}]}}