{"id":41497,"date":"2024-06-09T15:57:30","date_gmt":"2024-06-09T12:57:30","guid":{"rendered":"https:\/\/agrozone.ee\/toode\/yleiskayttoinen-kastelu-lannoite-300-g\/"},"modified":"2024-06-09T15:57:30","modified_gmt":"2024-06-09T13:57:30","slug":"yleiskayttoinen-kastelu-lannoite-300-g","status":"publish","type":"product","link":"https:\/\/agrozone.ee\/fi\/tuote\/yleiskayttoinen-kastelu-lannoite-300-g\/","title":{"rendered":"Yleisk\u00e4ytt\u00f6inen kastelu lannoite 300 g"},"content":{"rendered":"<p>Nopeasti vaikuttava veteen liukeneva mikroelementtej\u00e4 sis\u00e4lt\u00e4v\u00e4 t\u00e4yslannoite kaikkien huone-, amppeli- ja parvekekukkien, ruusujen, koristepuiden ja -pensaiden, vihannesten sek\u00e4 hedelm\u00e4puiden ja marjakasvien kasteluun tai lehtien kautta lannoitukseen. Antaa kukille kirkkaan kukan v\u00e4rin, rehev\u00e4t kukat, runsaan ja pitk\u00e4aikaisen kukinnan, vahvan juuriston ja intensiivisen vihre\u00e4n lehtiv\u00e4rin. Marja- ja vihanneskasvit tuottavat maukkaan ja runsaan sadon.  <\/p>\n<p>&nbsp;<\/p>\n<h3>K\u00e4ytt\u00f6ohjeet<\/h3>\n<p>Valmistele kasteluliuos liuottamalla sopiva m\u00e4\u00e4r\u00e4 lannoitetta veteen. Kastele kasveja saadulla liuoksella. KAIKKI PUUTARHAKASVIT: 2 kukkurallinen mittalusikallinen* 5 litraan vett\u00e4 kerran viikossa tai 4 kukkurallinen mittalusikallinen 5 litraan vett\u00e4 1\u20132 viikon v\u00e4lein kasteltaessa. HUONEKASVIT: Kerran viikossa huhtikuusta elokuuhun \u2013 1 kukkuramitallinen 2 litraan vett\u00e4. Talvella kerran kuukaudessa \u2013 1 kukkuramitallinen 2 litraan vett\u00e4. Lehtien kautta lannoitettaessa 1 %:n liuoksella: 5 kukkurallinen mittalusikallinen 1 litraan vett\u00e4. Ruiskutettaessa on v\u00e4ltett\u00e4v\u00e4 kuumaa, aurinkoista s\u00e4\u00e4t\u00e4; ruiskutetaan pilvisell\u00e4 s\u00e4\u00e4ll\u00e4, aamulla tai illalla. *\u00c4mp\u00e4riss\u00e4 on mittalusikallinen.        1 kukkuramitallinen lannoitetta = 2 g. 300 g riitt\u00e4\u00e4 600 litraan vett\u00e4.<\/p>\n","protected":false},"excerpt":{"rendered":"<p>Nopeasti vaikuttava veteen liukeneva mikroelementtej\u00e4 sis\u00e4lt\u00e4v\u00e4 t\u00e4yslannoite kaikkien huone-, amppeli- ja parvekekukkien, ruusujen, koristepuiden ja -pensaiden, vihannesten sek\u00e4 hedelm\u00e4puiden ja marjakasvien kasteluun tai lehtien kautta lannoitukseen. Antaa kukille kirkkaan kukan v\u00e4rin, rehev\u00e4t kukat, runsaan ja pitk\u00e4aikaisen kukinnan, vahvan juuriston ja intensiivisen vihre\u00e4n lehtiv\u00e4rin. Marja- ja vihanneskasvit tuottavat maukkaan ja runsaan sadon.  <\/p>\n","protected":false},"featured_media":57589,"template":"","meta":{"_acf_changed":false,"_seopress_robots_primary_cat":"","_seopress_titles_title":"","_seopress_titles_desc":"","_seopress_robots_index":"","_gspb_post_css":""},"product_brand":[],"product_cat":[2467,2392,2461,2438,2460],"product_tag":[],"class_list":{"0":"post-41497","1":"product","2":"type-product","3":"status-publish","4":"has-post-thumbnail","6":"product_cat-huonekasvien-lannoitteet","7":"product_cat-kaikki-luokat","8":"product_cat-kasteluun-sekoitettava-lannoite","9":"product_cat-lannoitteet","10":"product_cat-puutarhalannoitteet","12":"first","13":"instock","14":"taxable","15":"shipping-taxable","16":"purchasable","17":"product-type-simple"},"ct_brands":[],"acf":[],"_links":{"self":[{"href":"https:\/\/agrozone.ee\/fi\/wp-json\/wp\/v2\/product\/41497","targetHints":{"allow":["GET"]}}],"collection":[{"href":"https:\/\/agrozone.ee\/fi\/wp-json\/wp\/v2\/product"}],"about":[{"href":"https:\/\/agrozone.ee\/fi\/wp-json\/wp\/v2\/types\/product"}],"wp:featuredmedia":[{"embeddable":true,"href":"https:\/\/agrozone.ee\/fi\/wp-json\/wp\/v2\/media\/57589"}],"wp:attachment":[{"href":"https:\/\/agrozone.ee\/fi\/wp-json\/wp\/v2\/media?parent=41497"}],"wp:term":[{"taxonomy":"product_brand","embeddable":true,"href":"https:\/\/agrozone.ee\/fi\/wp-json\/wp\/v2\/product_brand?post=41497"},{"taxonomy":"product_cat","embeddable":true,"href":"https:\/\/agrozone.ee\/fi\/wp-json\/wp\/v2\/product_cat?post=41497"},{"taxonomy":"product_tag","embeddable":true,"href":"https:\/\/agrozone.ee\/fi\/wp-json\/wp\/v2\/product_tag?post=41497"}],"curies":[{"name":"wp","href":"https:\/\/api.w.org\/{rel}","templated":true}]}}