{"id":41501,"date":"2024-06-09T15:57:08","date_gmt":"2024-06-09T12:57:08","guid":{"rendered":"https:\/\/agrozone.ee\/toode\/pitkavaikutteinen-huone-parveke-ja-amppelikasvien-lannoite-500-g\/"},"modified":"2024-06-09T15:57:08","modified_gmt":"2024-06-09T13:57:08","slug":"pitkavaikutteinen-huone-parveke-ja-amppelikasvien-lannoite-500-g","status":"publish","type":"product","link":"https:\/\/agrozone.ee\/fi\/tuote\/pitkavaikutteinen-huone-parveke-ja-amppelikasvien-lannoite-500-g\/","title":{"rendered":"Pitk\u00e4vaikutteinen huone-, parveke- ja amppelikasvien lannoite 500 g"},"content":{"rendered":"<p><strong>Pitk\u00e4vaikutteinen huone-, parveke- ja amppelikasvien lannoite 500 g &#8211; NPK (Mg) 16-14-14 (+2).<\/strong><\/p>\n<ul>\n<li>Edist\u00e4\u00e4 voimakasta kasvua ja pitk\u00e4kestoista kukintaa koko kasvukauden ajan.<\/li>\n<li>Huone-, parveke- ja amppelikasvien pitk\u00e4vaikutteinen lannoite on pitk\u00e4kestoinen ja ymp\u00e4rist\u00f6yst\u00e4v\u00e4llinen t\u00e4yslannoite.<\/li>\n<li>T\u00e4st\u00e4 erityisen koostumuksen omaavasta lannoitteesta kasvi imee ravinteita v\u00e4hitellen 3 kuukauden ajan.<\/li>\n<li>Kasvit ovat terveit\u00e4, kukkivat runsaasti ja tuottavat hyv\u00e4n sadon.<\/li>\n<li>T\u00e4m\u00e4 takaa tasaisen ravinteiden saannin ilman yliannostuksen riski\u00e4 sek\u00e4 v\u00e4hent\u00e4\u00e4 ravinteiden h\u00e4vikki\u00e4 huuhtoutumisen vuoksi.<\/li>\n<li>Pitk\u00e4vaikutteinen huone-, parveke- ja puutarhakasvien lannoite on siis ymp\u00e4rist\u00f6yst\u00e4v\u00e4llinen ja k\u00e4tev\u00e4n pakkauksen ansiosta helppok\u00e4ytt\u00f6inen.<\/li>\n<\/ul>\n<h3>K\u00e4ytt\u00f6ohjeet<\/h3>\n<ul>\n<li>K\u00e4ytet\u00e4\u00e4n kerran kev\u00e4tkes\u00e4isen kasvukauden aikana.<\/li>\n<li>Pitk\u00e4vaikutteinen lannoite on ymp\u00e4rist\u00f6yst\u00e4v\u00e4llinen ja k\u00e4tev\u00e4n pakkauksen ansiosta sit\u00e4 on helppo annostella ja k\u00e4ytt\u00e4\u00e4.<\/li>\n<\/ul>\n<p><strong>Sis\u00e4kasvit ruukun halkaisijan mukaan:<\/strong><\/p>\n<p>12-15 cm: 5 g<br \/>16-18 cm: 10 g<br \/>18-20 cm: 15 g<br \/>21-24 cm: 20 g<br \/><strong>Yrttikasvit:<\/strong> 10 g\/kasvi<br \/><strong>Parvekelaatikot:<\/strong> 25 g 30 cm pituutta kohden<br \/><strong>Kukkaruukut:<\/strong> 50 g 10 litraa multaa kohden<br \/><strong>Kes\u00e4kukat ja hautausmaan kasvit:<\/strong> 75 g\/m2<br \/><strong>Ruusut:<\/strong> noin 25 g\/kasvi tai pensas<br \/><strong>Mansikat:<\/strong> 20 g\/m2<br \/><strong>Tomaatti, kurkku, kes\u00e4kurpitsa:<\/strong> 25 g\/kasvi<br \/><strong>Pinaatti, salaatti:<\/strong> 40 g\/m2<br \/><strong>Hedelm\u00e4puut, marjapensaat ja havupuut:<\/strong> 20 g kasvin korkeuden jokaista metri\u00e4 kohden<\/p>\n<ul>\n<li><strong>5 g = 1 tl<\/strong><\/li>\n<li><strong>25 g = 1 kukkurainen ruokalusikallinen<\/strong><\/li>\n<\/ul>\n<p><strong>S\u00c4ILYTYS.<\/strong><\/p>\n<ul>\n<li>S\u00e4ilyt\u00e4 alkuper\u00e4ispakkauksessa, kuivassa, lasten ja lemmikkiel\u00e4inten ulottumattomissa.<\/li>\n<li>Oikein s\u00e4ilytettyn\u00e4 k\u00e4ytt\u00f6aika ei ole rajoitettu.<\/li>\n<\/ul>\n","protected":false},"excerpt":{"rendered":"<ul>\n<li>Huone-, parveke- ja amppelikasvien pitk\u00e4vaikutteinen lannoite on pitk\u00e4kestoinen ja ymp\u00e4rist\u00f6yst\u00e4v\u00e4llinen t\u00e4yslannoite.<\/li>\n<li>T\u00e4st\u00e4 erityisen koostumuksen omaavasta lannoitteesta kasvi imee ravinteita v\u00e4hitellen 3 kuukauden ajan.<\/li>\n<li>Kasvit ovat terveit\u00e4, kukkivat runsaasti ja tuottavat hyv\u00e4n sadon.<\/li>\n<\/ul>\n","protected":false},"featured_media":41503,"template":"","meta":{"_acf_changed":false,"_seopress_robots_primary_cat":"","_seopress_titles_title":"","_seopress_titles_desc":"Huone-, parveke- ja amppelikasvien pitk\u00e4vaikutteinen lannoite on pitk\u00e4kestoinen ja ymp\u00e4rist\u00f6yst\u00e4v\u00e4llinen t\u00e4yslannoite. Kasvit ovat terveit\u00e4 ja kukkivat runsaasti. NPK 16-14-14.  ","_seopress_robots_index":"","_gspb_post_css":""},"product_brand":[],"product_cat":[2392,2438,2464,2460],"product_tag":[],"class_list":{"0":"post-41501","1":"product","2":"type-product","3":"status-publish","4":"has-post-thumbnail","6":"product_cat-kaikki-luokat","7":"product_cat-lannoitteet","8":"product_cat-nopeasti-vaikuttava-lannoite","9":"product_cat-puutarhalannoitteet","11":"first","12":"instock","13":"taxable","14":"shipping-taxable","15":"purchasable","16":"product-type-simple"},"ct_brands":[],"acf":[],"_links":{"self":[{"href":"https:\/\/agrozone.ee\/fi\/wp-json\/wp\/v2\/product\/41501","targetHints":{"allow":["GET"]}}],"collection":[{"href":"https:\/\/agrozone.ee\/fi\/wp-json\/wp\/v2\/product"}],"about":[{"href":"https:\/\/agrozone.ee\/fi\/wp-json\/wp\/v2\/types\/product"}],"wp:featuredmedia":[{"embeddable":true,"href":"https:\/\/agrozone.ee\/fi\/wp-json\/wp\/v2\/media\/41503"}],"wp:attachment":[{"href":"https:\/\/agrozone.ee\/fi\/wp-json\/wp\/v2\/media?parent=41501"}],"wp:term":[{"taxonomy":"product_brand","embeddable":true,"href":"https:\/\/agrozone.ee\/fi\/wp-json\/wp\/v2\/product_brand?post=41501"},{"taxonomy":"product_cat","embeddable":true,"href":"https:\/\/agrozone.ee\/fi\/wp-json\/wp\/v2\/product_cat?post=41501"},{"taxonomy":"product_tag","embeddable":true,"href":"https:\/\/agrozone.ee\/fi\/wp-json\/wp\/v2\/product_tag?post=41501"}],"curies":[{"name":"wp","href":"https:\/\/api.w.org\/{rel}","templated":true}]}}