{"id":41504,"date":"2024-06-09T15:57:29","date_gmt":"2024-06-09T12:57:29","guid":{"rendered":"https:\/\/agrozone.ee\/toode\/syksyinen-kastelu-lannoite-300-g\/"},"modified":"2024-06-09T15:57:29","modified_gmt":"2024-06-09T13:57:29","slug":"syksyinen-kastelu-lannoite-300-g","status":"publish","type":"product","link":"https:\/\/agrozone.ee\/fi\/tuote\/syksyinen-kastelu-lannoite-300-g\/","title":{"rendered":"Syksyinen kastelu lannoite 300 g"},"content":{"rendered":"<ul>\n<li>Nopeasti vaikuttava veteen liukeneva syksyinen kastelu lannoite.<\/li>\n<li>Fosfori ja kalium edist\u00e4v\u00e4t sadon nopeaa kypsymist\u00e4 ja juuriston vahvaa kehityst\u00e4.<\/li>\n<li>Lannoitteessa olevat ravinteet ovat t\u00e4rkeit\u00e4 kasvien hyv\u00e4n talvehtimisen, versojen puutumisen ja seuraavan vuoden kasvuun valmistautumisen kannalta.<\/li>\n<li>K\u00e4yt\u00e4 kasvihuoneessa\/avomaalla sadon kypsymisen nopeuttamiseksi.<\/li>\n<li>Sopii hyvin istutuksen j\u00e4lkeiseen kasvien hoitoon ymp\u00e4ri vuoden ja on ihanteellinen kastelu lannoite katettuihin kukkapenkkeihin.<\/li>\n<\/ul>\n<h3>K\u00e4ytt\u00f6ohjeet<\/h3>\n<ul>\n<li>Liuotetaan 2 kukkurallinen mittalusikallinen* lannoitetta 5 litraan vett\u00e4 ja kastellaan kasveja valmistetulla liuoksella joka toinen viikko.<\/li>\n<li>Lannoitetta on suositeltavaa k\u00e4ytt\u00e4\u00e4 elokuun alusta syyskuun loppuun.<\/li>\n<li>*\u00c4mp\u00e4riss\u00e4 on mittalusikallinen.<\/li>\n<li>1 kukkuramitallinen lannoitetta = 2 g.<\/li>\n<li>300 g riitt\u00e4\u00e4 noin 375 litraan vett\u00e4.<\/li>\n<\/ul>\n","protected":false},"excerpt":{"rendered":"<ul>\n<li>Nopeasti vaikuttava veteen liukeneva syksyinen kastelu lannoite.<\/li>\n<li>Fosfori ja kalium edist\u00e4v\u00e4t sadon nopeaa kypsymist\u00e4 ja juuriston vahvaa kehityst\u00e4.<\/li>\n<li>Lannoitteessa olevat ravinteet ovat t\u00e4rkeit\u00e4 kasvien hyv\u00e4n talvehtimisen, versojen puutumisen ja seuraavan vuoden kasvuun valmistautumisen kannalta.<\/li>\n<li>K\u00e4yt\u00e4 kasvihuoneessa\/avomaalla sadon kypsymisen nopeuttamiseksi.<\/li>\n<li>Sopii hyvin istutuksen j\u00e4lkeiseen kasvien hoitoon ymp\u00e4ri vuoden ja on ihanteellinen kastelu lannoite katettuihin kukkapenkkeihin.<\/li>\n<li>\n<\/li>\n<\/ul>\n","protected":false},"featured_media":57629,"template":"","meta":{"_acf_changed":false,"_seopress_robots_primary_cat":"","_seopress_titles_title":"","_seopress_titles_desc":"Nopeasti vaikuttava veteen liukeneva syksyinen kastelu lannoite. Fosfori ja kalium edist\u00e4v\u00e4t sadon nopeaa kypsymist\u00e4 ja juuriston vahvaa kehityst\u00e4. ","_seopress_robots_index":"","_gspb_post_css":""},"product_brand":[],"product_cat":[2392,2461,2438,2460,2466],"product_tag":[],"class_list":{"0":"post-41504","1":"product","2":"type-product","3":"status-publish","4":"has-post-thumbnail","6":"product_cat-kaikki-luokat","7":"product_cat-kasteluun-sekoitettava-lannoite","8":"product_cat-lannoitteet","9":"product_cat-puutarhalannoitteet","10":"product_cat-syksy","12":"first","13":"instock","14":"taxable","15":"shipping-taxable","16":"purchasable","17":"product-type-simple"},"ct_brands":[],"acf":[],"_links":{"self":[{"href":"https:\/\/agrozone.ee\/fi\/wp-json\/wp\/v2\/product\/41504","targetHints":{"allow":["GET"]}}],"collection":[{"href":"https:\/\/agrozone.ee\/fi\/wp-json\/wp\/v2\/product"}],"about":[{"href":"https:\/\/agrozone.ee\/fi\/wp-json\/wp\/v2\/types\/product"}],"wp:featuredmedia":[{"embeddable":true,"href":"https:\/\/agrozone.ee\/fi\/wp-json\/wp\/v2\/media\/57629"}],"wp:attachment":[{"href":"https:\/\/agrozone.ee\/fi\/wp-json\/wp\/v2\/media?parent=41504"}],"wp:term":[{"taxonomy":"product_brand","embeddable":true,"href":"https:\/\/agrozone.ee\/fi\/wp-json\/wp\/v2\/product_brand?post=41504"},{"taxonomy":"product_cat","embeddable":true,"href":"https:\/\/agrozone.ee\/fi\/wp-json\/wp\/v2\/product_cat?post=41504"},{"taxonomy":"product_tag","embeddable":true,"href":"https:\/\/agrozone.ee\/fi\/wp-json\/wp\/v2\/product_tag?post=41504"}],"curies":[{"name":"wp","href":"https:\/\/api.w.org\/{rel}","templated":true}]}}