{"id":41508,"date":"2024-06-09T15:57:30","date_gmt":"2024-06-09T12:57:30","guid":{"rendered":"https:\/\/agrozone.ee\/toode\/huone-ja-parvekekukkien-nestemainen-lannoite-1-l\/"},"modified":"2024-06-09T15:57:30","modified_gmt":"2024-06-09T13:57:30","slug":"huone-ja-parvekekukkien-nestemainen-lannoite-1-l","status":"publish","type":"product","link":"https:\/\/agrozone.ee\/fi\/tuote\/huone-ja-parvekekukkien-nestemainen-lannoite-1-l\/","title":{"rendered":"Huone- ja parvekekukkien nestem\u00e4inen lannoite 1 l"},"content":{"rendered":"<ul>\n<li>Huone- ja parvekekukkien nestem\u00e4inen lannoite on nopeasti vaikuttava veteen liukeneva mikroelementtej\u00e4 sis\u00e4lt\u00e4v\u00e4 t\u00e4yslannoite kaikkien huone- ja parvekekukkien ymp\u00e4rivuotiseen kasteluun.<\/li>\n<li>Sis\u00e4lt\u00e4\u00e4 oikeassa suhteessa kaikkia kasvien kasvuun ja kehitykseen tarvittavia p\u00e4\u00e4ravinteita ja hivenaineita.<\/li>\n<li>Lannoitteen k\u00e4ytt\u00f6 antaa kukille kirkkaan kukan v\u00e4rin, rehev\u00e4t kukat, runsaan ja pitk\u00e4aikaisen kukinnan, vahvan juuriston ja intensiivisen vihre\u00e4n lehtiv\u00e4rin.<\/li>\n<li>Tasapainoisesti ravitut kasvit ovat vastustuskykyisempi\u00e4 tuholaisille ja sienitaudeille.<\/li>\n<li>NPK 4-4-8<\/li>\n<\/ul>\n<p><strong>Sopii sek\u00e4 kukkiville ett\u00e4 lehtikasveille:<\/strong> ruusuille, pelargonioille, surfinioille, petunioille, lobelioille, krysanteemeille, leukoille, neilikoille, salvioille, daalioille, leijonankidoille, mehikasveille, astreille, rautayrteille ja muille huone-, parveke-, amppeli-, kes\u00e4- ja perennakukille sek\u00e4 koristepensaille.<\/p>\n<h3>K\u00e4ytt\u00f6ohjeet<\/h3>\n<ul>\n<li>Lannoitetaan maaliskuusta syyskuuhun v\u00e4hint\u00e4\u00e4n kerran viikossa, lokakuusta helmikuuhun kerran kuukaudessa.<\/li>\n<li>K\u00e4ytt\u00f6m\u00e4\u00e4r\u00e4: 1 korkillinen 5 litraan vett\u00e4.<\/li>\n<li>1 korkillinen = 20 ml.<\/li>\n<\/ul>\n","protected":false},"excerpt":{"rendered":"<ul>\n<li>Huone- ja parvekekukkien nestem\u00e4inen lannoite on nopeasti vaikuttava veteen liukeneva mikroelementtej\u00e4 sis\u00e4lt\u00e4v\u00e4 t\u00e4yslannoite kaikkien huone- ja parvekekukkien ymp\u00e4rivuotiseen kasteluun.<\/li>\n<li>Sis\u00e4lt\u00e4\u00e4 oikeassa suhteessa kaikkia kasvien kasvuun ja kehitykseen tarvittavia p\u00e4\u00e4ravinteita ja hivenaineita.<\/li>\n<li>Lannoitteen k\u00e4ytt\u00f6 antaa kukille kirkkaan kukan v\u00e4rin, rehev\u00e4t kukat, runsaan ja pitk\u00e4aikaisen kukinnan, vahvan juuriston ja intensiivisen vihre\u00e4n lehtiv\u00e4rin.<\/li>\n<li>Tasapainoisesti ravitut kasvit ovat vastustuskykyisempi\u00e4 tuholaisille ja sienitaudeille.<\/li>\n<\/ul>\n","protected":false},"featured_media":41510,"template":"","meta":{"_acf_changed":false,"_seopress_robots_primary_cat":"","_seopress_titles_title":"","_seopress_titles_desc":"Huone- ja parvekekukkien nestem\u00e4inen lannoite on nopeasti vaikuttava veteen liukeneva mikroelementtej\u00e4 sis\u00e4lt\u00e4v\u00e4 t\u00e4yslannoite kaikkien huone- ja parvekekukkien ymp\u00e4rivuotiseen kasteluun.","_seopress_robots_index":"","_gspb_post_css":""},"product_brand":[],"product_cat":[2392,2461,2438,2468,2460],"product_tag":[],"class_list":{"0":"post-41508","1":"product","2":"type-product","3":"status-publish","4":"has-post-thumbnail","6":"product_cat-kaikki-luokat","7":"product_cat-kasteluun-sekoitettava-lannoite","8":"product_cat-lannoitteet","9":"product_cat-nestemainen-lannoite","10":"product_cat-puutarhalannoitteet","12":"first","13":"instock","14":"taxable","15":"shipping-taxable","16":"purchasable","17":"product-type-simple"},"ct_brands":[],"acf":[],"_links":{"self":[{"href":"https:\/\/agrozone.ee\/fi\/wp-json\/wp\/v2\/product\/41508","targetHints":{"allow":["GET"]}}],"collection":[{"href":"https:\/\/agrozone.ee\/fi\/wp-json\/wp\/v2\/product"}],"about":[{"href":"https:\/\/agrozone.ee\/fi\/wp-json\/wp\/v2\/types\/product"}],"wp:featuredmedia":[{"embeddable":true,"href":"https:\/\/agrozone.ee\/fi\/wp-json\/wp\/v2\/media\/41510"}],"wp:attachment":[{"href":"https:\/\/agrozone.ee\/fi\/wp-json\/wp\/v2\/media?parent=41508"}],"wp:term":[{"taxonomy":"product_brand","embeddable":true,"href":"https:\/\/agrozone.ee\/fi\/wp-json\/wp\/v2\/product_brand?post=41508"},{"taxonomy":"product_cat","embeddable":true,"href":"https:\/\/agrozone.ee\/fi\/wp-json\/wp\/v2\/product_cat?post=41508"},{"taxonomy":"product_tag","embeddable":true,"href":"https:\/\/agrozone.ee\/fi\/wp-json\/wp\/v2\/product_tag?post=41508"}],"curies":[{"name":"wp","href":"https:\/\/api.w.org\/{rel}","templated":true}]}}