{"id":41509,"date":"2024-06-09T15:56:45","date_gmt":"2024-06-09T12:56:45","guid":{"rendered":"https:\/\/agrozone.ee\/toode\/mansikan-lannoite-1-kg-rasia\/"},"modified":"2024-06-09T15:56:45","modified_gmt":"2024-06-09T13:56:45","slug":"mansikan-lannoite-1-kg-rasia","status":"publish","type":"product","link":"https:\/\/agrozone.ee\/fi\/tuote\/mansikan-lannoite-1-kg-rasia\/","title":{"rendered":"Mansikan lannoite 1 kg rasia"},"content":{"rendered":"<p><strong>Mansikan lannoite 1 kg rasia &#8211; NPK<\/strong><strong> N-P<sub>2<\/sub>O<sub>5<\/sub>-K<sub>2<\/sub>O (MgO+SO<sub>3<\/sub>) 8-11-23 (4+29) hivenaineilla. <\/strong><\/p>\n<ul>\n<li>Mansikan lannoite sopii mansikan ja muiden marjakasvien lannoitukseen.<\/li>\n<li>Edist\u00e4\u00e4 kukintaa ja hedelm\u00f6itymist\u00e4, lis\u00e4\u00e4 satoa ja pident\u00e4\u00e4 hedelm\u00e4kautta.<\/li>\n<li>Sis\u00e4lt\u00e4\u00e4 runsaasti hedelmien kasvua edist\u00e4v\u00e4\u00e4 ja kasveja vahvistavaa kaliumia, nopeuttaa hedelmien kypsymist\u00e4, tekee aromista intensiivisemm\u00e4n sek\u00e4 lis\u00e4\u00e4 kasvien kylm\u00e4nkest\u00e4vyytt\u00e4 ja vastustuskyky\u00e4 tauteja vastaan.<\/li>\n<\/ul>\n<p>&nbsp;<\/p>\n<h3>K\u00e4ytt\u00f6ohjeet<\/h3>\n<ul>\n<li>Lannoitetaan kaksi kertaa kauden aikana: I lannoitus kev\u00e4\u00e4ll\u00e4 (huhtikuun loppu &#8211; toukokuun alku), II lannoitus heti sadonkorjuun j\u00e4lkeen.<\/li>\n<li>Lannoite levitet\u00e4\u00e4n kasvin ymp\u00e4rille, sekoitetaan maahan ja sen j\u00e4lkeen kasvit kastellaan.<\/li>\n<li>Elokuun puoliv\u00e4list\u00e4 alkaen lannoitetaan kasveja syyslannoitteella.<\/li>\n<li>Mansikan taimia istutettaessa peruslannoitteeksi 50 g\/m\u00b2, sekoitetaan ennen istutusta tai istutuksen aikana maahan.<\/li>\n<li>Kasvukauden aikainen lannoitus 8-10 g (1 tl) kasvia kohden.<\/li>\n<li>1 kg = 25 m\u00b2.<\/li>\n<\/ul>\n","protected":false},"excerpt":{"rendered":"<ul>\n<li>Mansikan lannoite sopii mansikan ja muiden marjakasvien lannoitukseen.<\/li>\n<li>Edist\u00e4\u00e4 kukintaa ja hedelm\u00f6itymist\u00e4, lis\u00e4\u00e4 satoa ja pident\u00e4\u00e4 hedelm\u00e4kautta.<\/li>\n<li>Sis\u00e4lt\u00e4\u00e4 runsaasti hedelmien kasvua edist\u00e4v\u00e4\u00e4 ja kasveja vahvistavaa kaliumia, nopeuttaa hedelmien kypsymist\u00e4, tekee aromista intensiivisemm\u00e4n sek\u00e4 lis\u00e4\u00e4 kasvien kylm\u00e4nkest\u00e4vyytt\u00e4 ja vastustuskyky\u00e4 tauteja vastaan.<\/li>\n<\/ul>\n","protected":false},"featured_media":41511,"template":"","meta":{"_acf_changed":false,"_seopress_robots_primary_cat":"","_seopress_titles_title":"","_seopress_titles_desc":"Mansikan lannoite 1 kg rasia - NPK N-P2O5-K2O (MgO+SO3) 8-11-23 (4+29) hivenaineilla. Mansikan lannoite sopii mansikan ja muiden marjakasvien lannoitukseen. ","_seopress_robots_index":"","_gspb_post_css":""},"product_brand":[],"product_cat":[2392,2438,2460],"product_tag":[],"class_list":{"0":"post-41509","1":"product","2":"type-product","3":"status-publish","4":"has-post-thumbnail","6":"product_cat-kaikki-luokat","7":"product_cat-lannoitteet","8":"product_cat-puutarhalannoitteet","10":"first","11":"instock","12":"taxable","13":"shipping-taxable","14":"purchasable","15":"product-type-simple"},"ct_brands":[],"acf":[],"_links":{"self":[{"href":"https:\/\/agrozone.ee\/fi\/wp-json\/wp\/v2\/product\/41509","targetHints":{"allow":["GET"]}}],"collection":[{"href":"https:\/\/agrozone.ee\/fi\/wp-json\/wp\/v2\/product"}],"about":[{"href":"https:\/\/agrozone.ee\/fi\/wp-json\/wp\/v2\/types\/product"}],"wp:featuredmedia":[{"embeddable":true,"href":"https:\/\/agrozone.ee\/fi\/wp-json\/wp\/v2\/media\/41511"}],"wp:attachment":[{"href":"https:\/\/agrozone.ee\/fi\/wp-json\/wp\/v2\/media?parent=41509"}],"wp:term":[{"taxonomy":"product_brand","embeddable":true,"href":"https:\/\/agrozone.ee\/fi\/wp-json\/wp\/v2\/product_brand?post=41509"},{"taxonomy":"product_cat","embeddable":true,"href":"https:\/\/agrozone.ee\/fi\/wp-json\/wp\/v2\/product_cat?post=41509"},{"taxonomy":"product_tag","embeddable":true,"href":"https:\/\/agrozone.ee\/fi\/wp-json\/wp\/v2\/product_tag?post=41509"}],"curies":[{"name":"wp","href":"https:\/\/api.w.org\/{rel}","templated":true}]}}