{"id":41512,"date":"2024-06-09T15:57:30","date_gmt":"2024-06-09T12:57:30","guid":{"rendered":"https:\/\/agrozone.ee\/toode\/vito-tayslannoite-450-ml\/"},"modified":"2024-06-09T15:57:30","modified_gmt":"2024-06-09T13:57:30","slug":"vito-tayslannoite-450-ml","status":"publish","type":"product","link":"https:\/\/agrozone.ee\/fi\/tuote\/vito-tayslannoite-450-ml\/","title":{"rendered":"Vito t\u00e4yslannoite 450 ml"},"content":{"rendered":"<p>Tasapainoinen t\u00e4yslannoite VITO sopii hyvin vihannesten sek\u00e4 huone- ja parvekekukkien kasteluun.<\/p>\n","protected":false},"excerpt":{"rendered":"<p>Tasapainoinen t\u00e4yslannoite VITO sopii hyvin vihannesten sek\u00e4 huone- ja parvekekukkien kasteluun.<\/p>\n","protected":false},"featured_media":54040,"template":"","meta":{"_acf_changed":false,"_seopress_robots_primary_cat":"","_seopress_titles_title":"","_seopress_titles_desc":"","_seopress_robots_index":"","_gspb_post_css":""},"product_brand":[],"product_cat":[2392,2461,2438,2468,2460],"product_tag":[],"class_list":{"0":"post-41512","1":"product","2":"type-product","3":"status-publish","4":"has-post-thumbnail","6":"product_cat-kaikki-luokat","7":"product_cat-kasteluun-sekoitettava-lannoite","8":"product_cat-lannoitteet","9":"product_cat-nestemainen-lannoite","10":"product_cat-puutarhalannoitteet","12":"first","13":"instock","14":"taxable","15":"shipping-taxable","16":"purchasable","17":"product-type-simple"},"ct_brands":[],"acf":[],"_links":{"self":[{"href":"https:\/\/agrozone.ee\/fi\/wp-json\/wp\/v2\/product\/41512","targetHints":{"allow":["GET"]}}],"collection":[{"href":"https:\/\/agrozone.ee\/fi\/wp-json\/wp\/v2\/product"}],"about":[{"href":"https:\/\/agrozone.ee\/fi\/wp-json\/wp\/v2\/types\/product"}],"wp:featuredmedia":[{"embeddable":true,"href":"https:\/\/agrozone.ee\/fi\/wp-json\/wp\/v2\/media\/54040"}],"wp:attachment":[{"href":"https:\/\/agrozone.ee\/fi\/wp-json\/wp\/v2\/media?parent=41512"}],"wp:term":[{"taxonomy":"product_brand","embeddable":true,"href":"https:\/\/agrozone.ee\/fi\/wp-json\/wp\/v2\/product_brand?post=41512"},{"taxonomy":"product_cat","embeddable":true,"href":"https:\/\/agrozone.ee\/fi\/wp-json\/wp\/v2\/product_cat?post=41512"},{"taxonomy":"product_tag","embeddable":true,"href":"https:\/\/agrozone.ee\/fi\/wp-json\/wp\/v2\/product_tag?post=41512"}],"curies":[{"name":"wp","href":"https:\/\/api.w.org\/{rel}","templated":true}]}}