{"id":41513,"date":"2024-06-09T15:56:45","date_gmt":"2024-06-09T12:56:45","guid":{"rendered":"https:\/\/agrozone.ee\/toode\/magnesiumsulfaatti-havupuille-1-kg\/"},"modified":"2024-06-09T15:56:45","modified_gmt":"2024-06-09T13:56:45","slug":"magnesiumsulfaatti-havupuille-1-kg","status":"publish","type":"product","link":"https:\/\/agrozone.ee\/fi\/tuote\/magnesiumsulfaatti-havupuille-1-kg\/","title":{"rendered":"Magnesiumsulfaatti havupuille 1 kg"},"content":{"rendered":"<p><strong>Magnesiumsulfaatti havupuille 1 kg<\/strong><\/p>\n<ul>\n<li>Nopeasti vaikuttava magnesiumlannoite (karvassuola) auttaa ehk\u00e4isem\u00e4\u00e4n ja poistamaan magnesiumin puutteesta johtuvaa neulasten ruskettumista havupuissa, ja se auttaa my\u00f6s sek\u00e4 havu- ett\u00e4 lehtipuiden ja pensaiden toipumisessa talvivaurioista.<\/li>\n<li>Magnesiumin puutos voi esiinty\u00e4 hyvin erilaisilla kasveilla sek\u00e4 kasvihuoneessa ett\u00e4 puutarhassa.<\/li>\n<\/ul>\n<h4>K\u00e4ytt\u00f6ohjeet<\/h4>\n<ul>\n<li>Talvivaurioiden poistamiseksi puissa ja pensaissa 100\u2013150 g\/m\u00b2 sekoitetaan tasaisesti kevyesti maahan aikaisin kev\u00e4\u00e4st\u00e4 kes\u00e4kuun loppuun.<\/li>\n<li>Kasvien ruiskuttaminen lannoiteliuoksella on nopeavaikutteinen menetelm\u00e4.<\/li>\n<li>T\u00e4t\u00e4 varten sekoitetaan 20 g (2 kukkurallinen tl) lannoitetta 10 litraan vett\u00e4.<\/li>\n<li>Ruiskutetaan aikaisin kev\u00e4\u00e4st\u00e4 kes\u00e4kuun loppuun kerran viikossa, kunnes vaurioitumisen merkit katoavat.<\/li>\n<li>Puita istutettaessa istutusmaahan voidaan sekoittaa 75 g\/100 l maata.<\/li>\n<li>Kasvihuonekasvien kasvukauden aikaiseen kasteluun liuotetaan 5\u201310 g lannoitetta 10 litraan vett\u00e4 (0,05\u20130,1 %:n liuos).<\/li>\n<li>Kasvien kasteluun puutarhassa (koriste- ja hy\u00f6typuutarha) 10\u201320 g lannoitetta liuotetaan 10 litraan vett\u00e4 (0,1\u20130,2 %:n liuos).<\/li>\n<li>Ruiskutusta varten liuotetaan 20 g magnesiumsulfaattia 10 litraan vett\u00e4. 1 kg = 100 m\u00b2. <\/li>\n<\/ul>\n","protected":false},"excerpt":{"rendered":"<ul>\n<li>Nopeasti vaikuttava magnesiumlannoite (karvassuola) auttaa ehk\u00e4isem\u00e4\u00e4n ja poistamaan magnesiumin puutteesta johtuvaa neulasten ruskettumista havupuissa, ja se auttaa my\u00f6s sek\u00e4 havu- ett\u00e4 lehtipuiden ja pensaiden toipumisessa talvivaurioista.<\/li>\n<li>Magnesiumin puutos voi esiinty\u00e4 hyvin erilaisilla kasveilla sek\u00e4 kasvihuoneessa ett\u00e4 puutarhassa.<\/li>\n<\/ul>\n","protected":false},"featured_media":56802,"template":"","meta":{"_acf_changed":false,"_seopress_robots_primary_cat":"","_seopress_titles_title":"","_seopress_titles_desc":"Nopeasti vaikuttava magnesiumlannoite (karvassuola) auttaa ehk\u00e4isem\u00e4\u00e4n ja poistamaan magnesiumin puutteesta johtuvaa neulasten ruskettumista havupuissa.","_seopress_robots_index":"","_gspb_post_css":""},"product_brand":[],"product_cat":[2392,2438,2460],"product_tag":[],"class_list":{"0":"post-41513","1":"product","2":"type-product","3":"status-publish","4":"has-post-thumbnail","6":"product_cat-kaikki-luokat","7":"product_cat-lannoitteet","8":"product_cat-puutarhalannoitteet","10":"first","11":"instock","12":"taxable","13":"shipping-taxable","14":"purchasable","15":"product-type-simple"},"ct_brands":[],"acf":[],"_links":{"self":[{"href":"https:\/\/agrozone.ee\/fi\/wp-json\/wp\/v2\/product\/41513","targetHints":{"allow":["GET"]}}],"collection":[{"href":"https:\/\/agrozone.ee\/fi\/wp-json\/wp\/v2\/product"}],"about":[{"href":"https:\/\/agrozone.ee\/fi\/wp-json\/wp\/v2\/types\/product"}],"wp:featuredmedia":[{"embeddable":true,"href":"https:\/\/agrozone.ee\/fi\/wp-json\/wp\/v2\/media\/56802"}],"wp:attachment":[{"href":"https:\/\/agrozone.ee\/fi\/wp-json\/wp\/v2\/media?parent=41513"}],"wp:term":[{"taxonomy":"product_brand","embeddable":true,"href":"https:\/\/agrozone.ee\/fi\/wp-json\/wp\/v2\/product_brand?post=41513"},{"taxonomy":"product_cat","embeddable":true,"href":"https:\/\/agrozone.ee\/fi\/wp-json\/wp\/v2\/product_cat?post=41513"},{"taxonomy":"product_tag","embeddable":true,"href":"https:\/\/agrozone.ee\/fi\/wp-json\/wp\/v2\/product_tag?post=41513"}],"curies":[{"name":"wp","href":"https:\/\/api.w.org\/{rel}","templated":true}]}}