{"id":41516,"date":"2024-06-09T15:58:35","date_gmt":"2024-06-09T12:58:35","guid":{"rendered":"https:\/\/agrozone.ee\/toode\/nurmikon-lannoite-ekstra-100-paivaa-15-kg\/"},"modified":"2024-06-09T15:58:35","modified_gmt":"2024-06-09T13:58:35","slug":"nurmikon-lannoite-ekstra-100-paivaa-15-kg","status":"publish","type":"product","link":"https:\/\/agrozone.ee\/fi\/tuote\/nurmikon-lannoite-ekstra-100-paivaa-15-kg\/","title":{"rendered":"Nurmikon lannoite Ekstra 100 p\u00e4iv\u00e4\u00e4 15 kg"},"content":{"rendered":"<p>Tasaisen ja pitk\u00e4vaikutteisen rakeistetun t\u00e4yslannoitteen. M\u00c4\u00c4R\u00c4 15 kg = 750 m\u00b2. <\/p>\n<p>&nbsp;<\/p>\n<h3>K\u00e4ytt\u00f6ohjeet<\/h3>\n<p>Tasaisen ja pitk\u00e4vaikutteisen rakeistetun t\u00e4yslannoitteen. Auttaa nurmikkoa pysym\u00e4\u00e4n samettisen vihre\u00e4n\u00e4 eik\u00e4 kiihdyt\u00e4 liikaa nurmikon kasvua. Hitaasti liukeneva typpi hajoaa maaper\u00e4n mikro-organismien vaikutuksesta, mik\u00e4 varmistaa typen asteittaisen ja ymp\u00e4rist\u00f6yst\u00e4v\u00e4llisen liukenemisprosessin. Lis\u00e4ksi lannoitteessa on oikeassa suhteessa fosforia ja kaliumia. T\u00e4m\u00e4 lannoite tekee nurmikosta kauniin, vahvistaa nurmikasvien juuristoa ja tekee nurmikosta vastustuskykyisen tauteja, kuivuutta ja sammaloitumista vastaan. K\u00c4YTT\u00d6. K\u00e4ytet\u00e4\u00e4n aikaisin kev\u00e4\u00e4ll\u00e4 nurmikon her\u00e4\u00e4misen j\u00e4lkeen hein\u00e4kuun loppuun asti. Vaikuttaa 100 p\u00e4iv\u00e4\u00e4. Elo-syyskuussa lannoitetaan nurmikkoa syyslannoitteella.        <\/p>\n","protected":false},"excerpt":{"rendered":"<p>Tasaisen ja pitk\u00e4vaikutteisen rakeistetun t\u00e4yslannoitteen. M\u00c4\u00c4R\u00c4 15 kg = 750 m\u00b2. <\/p>\n","protected":false},"featured_media":41921,"template":"","meta":{"_acf_changed":false,"_seopress_robots_primary_cat":"","_seopress_titles_title":"","_seopress_titles_desc":"","_seopress_robots_index":"","_gspb_post_css":""},"product_brand":[],"product_cat":[2392,2438,2463],"product_tag":[],"class_list":{"0":"post-41516","1":"product","2":"type-product","3":"status-publish","4":"has-post-thumbnail","6":"product_cat-kaikki-luokat","7":"product_cat-lannoitteet","8":"product_cat-nurmikkolannoitteet","10":"first","11":"instock","12":"taxable","13":"shipping-taxable","14":"purchasable","15":"product-type-simple"},"ct_brands":[],"acf":[],"_links":{"self":[{"href":"https:\/\/agrozone.ee\/fi\/wp-json\/wp\/v2\/product\/41516","targetHints":{"allow":["GET"]}}],"collection":[{"href":"https:\/\/agrozone.ee\/fi\/wp-json\/wp\/v2\/product"}],"about":[{"href":"https:\/\/agrozone.ee\/fi\/wp-json\/wp\/v2\/types\/product"}],"wp:featuredmedia":[{"embeddable":true,"href":"https:\/\/agrozone.ee\/fi\/wp-json\/wp\/v2\/media\/41921"}],"wp:attachment":[{"href":"https:\/\/agrozone.ee\/fi\/wp-json\/wp\/v2\/media?parent=41516"}],"wp:term":[{"taxonomy":"product_brand","embeddable":true,"href":"https:\/\/agrozone.ee\/fi\/wp-json\/wp\/v2\/product_brand?post=41516"},{"taxonomy":"product_cat","embeddable":true,"href":"https:\/\/agrozone.ee\/fi\/wp-json\/wp\/v2\/product_cat?post=41516"},{"taxonomy":"product_tag","embeddable":true,"href":"https:\/\/agrozone.ee\/fi\/wp-json\/wp\/v2\/product_tag?post=41516"}],"curies":[{"name":"wp","href":"https:\/\/api.w.org\/{rel}","templated":true}]}}