{"id":41517,"date":"2024-06-09T15:56:45","date_gmt":"2024-06-09T12:56:45","guid":{"rendered":"https:\/\/agrozone.ee\/toode\/mustikan-kastelu-lannoite-300-g\/"},"modified":"2024-06-09T15:56:45","modified_gmt":"2024-06-09T13:56:45","slug":"mustikan-kastelu-lannoite-300-g","status":"publish","type":"product","link":"https:\/\/agrozone.ee\/fi\/tuote\/mustikan-kastelu-lannoite-300-g\/","title":{"rendered":"Mustikan kastelu lannoite 300 g"},"content":{"rendered":"<p>Nopeasti vaikuttava veteen liukeneva mikroelementtej\u00e4 sis\u00e4lt\u00e4v\u00e4 t\u00e4yslannoite mustikoiden ja muiden happamien maiden kasvien (mets\u00e4marjat, alppiruusut, vuorim\u00e4nnyt, kanervat ym.) kasteluun. Auttaa pit\u00e4m\u00e4\u00e4n mustikan kasvuvaatimusten mukaisen maaper\u00e4n pH-tason. Kasvit imev\u00e4t lannoitteesta ravinteita eritt\u00e4in helposti, koska lannoite on tasapainoisen koostumuksen omaava ja sis\u00e4lt\u00e4\u00e4 hivenaineita hyvin imeytyv\u00e4ss\u00e4 muodossa.   Edist\u00e4\u00e4 kukintaa ja hedelm\u00f6itymist\u00e4, lis\u00e4\u00e4 satoa ja pident\u00e4\u00e4 hedelm\u00e4kautta. Sis\u00e4lt\u00e4\u00e4 runsaasti hedelmien kasvua edist\u00e4v\u00e4\u00e4 ja kasveja vahvistavaa kaliumia, nopeuttaa hedelmien kypsymist\u00e4, tekee aromista intensiivisemm\u00e4n sek\u00e4 lis\u00e4\u00e4 kasvien kylm\u00e4nkest\u00e4vyytt\u00e4 ja vastustuskyky\u00e4 tauteja vastaan. <\/p>\n<p>&nbsp;<\/p>\n<h3>K\u00e4ytt\u00f6ohjeet<\/h3>\n<p>Liuota jauhe veteen ja kastele kasveja kerran viikossa 2 kukkurallisella mitallisella* 5 litraan vett\u00e4 valmistetulla liuoksella. Lannoitetta on suositeltavaa k\u00e4ytt\u00e4\u00e4 kasvien kukinnasta sadonkorjuun alkuun. *\u00c4mp\u00e4riss\u00e4 on mittalusikallinen.   1 kukkuramitallinen lannoitetta = 2 g. 300 g riitt\u00e4\u00e4 600 litraan vett\u00e4.<\/p>\n","protected":false},"excerpt":{"rendered":"<p>Nopeasti vaikuttava veteen liukeneva mikroelementtej\u00e4 sis\u00e4lt\u00e4v\u00e4 t\u00e4yslannoite mustikoiden ja muiden happamien maiden kasvien (mets\u00e4marjat, alppiruusut, vuorim\u00e4nnyt, kanervat ym.) kasteluun. Auttaa pit\u00e4m\u00e4\u00e4n mustikan kasvuvaatimusten mukaisen maaper\u00e4n pH-tason. Kasvit imev\u00e4t lannoitteesta ravinteita eritt\u00e4in helposti, koska lannoite on tasapainoisen koostumuksen omaava ja sis\u00e4lt\u00e4\u00e4 hivenaineita hyvin imeytyv\u00e4ss\u00e4 muodossa. Edist\u00e4\u00e4 kukintaa ja hedelm\u00f6itymist\u00e4, lis\u00e4\u00e4 satoa ja pident\u00e4\u00e4 hedelm\u00e4kautta. Sis\u00e4lt\u00e4\u00e4 runsaasti hedelmien kasvua edist\u00e4v\u00e4\u00e4 ja kasveja vahvistavaa kaliumia, nopeuttaa hedelmien kypsymist\u00e4, tekee aromista intensiivisemm\u00e4n sek\u00e4 lis\u00e4\u00e4 kasvien kylm\u00e4nkest\u00e4vyytt\u00e4 ja vastustuskyky\u00e4 tauteja vastaan.    <\/p>\n","protected":false},"featured_media":57597,"template":"","meta":{"_acf_changed":false,"_seopress_robots_primary_cat":"","_seopress_titles_title":"","_seopress_titles_desc":"","_seopress_robots_index":"","_gspb_post_css":""},"product_brand":[],"product_cat":[2392,2461,2438,2460],"product_tag":[],"class_list":{"0":"post-41517","1":"product","2":"type-product","3":"status-publish","4":"has-post-thumbnail","6":"product_cat-kaikki-luokat","7":"product_cat-kasteluun-sekoitettava-lannoite","8":"product_cat-lannoitteet","9":"product_cat-puutarhalannoitteet","11":"first","12":"instock","13":"taxable","14":"shipping-taxable","15":"purchasable","16":"product-type-simple"},"ct_brands":[],"acf":[],"_links":{"self":[{"href":"https:\/\/agrozone.ee\/fi\/wp-json\/wp\/v2\/product\/41517","targetHints":{"allow":["GET"]}}],"collection":[{"href":"https:\/\/agrozone.ee\/fi\/wp-json\/wp\/v2\/product"}],"about":[{"href":"https:\/\/agrozone.ee\/fi\/wp-json\/wp\/v2\/types\/product"}],"wp:featuredmedia":[{"embeddable":true,"href":"https:\/\/agrozone.ee\/fi\/wp-json\/wp\/v2\/media\/57597"}],"wp:attachment":[{"href":"https:\/\/agrozone.ee\/fi\/wp-json\/wp\/v2\/media?parent=41517"}],"wp:term":[{"taxonomy":"product_brand","embeddable":true,"href":"https:\/\/agrozone.ee\/fi\/wp-json\/wp\/v2\/product_brand?post=41517"},{"taxonomy":"product_cat","embeddable":true,"href":"https:\/\/agrozone.ee\/fi\/wp-json\/wp\/v2\/product_cat?post=41517"},{"taxonomy":"product_tag","embeddable":true,"href":"https:\/\/agrozone.ee\/fi\/wp-json\/wp\/v2\/product_tag?post=41517"}],"curies":[{"name":"wp","href":"https:\/\/api.w.org\/{rel}","templated":true}]}}