{"id":41520,"date":"2024-06-09T15:57:08","date_gmt":"2024-06-09T13:57:08","guid":{"rendered":"https:\/\/agrozone.ee\/toode\/ruusulannoite-1-kg\/"},"modified":"2024-06-09T15:57:08","modified_gmt":"2024-06-09T13:57:08","slug":"ruusulannoite-1-kg","status":"publish","type":"product","link":"https:\/\/agrozone.ee\/fi\/tuote\/ruusulannoite-1-kg\/","title":{"rendered":"Ruusulannoite 1 kg"},"content":{"rendered":"<p><strong>Ruusulannoite 1 kg<\/strong><\/p>\n<ul>\n<li>Mikroelementtej\u00e4 sis\u00e4lt\u00e4v\u00e4 kompleksilannoite erilaisille ruusulajikkeille.<\/li>\n<li>Nopeuttaa kukinnan alkamista, edist\u00e4\u00e4 uusien kukkanuppujen muodostumista.<\/li>\n<li>Lannoitteessa oleva magnesium ja hivenaineet vahvistavat kasveja, takaavat optimaalisen kasvun ja tekev\u00e4t kukan v\u00e4rist\u00e4 kirkkaan.<\/li>\n<li>Ruusut kukkivat runsaasti ja pitk\u00e4\u00e4n.<\/li>\n<li>Lannoitteessa oleva kalium vahvistaa kasveja, tekee kukkien tuoksusta intensiivisemm\u00e4n ja lis\u00e4\u00e4 kasvien kylm\u00e4nkest\u00e4vyytt\u00e4 sek\u00e4 vastustuskyky\u00e4 ep\u00e4suotuisia kasvuolosuhteita ja tauteja vastaan.<\/li>\n<\/ul>\n<h4>K\u00e4ytt\u00f6ohjeet<\/h4>\n<ul>\n<li>1 kg = 50 m\u00b2.<\/li>\n<li><strong>Lannoita kaksi kertaa vuodessa:<\/strong> I lannoitus aikaisin kev\u00e4\u00e4ll\u00e4 (huhti-toukokuussa), II lannoitus kes\u00e4-hein\u00e4kuussa.<\/li>\n<li>Lannoite levitet\u00e4\u00e4n kasvin ymp\u00e4rille, sekoitetaan maahan ja sen j\u00e4lkeen kasvit kastellaan.<\/li>\n<li>Yhdelle ruusukasville ripotellaan 30 g lannoitetta (noin 1 kourallinen).<\/li>\n<li>Elokuun puoliv\u00e4list\u00e4 alkaen lannoita ruusuja syyslannoitteella.<\/li>\n<li>20\u201325 g = noin puoli kourallista.<\/li>\n<li>40 g = noin kourallinen.<\/li>\n<\/ul>\n","protected":false},"excerpt":{"rendered":"<ul>\n<li>Mikroelementtej\u00e4 sis\u00e4lt\u00e4v\u00e4 kompleksilannoite erilaisille ruusulajikkeille.<\/li>\n<li>Nopeuttaa kukinnan alkamista, edist\u00e4\u00e4 uusien kukkanuppujen muodostumista.<\/li>\n<li>Lannoitteessa oleva magnesium ja hivenaineet vahvistavat kasveja, takaavat optimaalisen kasvun ja tekev\u00e4t kukan v\u00e4rist\u00e4 kirkkaan.<\/li>\n<li>Ruusut kukkivat runsaasti ja pitk\u00e4\u00e4n.<\/li>\n<\/ul>\n","protected":false},"featured_media":47519,"template":"","meta":{"_acf_changed":false,"_seopress_robots_primary_cat":"","_seopress_titles_title":"","_seopress_titles_desc":"Ruusulannoite 1 kg - Mikroelementtej\u00e4 sis\u00e4lt\u00e4v\u00e4 kompleksilannoite erilaisille ruusulajikkeille. Nopeuttaa kukinnan alkamista, edist\u00e4\u00e4 uusien kukkanuppujen muodostumista. ","_seopress_robots_index":"","_gspb_post_css":""},"product_brand":[],"product_cat":[2392,2438,2460],"product_tag":[],"class_list":{"0":"post-41520","1":"product","2":"type-product","3":"status-publish","4":"has-post-thumbnail","6":"product_cat-kaikki-luokat","7":"product_cat-lannoitteet","8":"product_cat-puutarhalannoitteet","10":"first","11":"instock","12":"taxable","13":"shipping-taxable","14":"purchasable","15":"product-type-simple"},"ct_brands":[],"acf":[],"_links":{"self":[{"href":"https:\/\/agrozone.ee\/fi\/wp-json\/wp\/v2\/product\/41520","targetHints":{"allow":["GET"]}}],"collection":[{"href":"https:\/\/agrozone.ee\/fi\/wp-json\/wp\/v2\/product"}],"about":[{"href":"https:\/\/agrozone.ee\/fi\/wp-json\/wp\/v2\/types\/product"}],"wp:featuredmedia":[{"embeddable":true,"href":"https:\/\/agrozone.ee\/fi\/wp-json\/wp\/v2\/media\/47519"}],"wp:attachment":[{"href":"https:\/\/agrozone.ee\/fi\/wp-json\/wp\/v2\/media?parent=41520"}],"wp:term":[{"taxonomy":"product_brand","embeddable":true,"href":"https:\/\/agrozone.ee\/fi\/wp-json\/wp\/v2\/product_brand?post=41520"},{"taxonomy":"product_cat","embeddable":true,"href":"https:\/\/agrozone.ee\/fi\/wp-json\/wp\/v2\/product_cat?post=41520"},{"taxonomy":"product_tag","embeddable":true,"href":"https:\/\/agrozone.ee\/fi\/wp-json\/wp\/v2\/product_tag?post=41520"}],"curies":[{"name":"wp","href":"https:\/\/api.w.org\/{rel}","templated":true}]}}