{"id":41525,"date":"2024-06-09T15:57:09","date_gmt":"2024-06-09T13:57:09","guid":{"rendered":"https:\/\/agrozone.ee\/toode\/saarenmaan-kalkki-12-kg\/"},"modified":"2024-06-09T15:57:09","modified_gmt":"2024-06-09T13:57:09","slug":"saarenmaan-kalkki-12-kg","status":"publish","type":"product","link":"https:\/\/agrozone.ee\/fi\/tuote\/saarenmaan-kalkki-12-kg\/","title":{"rendered":"Saarenmaan kalkki 1,2 kg"},"content":{"rendered":"<ul>\n<li>Kalkkimaali on valmistettu k\u00e4sin poltetusta korkealaatuisesta Saarenmaan kalkkikivest\u00e4 ja vedest\u00e4.<\/li>\n<li>Suojaa puunrunkoja auringonpolttamalta ja lievent\u00e4\u00e4 kuoren halkeilua aiheuttavien \u00e4killisten l\u00e4mp\u00f6tilanvaihtelujen haitallisia vaikutuksia.<\/li>\n<li>Se tappaa my\u00f6s tuholaisia ja niiden munia, koska se sis\u00e4lt\u00e4\u00e4 sammutettua kalkkia.<\/li>\n<\/ul>\n<h3>K\u00e4ytt\u00f6ohjeet<\/h3>\n<ul>\n<li>Kalkkimaalin valmistamiseksi sekoita maaliliuos suhteessa 1:4 (noin 1 osa kalkkitahnaa \u201dSaaremaa Lime\u201d ja noin 4 osaa tavallista vett\u00e4).<\/li>\n<li>Kalkkimaali levitet\u00e4\u00e4n runkoihin ja s\u00e4leikk\u00f6ihin siveltimell\u00e4.<\/li>\n<li>Valkaisu kuivalla s\u00e4\u00e4ll\u00e4, kun ilman l\u00e4mp\u00f6tila on yli 0\u00baC.<\/li>\n<li>Osa maalista saattaa irrota talven aikana, ja valkaisu voidaan tarvittaessa toistaa.<\/li>\n<\/ul>\n<p><strong>K\u00c4YTT\u00d6TARKOITUS:<\/strong> kulttuurihistorialliset kohteet; asunnot; savupiippujen, maatalousrakennusten, kellareiden ja hedelm\u00e4puiden valkaisuun. Hyv\u00e4 desinfioiva vaikutus mikro-organismeja vastaan. <strong>S\u00c4ILYTYS: <\/strong>suljetussa purkissa yli 0 \u00b0C:n l\u00e4mp\u00f6tilassa <strong>YMP\u00c4RIST\u00d6NSUOJAIMET:<\/strong> estett\u00e4v\u00e4 tuotteen p\u00e4\u00e4sy viem\u00e4riin, maaper\u00e4\u00e4n ja vesist\u00f6ihin <strong>TY\u00d6TURVALLISUUSTIEDOTE: <\/strong>k\u00e4ytett\u00e4v\u00e4 silmien- ja kasvonsuojaimia. Roiskeiden sattuessa huuhtele v\u00e4litt\u00f6m\u00e4sti runsaalla vedell\u00e4. <\/p>\n","protected":false},"excerpt":{"rendered":"<ul>\n<li>Suojaa puunrunkoja auringonpolttamalta ja lievent\u00e4\u00e4 kuoren halkeilua aiheuttavien \u00e4killisten l\u00e4mp\u00f6tilanvaihtelujen haitallisia vaikutuksia.<\/li>\n<li>Se tappaa my\u00f6s tuholaisia ja niiden munia, koska se sis\u00e4lt\u00e4\u00e4 sammutettua kalkkia.<\/li>\n<\/ul>\n","protected":false},"featured_media":41526,"template":"","meta":{"_acf_changed":false,"_seopress_robots_primary_cat":"","_seopress_titles_title":"","_seopress_titles_desc":"Saarenmaan kalkki suojaa puiden runkoja auringonpolttamilta. Se tappaa my\u00f6s tuholaisia ja niiden munia, koska se sis\u00e4lt\u00e4\u00e4 sammutettua kalkkia.","_seopress_robots_index":"","_gspb_post_css":""},"product_brand":[],"product_cat":[2392,2361,2438,2460,2356,2360],"product_tag":[],"class_list":{"0":"post-41525","1":"product","2":"type-product","3":"status-publish","4":"has-post-thumbnail","6":"product_cat-kaikki-luokat","7":"product_cat-kasvinsuojeluaineet","8":"product_cat-lannoitteet","9":"product_cat-puutarhalannoitteet","10":"product_cat-puutarhan-ja-kasvien-suojelu","11":"product_cat-kasvintuholaisten-torjunta","13":"first","14":"instock","15":"taxable","16":"shipping-taxable","17":"purchasable","18":"product-type-simple"},"ct_brands":[],"acf":[],"_links":{"self":[{"href":"https:\/\/agrozone.ee\/fi\/wp-json\/wp\/v2\/product\/41525","targetHints":{"allow":["GET"]}}],"collection":[{"href":"https:\/\/agrozone.ee\/fi\/wp-json\/wp\/v2\/product"}],"about":[{"href":"https:\/\/agrozone.ee\/fi\/wp-json\/wp\/v2\/types\/product"}],"wp:featuredmedia":[{"embeddable":true,"href":"https:\/\/agrozone.ee\/fi\/wp-json\/wp\/v2\/media\/41526"}],"wp:attachment":[{"href":"https:\/\/agrozone.ee\/fi\/wp-json\/wp\/v2\/media?parent=41525"}],"wp:term":[{"taxonomy":"product_brand","embeddable":true,"href":"https:\/\/agrozone.ee\/fi\/wp-json\/wp\/v2\/product_brand?post=41525"},{"taxonomy":"product_cat","embeddable":true,"href":"https:\/\/agrozone.ee\/fi\/wp-json\/wp\/v2\/product_cat?post=41525"},{"taxonomy":"product_tag","embeddable":true,"href":"https:\/\/agrozone.ee\/fi\/wp-json\/wp\/v2\/product_tag?post=41525"}],"curies":[{"name":"wp","href":"https:\/\/api.w.org\/{rel}","templated":true}]}}