{"id":41528,"date":"2024-06-09T15:56:46","date_gmt":"2024-06-09T12:56:46","guid":{"rendered":"https:\/\/agrozone.ee\/toode\/havupuulannoite-15-kg\/"},"modified":"2025-02-28T12:24:39","modified_gmt":"2025-02-28T10:24:39","slug":"havupuulannoite-15-kg","status":"publish","type":"product","link":"https:\/\/agrozone.ee\/fi\/tuote\/havupuulannoite-15-kg\/","title":{"rendered":"Havupuulannoite 15 kg"},"content":{"rendered":"<p data-sourcepos=\"3:1-3:58\"><strong>L\u00f6yd\u00e4 uusi el\u00e4m\u00e4 havupuuillesi Havupuu-lannoitteella!<\/strong><\/p>\n<p data-sourcepos=\"5:1-5:284\">Ovatko havupuusi menett\u00e4neet kirkkaan vihreytens\u00e4 tai kasvavatko ne hitaasti? Havupuu-lannoitteemme on suunniteltu juuri puutarhasi havupuiden tarpeita silm\u00e4ll\u00e4 pit\u00e4en. T\u00e4m\u00e4 15 kg:n pakkaus varmistaa, ett\u00e4 kuuset, tuijat, m\u00e4nnyt ja muut havupuut saavat tarvittavat ravintoaineet loistaakseen parhaassa kunnossa.  <\/p>\n<p data-sourcepos=\"7:1-7:35\"><strong>Miksi valita havupuu-lannoitteemme?<\/strong><\/p>\n<ul data-sourcepos=\"9:1-21:0\">\n<li data-sourcepos=\"9:1-11:70\"><strong>Yleisravinne:<\/strong>\n<ul data-sourcepos=\"10:5-11:70\">\n<li data-sourcepos=\"10:5-10:125\">Sopii ihanteellisesti kaikille havupuille, mukaan lukien kuusille, tuijille, m\u00e4nnyille ja muille ikivihreille kasveille.<\/li>\n<li data-sourcepos=\"11:5-11:70\">My\u00f6s erinomainen valinta puksipuiden ja orapihlajien lannoittamiseen.<\/li>\n<\/ul>\n<\/li>\n<li data-sourcepos=\"12:1-13:114\"><strong>Vahva kasvu:<\/strong>\n<ul data-sourcepos=\"13:5-13:114\">\n<li data-sourcepos=\"13:5-13:114\">Edist\u00e4\u00e4 kasvien kasvua ja vahvistaa niit\u00e4, tehden niist\u00e4 vastustuskykyisempi\u00e4 ep\u00e4suotuisia s\u00e4\u00e4olosuhteita vastaan.<\/li>\n<\/ul>\n<\/li>\n<li data-sourcepos=\"14:1-16:68\"><strong>Palauta vihreys:<\/strong>\n<ul data-sourcepos=\"15:5-16:68\">\n<li data-sourcepos=\"15:5-15:115\">Runsas magnesiumpitoisuus auttaa havupuita palauttamaan kauniin vihre\u00e4n v\u00e4rins\u00e4 erityisesti auringonpolttamien j\u00e4lkeen.<\/li>\n<li data-sourcepos=\"16:5-16:68\">Magnesiumilla on vaikutus kasvin neulasten ja lehtien vihre\u00e4\u00e4n v\u00e4riin.<\/li>\n<\/ul>\n<\/li>\n<li data-sourcepos=\"17:1-18:62\"><strong>Helppo k\u00e4ytt\u00e4\u00e4:<\/strong>\n<ul data-sourcepos=\"18:5-18:62\">\n<li data-sourcepos=\"18:5-18:62\">Ripottele lannoitetta kasvien ymp\u00e4rille ja nauti tuloksista.<\/li>\n<\/ul>\n<\/li>\n<li data-sourcepos=\"19:1-21:0\"><strong>Suuri pakkaus:<\/strong>\n<ul data-sourcepos=\"20:5-21:0\">\n<li data-sourcepos=\"20:5-21:0\">15 kg:n pakkauksella varmistat, ett\u00e4 lannoitetta riitt\u00e4\u00e4 kattamaan my\u00f6s suuremman puutarhan.<\/li>\n<\/ul>\n<\/li>\n<\/ul>\n<p data-sourcepos=\"22:1-22:20\"><strong>Miten k\u00e4ytt\u00e4\u00e4?<\/strong><\/p>\n<ul data-sourcepos=\"24:1-26:0\">\n<li data-sourcepos=\"24:1-24:76\">Ripottele lannoite tasaisesti kasvien ymp\u00e4rille pakkauksessa olevien ohjeiden mukaisesti.<\/li>\n<li data-sourcepos=\"25:1-26:0\">Parhaiden tulosten saavuttamiseksi lannoita kasveja s\u00e4\u00e4nn\u00f6llisesti kasvukaudella.<\/li>\n<\/ul>\n<h4>K\u00e4ytt\u00f6ohjeet<\/h4>\n<ul>\n<li>K\u00e4yt\u00e4 aikaisin kev\u00e4\u00e4st\u00e4 my\u00f6h\u00e4iseen kes\u00e4\u00e4n (maaliskuusta elokuuhun) 2\u20133 kertaa kasvukauden aikana.<\/li>\n<li>Levit\u00e4 lannoite tasaisesti ja sekoita maahan.<\/li>\n<li>Lannoituksen j\u00e4lkeen on suositeltavaa kastella kasveja.<\/li>\n<li>1 kg = 30 m\u00b2.<\/li>\n<li>20\u201325 g = noin puoli kourallista.<\/li>\n<li>40 g = noin kourallinen.<\/li>\n<li>S\u00e4ilyt\u00e4 alkuper\u00e4ispakkauksessa, kuivassa, lasten ja lemmikkiel\u00e4inten ulottumattomissa.<\/li>\n<\/ul>\n<p>Anna havupuillesi tarvittava sys\u00e4ys ja nauti rehev\u00e4st\u00e4 sek\u00e4 vihre\u00e4st\u00e4 puutarhasta ymp\u00e4ri vuoden!<\/p>\n","protected":false},"excerpt":{"rendered":"<ul>\n<li>Havupuiden lannoite sopii kuusen, tuijan, pihdan, m\u00e4nnyn, katajan, marjakuusen, sypressin, lehtikuusen, tsuugan ja muiden havupuulajien lannoitukseen. <\/li>\n<li>Voidaan k\u00e4ytt\u00e4\u00e4 my\u00f6s puksipuun, orapihlajan ja muiden ikivihreiden kasvien ravinteiden saannin varmistamiseen. <\/li>\n<\/ul>\n","protected":false},"featured_media":47413,"template":"","meta":{"_acf_changed":false,"_seopress_robots_primary_cat":"none","_seopress_titles_title":"","_seopress_titles_desc":"Havupuiden lannoite sopii kuusen, tuijan, pihdan, m\u00e4nnyn, katajan, marjakuusen, sypressin, lehtikuusen, tsuugan ja muiden havupuulajien lannoitukseen.  Edist\u00e4\u00e4 kasvua ja vahvistaa kasveja.","_seopress_robots_index":"","_gspb_post_css":""},"product_brand":[],"product_cat":[2392,2438,2460],"product_tag":[2695,2699,2704,2696,2702,2698,2700,2697,2703],"class_list":{"0":"post-41528","1":"product","2":"type-product","3":"status-publish","4":"has-post-thumbnail","6":"product_cat-kaikki-luokat","7":"product_cat-lannoitteet","8":"product_cat-puutarhalannoitteet","9":"product_tag-havupuu-lannoite","10":"product_tag-ihannehavupuu-lannoite","11":"product_tag-kasvien-kasvu","12":"product_tag-kuusilannoite","13":"product_tag-magnesium","14":"product_tag-manty-lannoite","15":"product_tag-puutarhalannoite","16":"product_tag-tuijalannoite","17":"product_tag-vihreys","19":"first","20":"instock","21":"taxable","22":"shipping-taxable","23":"purchasable","24":"product-type-simple"},"ct_brands":[],"acf":[],"_links":{"self":[{"href":"https:\/\/agrozone.ee\/fi\/wp-json\/wp\/v2\/product\/41528","targetHints":{"allow":["GET"]}}],"collection":[{"href":"https:\/\/agrozone.ee\/fi\/wp-json\/wp\/v2\/product"}],"about":[{"href":"https:\/\/agrozone.ee\/fi\/wp-json\/wp\/v2\/types\/product"}],"wp:featuredmedia":[{"embeddable":true,"href":"https:\/\/agrozone.ee\/fi\/wp-json\/wp\/v2\/media\/47413"}],"wp:attachment":[{"href":"https:\/\/agrozone.ee\/fi\/wp-json\/wp\/v2\/media?parent=41528"}],"wp:term":[{"taxonomy":"product_brand","embeddable":true,"href":"https:\/\/agrozone.ee\/fi\/wp-json\/wp\/v2\/product_brand?post=41528"},{"taxonomy":"product_cat","embeddable":true,"href":"https:\/\/agrozone.ee\/fi\/wp-json\/wp\/v2\/product_cat?post=41528"},{"taxonomy":"product_tag","embeddable":true,"href":"https:\/\/agrozone.ee\/fi\/wp-json\/wp\/v2\/product_tag?post=41528"}],"curies":[{"name":"wp","href":"https:\/\/api.w.org\/{rel}","templated":true}]}}