{"id":41531,"date":"2024-06-09T15:57:08","date_gmt":"2024-06-09T13:57:08","guid":{"rendered":"https:\/\/agrozone.ee\/toode\/alppiruusujen-ja-atsaleojen-nestemainen-lannoite-500-ml\/"},"modified":"2024-06-09T15:57:08","modified_gmt":"2024-06-09T13:57:08","slug":"alppiruusujen-ja-atsaleojen-nestemainen-lannoite-500-ml","status":"publish","type":"product","link":"https:\/\/agrozone.ee\/fi\/tuote\/alppiruusujen-ja-atsaleojen-nestemainen-lannoite-500-ml\/","title":{"rendered":"Alppiruusujen ja atsaleojen nestem\u00e4inen lannoite 500 ml"},"content":{"rendered":"<p>Alppiruusujen ja atsaleojen nestem\u00e4inen lannoite on nopeasti vaikuttava, vesiliukoinen ja mikroelementtej\u00e4 sis\u00e4lt\u00e4v\u00e4 t\u00e4yslannoite kaikkien alppiruusu- ja atsalealajikkeiden sek\u00e4 muiden happamien maiden kasvien lannoitukseen. Voidaan k\u00e4ytt\u00e4\u00e4 my\u00f6s muiden kanervakasvien, kuten kanervien, erikojen, mustikoiden, talvikkien, hortensioiden, kalmioiden, skimmioiden ym. kasvatuksessa. Alppiruusujen ja atsaleojen nestem\u00e4ist\u00e4 lannoitetta k\u00e4ytett\u00e4ess\u00e4 lannoitetut kasvit kasvattavat runsaasti kukkanuppuja, jotka puhkeavat seuraavalla kaudella. Lis\u00e4ksi kasvien kylm\u00e4nkest\u00e4vyys paranee ja veden varastointi ikivihreiss\u00e4 lehdiss\u00e4 tehostuu.   <\/p>\n<p>&nbsp;<\/p>\n<h3>K\u00e4ytt\u00f6ohjeet<\/h3>\n<p>Kukinta-aikana kasveja kastellaan lannoiteliuoksella kerran viikossa, muuna kasvukautena (kev\u00e4\u00e4st\u00e4 hein\u00e4kuun loppuun kukinnan ulkopuolella) kasveja kastellaan lannoiteliuoksella joka toinen viikko. Elokuusta syyskuuhun kasveja lannoitetaan Baltic Agron syksyisella puutarhalannoitteella.  K\u00c4YTT\u00d6OHJE. Yksi pullon korkillinen nestem\u00e4ist\u00e4 lannoitetta liuotetaan 5 litraan vett\u00e4. 0,5 litraa riitt\u00e4\u00e4 noin 83 litran kasteluveden valmistukseen.  1 korkillinen = 20 ml.<\/p>\n","protected":false},"excerpt":{"rendered":"<p>Alppiruusujen ja atsaleojen nestem\u00e4inen lannoite on nopeasti vaikuttava, vesiliukoinen ja mikroelementtej\u00e4 sis\u00e4lt\u00e4v\u00e4 t\u00e4yslannoite kaikkien alppiruusu- ja atsalealajikkeiden sek\u00e4 muiden happamien maiden kasvien lannoitukseen. Voidaan k\u00e4ytt\u00e4\u00e4 my\u00f6s muiden kanervakasvien, kuten kanervien, erikojen, mustikoiden, talvikkien, hortensioiden, kalmioiden, skimmioiden ym. kasvatuksessa. Alppiruusujen ja atsaleojen nestem\u00e4ist\u00e4 lannoitetta k\u00e4ytett\u00e4ess\u00e4 lannoitetut kasvit kasvattavat runsaasti kukkanuppuja, jotka puhkeavat seuraavalla kaudella. Lis\u00e4ksi kasvien kylm\u00e4nkest\u00e4vyys paranee ja veden varastointi ikivihreiss\u00e4 lehdiss\u00e4 tehostuu.   <\/p>\n","protected":false},"featured_media":41534,"template":"","meta":{"_acf_changed":false,"_seopress_robots_primary_cat":"","_seopress_titles_title":"","_seopress_titles_desc":"","_seopress_robots_index":"","_gspb_post_css":""},"product_brand":[],"product_cat":[2392,2461,2438,2468,2460],"product_tag":[],"class_list":{"0":"post-41531","1":"product","2":"type-product","3":"status-publish","4":"has-post-thumbnail","6":"product_cat-kaikki-luokat","7":"product_cat-kasteluun-sekoitettava-lannoite","8":"product_cat-lannoitteet","9":"product_cat-nestemainen-lannoite","10":"product_cat-puutarhalannoitteet","12":"first","13":"instock","14":"taxable","15":"shipping-taxable","16":"purchasable","17":"product-type-simple"},"ct_brands":[],"acf":[],"_links":{"self":[{"href":"https:\/\/agrozone.ee\/fi\/wp-json\/wp\/v2\/product\/41531","targetHints":{"allow":["GET"]}}],"collection":[{"href":"https:\/\/agrozone.ee\/fi\/wp-json\/wp\/v2\/product"}],"about":[{"href":"https:\/\/agrozone.ee\/fi\/wp-json\/wp\/v2\/types\/product"}],"wp:featuredmedia":[{"embeddable":true,"href":"https:\/\/agrozone.ee\/fi\/wp-json\/wp\/v2\/media\/41534"}],"wp:attachment":[{"href":"https:\/\/agrozone.ee\/fi\/wp-json\/wp\/v2\/media?parent=41531"}],"wp:term":[{"taxonomy":"product_brand","embeddable":true,"href":"https:\/\/agrozone.ee\/fi\/wp-json\/wp\/v2\/product_brand?post=41531"},{"taxonomy":"product_cat","embeddable":true,"href":"https:\/\/agrozone.ee\/fi\/wp-json\/wp\/v2\/product_cat?post=41531"},{"taxonomy":"product_tag","embeddable":true,"href":"https:\/\/agrozone.ee\/fi\/wp-json\/wp\/v2\/product_tag?post=41531"}],"curies":[{"name":"wp","href":"https:\/\/api.w.org\/{rel}","templated":true}]}}