{"id":41538,"date":"2024-06-09T15:56:45","date_gmt":"2024-06-09T13:56:45","guid":{"rendered":"https:\/\/agrozone.ee\/toode\/mustikan-nestemainen-lannoite-1-l\/"},"modified":"2024-06-09T15:56:45","modified_gmt":"2024-06-09T13:56:45","slug":"mustikan-nestemainen-lannoite-1-l","status":"publish","type":"product","link":"https:\/\/agrozone.ee\/fi\/tuote\/mustikan-nestemainen-lannoite-1-l\/","title":{"rendered":"Mustikan nestem\u00e4inen lannoite 1 l"},"content":{"rendered":"<p><strong>Mustikan nestem\u00e4inen lannoite 1 l<\/strong><\/p>\n<ul>\n<li>Hivenravinteilla varustettu nestem\u00e4inen klooriton kompleksilannoite.<\/li>\n<li>Lannoite parantaa kasvien kasvua, lis\u00e4\u00e4 satoa ja vahvistaa juuristoa.<\/li>\n<li>Lannoittamalla mustikkakasveista tulee vihreit\u00e4, v\u00e4ri tasoittuu ja kasvit saavat terveen ulkon\u00e4\u00f6n.<\/li>\n<li>Mustikan nestem\u00e4inen lannoite on tarkoitettu k\u00e4ytett\u00e4v\u00e4ksi kev\u00e4\u00e4ll\u00e4 ja kes\u00e4ll\u00e4.<\/li>\n<li>Lannoite lis\u00e4\u00e4 kasvua ja nostaa satoa.<\/li>\n<\/ul>\n<h3>K\u00e4ytt\u00f6ohjeet<\/h3>\n<ul>\n<li>Valmistele lannoiteliuos ohjeessa annettujen k\u00e4ytt\u00f6ohjeiden mukaisesti.<\/li>\n<li>Kastele kasveja lannoiteliuoksella.<\/li>\n<li>\u00c4l\u00e4 k\u00e4yt\u00e4 lannoitetta eritt\u00e4in kuivalla maaper\u00e4ll\u00e4.<\/li>\n<\/ul>\n<p>K\u00c4YTT\u00d6OHJE.<\/p>\n<ul>\n<li>Mustikoiden kasteluun 40 ml\/10 l vett\u00e4.<\/li>\n<li>1 pullon korkillinen = 20 ml.<\/li>\n<\/ul>\n","protected":false},"excerpt":{"rendered":"<ul>\n<li>Hivenravinteilla varustettu nestem\u00e4inen klooriton kompleksilannoite.<\/li>\n<li>Lannoite parantaa kasvien kasvua, lis\u00e4\u00e4 satoa ja vahvistaa juuristoa.<\/li>\n<li>Lannoittamalla mustikkakasveista tulee vihreit\u00e4, v\u00e4ri tasoittuu ja kasvit saavat terveen ulkon\u00e4\u00f6n.<\/li>\n<li>Mustikan nestem\u00e4inen lannoite on tarkoitettu k\u00e4ytett\u00e4v\u00e4ksi kev\u00e4\u00e4ll\u00e4 ja kes\u00e4ll\u00e4.<\/li>\n<li>Lannoite lis\u00e4\u00e4 kasvua ja nostaa satoa.<\/li>\n<\/ul>\n","protected":false},"featured_media":41541,"template":"","meta":{"_acf_changed":false,"_seopress_robots_primary_cat":"","_seopress_titles_title":"","_seopress_titles_desc":"Mustikan nestem\u00e4inen lannoite - Hivenravinteilla varustettu nestem\u00e4inen klooriton kompleksilannoite. Lannoite parantaa kasvien kasvua, lis\u00e4\u00e4 satoa ja vahvistaa juuristoa. ","_seopress_robots_index":"","_gspb_post_css":""},"product_brand":[],"product_cat":[2392,2461,2438,2468,2460],"product_tag":[],"class_list":{"0":"post-41538","1":"product","2":"type-product","3":"status-publish","4":"has-post-thumbnail","6":"product_cat-kaikki-luokat","7":"product_cat-kasteluun-sekoitettava-lannoite","8":"product_cat-lannoitteet","9":"product_cat-nestemainen-lannoite","10":"product_cat-puutarhalannoitteet","12":"first","13":"instock","14":"taxable","15":"shipping-taxable","16":"purchasable","17":"product-type-simple"},"ct_brands":[],"acf":[],"_links":{"self":[{"href":"https:\/\/agrozone.ee\/fi\/wp-json\/wp\/v2\/product\/41538","targetHints":{"allow":["GET"]}}],"collection":[{"href":"https:\/\/agrozone.ee\/fi\/wp-json\/wp\/v2\/product"}],"about":[{"href":"https:\/\/agrozone.ee\/fi\/wp-json\/wp\/v2\/types\/product"}],"wp:featuredmedia":[{"embeddable":true,"href":"https:\/\/agrozone.ee\/fi\/wp-json\/wp\/v2\/media\/41541"}],"wp:attachment":[{"href":"https:\/\/agrozone.ee\/fi\/wp-json\/wp\/v2\/media?parent=41538"}],"wp:term":[{"taxonomy":"product_brand","embeddable":true,"href":"https:\/\/agrozone.ee\/fi\/wp-json\/wp\/v2\/product_brand?post=41538"},{"taxonomy":"product_cat","embeddable":true,"href":"https:\/\/agrozone.ee\/fi\/wp-json\/wp\/v2\/product_cat?post=41538"},{"taxonomy":"product_tag","embeddable":true,"href":"https:\/\/agrozone.ee\/fi\/wp-json\/wp\/v2\/product_tag?post=41538"}],"curies":[{"name":"wp","href":"https:\/\/api.w.org\/{rel}","templated":true}]}}