{"id":41539,"date":"2024-06-09T15:57:08","date_gmt":"2024-06-09T12:57:08","guid":{"rendered":"https:\/\/agrozone.ee\/toode\/ruusulannoitepuikot\/"},"modified":"2024-06-09T15:57:08","modified_gmt":"2024-06-09T13:57:08","slug":"ruusulannoitepuikot","status":"publish","type":"product","link":"https:\/\/agrozone.ee\/fi\/tuote\/ruusulannoitepuikot\/","title":{"rendered":"Ruusulannoitepuikot"},"content":{"rendered":"<div class=\"summary entry-summary\">\n<div class=\"woocommerce-product-details__short-description\">\n<p>Laadukkaat lannoitepuikot kaikkien ruusulajikkeiden (esim. jaloruusujen, penkki-, pensas- tai k\u00f6ynn\u00f6sruusujen) lannoitukseen. Lannoitepuikot stimuloivat ruusujen kasvua ja kukkanuppujen muodostumista. Ravinteet ovat hitaasti liukenevassa muodossa, mik\u00e4 mahdollistaa kasvien niiden omaksumisen asteittain tarpeen mukaan.   Yliannostuksen vaaraa ei siis ole.<\/p>\n<p>&nbsp;<\/p>\n<h3>K\u00e4ytt\u00f6ohjeet<\/h3>\n<p>Lannoitepuikko painetaan koko pituudeltaan maahan 10-15 cm p\u00e4\u00e4h\u00e4n kasvista, laskelmalla 3 lannoitepuikkoa yht\u00e4 kasvia kohti. Ensimm\u00e4inen lannoitus huhti- tai toukokuussa, toinen kes\u00e4- tai hein\u00e4kuussa. <\/p>\n<\/div>\n<\/div>\n","protected":false},"excerpt":{"rendered":"<p>Laadukkaat lannoitepuikot kaikkien ruusulajikkeiden (esim. jaloruusujen, penkki-, pensas- tai k\u00f6ynn\u00f6sruusujen) lannoitukseen. Lannoitepuikot stimuloivat ruusujen kasvua ja kukkanuppujen muodostumista. Ravinteet ovat hitaasti liukenevassa muodossa, mik\u00e4 mahdollistaa kasvien niiden omaksumisen asteittain tarpeen mukaan.   Yliannostuksen vaaraa ei siis ole.<\/p>\n","protected":false},"featured_media":41540,"template":"","meta":{"_acf_changed":false,"_seopress_robots_primary_cat":"","_seopress_titles_title":"","_seopress_titles_desc":"","_seopress_robots_index":"","_gspb_post_css":""},"product_brand":[],"product_cat":[2392,2438,2460],"product_tag":[],"class_list":{"0":"post-41539","1":"product","2":"type-product","3":"status-publish","4":"has-post-thumbnail","6":"product_cat-kaikki-luokat","7":"product_cat-lannoitteet","8":"product_cat-puutarhalannoitteet","10":"first","11":"instock","12":"taxable","13":"shipping-taxable","14":"purchasable","15":"product-type-simple"},"ct_brands":[],"acf":[],"_links":{"self":[{"href":"https:\/\/agrozone.ee\/fi\/wp-json\/wp\/v2\/product\/41539","targetHints":{"allow":["GET"]}}],"collection":[{"href":"https:\/\/agrozone.ee\/fi\/wp-json\/wp\/v2\/product"}],"about":[{"href":"https:\/\/agrozone.ee\/fi\/wp-json\/wp\/v2\/types\/product"}],"wp:featuredmedia":[{"embeddable":true,"href":"https:\/\/agrozone.ee\/fi\/wp-json\/wp\/v2\/media\/41540"}],"wp:attachment":[{"href":"https:\/\/agrozone.ee\/fi\/wp-json\/wp\/v2\/media?parent=41539"}],"wp:term":[{"taxonomy":"product_brand","embeddable":true,"href":"https:\/\/agrozone.ee\/fi\/wp-json\/wp\/v2\/product_brand?post=41539"},{"taxonomy":"product_cat","embeddable":true,"href":"https:\/\/agrozone.ee\/fi\/wp-json\/wp\/v2\/product_cat?post=41539"},{"taxonomy":"product_tag","embeddable":true,"href":"https:\/\/agrozone.ee\/fi\/wp-json\/wp\/v2\/product_tag?post=41539"}],"curies":[{"name":"wp","href":"https:\/\/api.w.org\/{rel}","templated":true}]}}