{"id":41542,"date":"2024-06-09T15:56:46","date_gmt":"2024-06-09T12:56:46","guid":{"rendered":"https:\/\/agrozone.ee\/toode\/havupuiden-nestemainen-lannoite-jossa-on-magnesiumsulfaattia-1-l\/"},"modified":"2026-04-24T10:26:46","modified_gmt":"2026-04-24T08:26:46","slug":"havupuiden-nestemainen-lannoite-jossa-on-magnesiumsulfaattia-1-l","status":"publish","type":"product","link":"https:\/\/agrozone.ee\/fi\/tuote\/havupuiden-nestemainen-lannoite-jossa-on-magnesiumsulfaattia-1-l\/","title":{"rendered":"Havupuiden nestem\u00e4inen lannoite, jossa on magnesiumsulfaattia, 1 l"},"content":{"rendered":"<p data-path-to-node=\"3\">### Her\u00e4t\u00e4 puutarhasi ikivihre\u00e4 kauneus uuteen eloon!<\/p>\n<p data-path-to-node=\"4\">Ovatko puutarhasi ylpeydenaiheet \u2013 havupuut tai happaman maan koristepensaat \u2013 menett\u00e4neet loistonsa? Kellastuneet neulaset, ruskeat t\u00e4pl\u00e4t ja v\u00e4synyt ilme ovat usein selvi\u00e4 merkkej\u00e4 magnesiumin puutteesta. Meid\u00e4n <b data-path-to-node=\"4\" data-index-in-node=\"199\">havupuiden nestelannoitteemme karvassuolalla<\/b> on kehitetty juuri t\u00e4m\u00e4n ongelman luonnonmukaiseen ja tehokkaaseen ratkaisemiseen, palauttaen puutarhasi elinvoiman.  <\/p>\n<p data-path-to-node=\"5\">Magnesium (Mg) on kasvin klorofyllin syd\u00e4n. T\u00e4m\u00e4 mikroravinteilla rikastettu virkist\u00e4j\u00e4 palauttaa ikivihreiden kasvien luonnollisen, syv\u00e4nvihre\u00e4n pigmentin ja vahvistaa niiden juuristoa. Terveell\u00e4 ja vahvalla juuristolla varustettu kasvi kest\u00e4\u00e4 huomattavasti paremmin vaihtelevia s\u00e4\u00e4olosuhteita ja tauteja. Kokonaisvaltaisesti hoidettu ja elinvoimainen puutarha tukee my\u00f6s laajempaa luonnon monimuotoisuutta tarjoamalla turvallisen ja vihre\u00e4n elinymp\u00e4rist\u00f6n hy\u00f6dyllisille puutarhan apulaisille \u2013 se on askel kohti kest\u00e4v\u00e4mp\u00e4\u00e4 ja huolehtivampaa puutarhanhoitoa!   <\/p>\n<p data-path-to-node=\"6\"><b data-path-to-node=\"6\" data-index-in-node=\"0\">Kenelle t\u00e4m\u00e4 nestelannoite on korvaamaton apu?<\/b><\/p>\n<ul data-path-to-node=\"7\">\n<li>\n<p data-path-to-node=\"7,0,0\"><b data-path-to-node=\"7,0,0\" data-index-in-node=\"0\">Havupuut:<\/b> Varmistaa nuorekkaan kasvun ja kadehdittavan kirkkaan neulasten v\u00e4rin ymp\u00e4ri vuoden.<\/p>\n<\/li>\n<li>\n<p data-path-to-node=\"7,1,0\"><b data-path-to-node=\"7,1,0\" data-index-in-node=\"0\">Alppiruusut ja atsaleat:<\/b> Auttaa n\u00e4it\u00e4 kuninkaallisia pensaita ker\u00e4\u00e4m\u00e4\u00e4n voimaa tarjotakseen runsaan ja silmiinpist\u00e4v\u00e4n kukkameren.<\/p>\n<\/li>\n<li>\n<p data-path-to-node=\"7,2,0\"><b data-path-to-node=\"7,2,0\" data-index-in-node=\"0\">Pensasmustikat:<\/b> Ravitsee pensaita syv\u00e4lt\u00e4, jotta voit poimia omasta ekopuutarhastasi entist\u00e4 mehukkaampia ja makeampia marjoja.<\/p>\n<\/li>\n<\/ul>\n<p data-path-to-node=\"8\"><b data-path-to-node=\"8\" data-index-in-node=\"0\">Helppo ja s\u00e4\u00e4steli\u00e4s annostelu (vastuulliseen k\u00e4ytt\u00f6\u00f6n):<\/b><\/p>\n<ul data-path-to-node=\"9\">\n<li>\n<p data-path-to-node=\"9,0,0\"><b data-path-to-node=\"9,0,0\" data-index-in-node=\"0\">Havupuut:<\/b> Sekoita 1 korkillinen nestelannoitetta 5 litraan vett\u00e4 (liuos riitt\u00e4\u00e4 3 m\u00b2:n k\u00e4sittelyyn).<\/p>\n<\/li>\n<li>\n<p data-path-to-node=\"9,1,0\"><b data-path-to-node=\"9,1,0\" data-index-in-node=\"0\">Alppiruusut ja atsaleat:<\/b> Liuota 1 korkillinen lannoitetta 10 litraan vett\u00e4 (kattaa 3 m\u00b2:n alan).<\/p>\n<\/li>\n<li>\n<p data-path-to-node=\"9,2,0\"><b data-path-to-node=\"9,2,0\" data-index-in-node=\"0\">Pensasmustikat:<\/b> Lis\u00e4\u00e4 2 korkillista lannoitetta 10 litraan vett\u00e4 (sopii 3 m\u00b2:n lannoitukseen).<\/p>\n<\/li>\n<\/ul>\n<p data-path-to-node=\"10\"><i data-path-to-node=\"10\" data-index-in-node=\"0\">Anna vihre\u00e4lle keitaallesi takaisin sen todellinen raikkaus. Lis\u00e4\u00e4 karvassuolaa sis\u00e4lt\u00e4v\u00e4 havupuulannoite ostoskoriin ja nauti terveest\u00e4, tuuheasta ja vihre\u00e4st\u00e4 puutarhasta! <\/i><\/p>\n","protected":false},"excerpt":{"rendered":"<ul>\n<li>Karvassuolalla ja mikroravinteilla rikastettu nestelannoite havupuille, happaman maan hy\u00f6tykasveille sek\u00e4 ikivihreille puille ja pensaille.<\/li>\n<li>Lannoite parantaa kasvien kasvua ja vahvistaa juuristoa.<\/li>\n<li>Magnesium (Mg) kuuluu kasvin klorofyllin koostumukseen ja vaikuttaa siksi merkitt\u00e4v\u00e4sti lehtien ja neulasten vihre\u00e4\u00e4n v\u00e4riin.<\/li>\n<\/ul>\n","protected":false},"featured_media":58840,"template":"","meta":{"_acf_changed":false,"_seopress_robots_primary_cat":"none","_seopress_titles_title":"Havupuiden nestelannoitus karvassuolalla 1 l | Agrozone","_seopress_titles_desc":"Anna havupuille ja rhododendroneille syv\u00e4nvihre\u00e4\u00e4 elinvoimaa! Magnesiumilla rikastettu nestelannoite vahvistaa juuria. Tilaa luonnon monimuotoisuutta tukeva lannoite Agrozoniesta!  ","_seopress_robots_index":"","_seopress_analysis_target_kw":"havupuiden nestelannoite,lannoite karvassuolalla,havupuiden hoito,alppiruusujen lannoite,pensasmustikoiden lannoitus","_gspb_post_css":""},"product_brand":[],"product_cat":[2392,2461,2438,2468,2460],"product_tag":[],"class_list":{"0":"post-41542","1":"product","2":"type-product","3":"status-publish","4":"has-post-thumbnail","6":"product_cat-kaikki-luokat","7":"product_cat-kasteluun-sekoitettava-lannoite","8":"product_cat-lannoitteet","9":"product_cat-nestemainen-lannoite","10":"product_cat-puutarhalannoitteet","12":"first","13":"instock","14":"taxable","15":"shipping-taxable","16":"purchasable","17":"product-type-simple"},"ct_brands":[],"acf":[],"_links":{"self":[{"href":"https:\/\/agrozone.ee\/fi\/wp-json\/wp\/v2\/product\/41542","targetHints":{"allow":["GET"]}}],"collection":[{"href":"https:\/\/agrozone.ee\/fi\/wp-json\/wp\/v2\/product"}],"about":[{"href":"https:\/\/agrozone.ee\/fi\/wp-json\/wp\/v2\/types\/product"}],"wp:featuredmedia":[{"embeddable":true,"href":"https:\/\/agrozone.ee\/fi\/wp-json\/wp\/v2\/media\/58840"}],"wp:attachment":[{"href":"https:\/\/agrozone.ee\/fi\/wp-json\/wp\/v2\/media?parent=41542"}],"wp:term":[{"taxonomy":"product_brand","embeddable":true,"href":"https:\/\/agrozone.ee\/fi\/wp-json\/wp\/v2\/product_brand?post=41542"},{"taxonomy":"product_cat","embeddable":true,"href":"https:\/\/agrozone.ee\/fi\/wp-json\/wp\/v2\/product_cat?post=41542"},{"taxonomy":"product_tag","embeddable":true,"href":"https:\/\/agrozone.ee\/fi\/wp-json\/wp\/v2\/product_tag?post=41542"}],"curies":[{"name":"wp","href":"https:\/\/api.w.org\/{rel}","templated":true}]}}