{"id":41545,"date":"2024-06-09T15:56:45","date_gmt":"2024-06-09T13:56:45","guid":{"rendered":"https:\/\/agrozone.ee\/toode\/mustikanlannoite-1-kg-rasia\/"},"modified":"2024-06-09T15:56:45","modified_gmt":"2024-06-09T13:56:45","slug":"mustikanlannoite-1-kg-rasia","status":"publish","type":"product","link":"https:\/\/agrozone.ee\/fi\/tuote\/mustikanlannoite-1-kg-rasia\/","title":{"rendered":"Mustikanlannoite 1 kg rasia"},"content":{"rendered":"<p><strong>Mustikanlannoite 1 kg rasia &#8211; NPK N-P<sub>2<\/sub>O<sub>5<\/sub>-K<sub>2<\/sub>O 12-6-24 <\/strong><\/p>\n<ul>\n<li>Mustikanlannoite sopii mustikoiden (pensasmustikka) ja muiden happamien maiden kasvien lannoitukseen.<\/li>\n<li>Edist\u00e4\u00e4 kasvua ja vahvistaa kasveja.<\/li>\n<li>Lannoitteen pH on mustikkakasvien kasvuvaatimusten mukainen.<\/li>\n<li>Tasapainoisesti lannoitettu kasvi k\u00e4ytt\u00e4\u00e4 vett\u00e4 optimaalisesti ja on vastustuskykyinen ep\u00e4suotuisille olosuhteille, taudeille ja tuholaisille.<\/li>\n<\/ul>\n<h4>K\u00e4ytt\u00f6ohjeet<\/h4>\n<ul>\n<li>K\u00e4yt\u00e4 aikaisin kev\u00e4\u00e4st\u00e4 sadonkorjuun alkuun.<\/li>\n<li>Kasveja istutettaessa sekoita lannoite istutusmultaan, pintak\u00e4yt\u00f6ss\u00e4 levit\u00e4 tasaisesti kasvin ymp\u00e4rille ja haraa maata.<\/li>\n<li>Lannoituksen j\u00e4lkeen on suositeltavaa kastella kasveja.<\/li>\n<li>Elokuun puoliv\u00e4list\u00e4 alkaen lannoita mustikkakasveja syyslannoitteella.<\/li>\n<li>1 kg = 30 m\u00b2.<\/li>\n<\/ul>\n","protected":false},"excerpt":{"rendered":"<p>Mustikanlannoite sopii mustikoiden (pensasmustikka) ja muiden happamien maiden kasvien lannoitukseen. Edist\u00e4\u00e4 kasvua ja vahvistaa kasveja. Lannoitteen pH on mustikkakasvien kasvuvaatimusten mukainen. Tasapainoisesti lannoitettu kasvi k\u00e4ytt\u00e4\u00e4 vett\u00e4 optimaalisesti ja on vastustuskykyinen ep\u00e4suotuisille olosuhteille, taudeille ja tuholaisille. <\/p>\n","protected":false},"featured_media":41547,"template":"","meta":{"_acf_changed":false,"_seopress_robots_primary_cat":"","_seopress_titles_title":"","_seopress_titles_desc":"Mustikanlannoite sopii mustikoiden (pensasmustikka) ja muiden happamien maiden kasvien lannoitukseen. Edist\u00e4\u00e4 kasvua ja vahvistaa kasveja.","_seopress_robots_index":"","_gspb_post_css":""},"product_brand":[],"product_cat":[2392,2438,2460],"product_tag":[],"class_list":{"0":"post-41545","1":"product","2":"type-product","3":"status-publish","4":"has-post-thumbnail","6":"product_cat-kaikki-luokat","7":"product_cat-lannoitteet","8":"product_cat-puutarhalannoitteet","10":"first","11":"instock","12":"taxable","13":"shipping-taxable","14":"purchasable","15":"product-type-simple"},"ct_brands":[],"acf":[],"_links":{"self":[{"href":"https:\/\/agrozone.ee\/fi\/wp-json\/wp\/v2\/product\/41545","targetHints":{"allow":["GET"]}}],"collection":[{"href":"https:\/\/agrozone.ee\/fi\/wp-json\/wp\/v2\/product"}],"about":[{"href":"https:\/\/agrozone.ee\/fi\/wp-json\/wp\/v2\/types\/product"}],"wp:featuredmedia":[{"embeddable":true,"href":"https:\/\/agrozone.ee\/fi\/wp-json\/wp\/v2\/media\/41547"}],"wp:attachment":[{"href":"https:\/\/agrozone.ee\/fi\/wp-json\/wp\/v2\/media?parent=41545"}],"wp:term":[{"taxonomy":"product_brand","embeddable":true,"href":"https:\/\/agrozone.ee\/fi\/wp-json\/wp\/v2\/product_brand?post=41545"},{"taxonomy":"product_cat","embeddable":true,"href":"https:\/\/agrozone.ee\/fi\/wp-json\/wp\/v2\/product_cat?post=41545"},{"taxonomy":"product_tag","embeddable":true,"href":"https:\/\/agrozone.ee\/fi\/wp-json\/wp\/v2\/product_tag?post=41545"}],"curies":[{"name":"wp","href":"https:\/\/api.w.org\/{rel}","templated":true}]}}