{"id":41548,"date":"2024-06-09T15:56:46","date_gmt":"2024-06-09T12:56:46","guid":{"rendered":"https:\/\/agrozone.ee\/toode\/pitkavaikutteinen-havupuulannoite-4-kg\/"},"modified":"2025-05-02T11:33:06","modified_gmt":"2025-05-02T09:33:06","slug":"pitkavaikutteinen-havupuulannoite-4-kg","status":"publish","type":"product","link":"https:\/\/agrozone.ee\/fi\/tuote\/pitkavaikutteinen-havupuulannoite-4-kg\/","title":{"rendered":"Pitk\u00e4vaikutteinen havupuulannoite 4 kg"},"content":{"rendered":"<ul>\n<li>Baltic Agron mikroelementtej\u00e4 sis\u00e4lt\u00e4v\u00e4 pitk\u00e4vaikutteinen lannoite erilaisten havupuulajien \u2013 kuusen, tuijan, katajan, m\u00e4nnyn, marjakuusen, lehtikuusen, tsuugan jne. \u2013 lannoitukseen.<\/li>\n<li>Voidaan k\u00e4ytt\u00e4\u00e4 my\u00f6s puksipuun, orapihlajan ja muiden ikivihreiden kasvien ravinteiden saannin varmistamiseen.<\/li>\n<li>Lannoitteen erityinen sidosrakenne mahdollistaa ravinteiden vapautumisen asteittain kasvin tarpeen mukaan 3\u20134 kuukauden aikana, mik\u00e4 varmistaa tasaisen ravinteiden saannin ilman yliannostusta.<\/li>\n<li>Edist\u00e4\u00e4 kasvua ja vahvistaa kasveja, auttaa havupuita toipumaan auringonpolttamasta, koska sis\u00e4lt\u00e4\u00e4 magnesiumia, joka vaikuttaa kasvin lehtien ja neulasten vihre\u00e4\u00e4n v\u00e4riin.<\/li>\n<li>Tasapainoisesti lannoitettu kasvi on vastustuskykyisempi ep\u00e4suotuisille kasvuolosuhteille, taudeille ja tuholaisille.<\/li>\n<\/ul>\n<h3>K\u00e4ytt\u00f6ohjeet<\/h3>\n<ul>\n<li>Lannoitetaan kerran vuodessa huhtikuusta elokuuhun.<\/li>\n<li>Elokuusta alkaen lannoitetaan kasveja Baltic Agron syksyisella puutarhalannoitteella.<\/li>\n<\/ul>\n","protected":false},"excerpt":{"rendered":"<ul>\n<li>Baltic Agron mikroelementtej\u00e4 sis\u00e4lt\u00e4v\u00e4 pitk\u00e4vaikutteinen lannoite erilaisten havupuulajien \u2013 kuusen, tuijan, katajan, m\u00e4nnyn, marjakuusen, lehtikuusen, tsuugan jne. \u2013 lannoitukseen.<\/li>\n<li>Voidaan k\u00e4ytt\u00e4\u00e4 my\u00f6s puksipuun, orapihlajan ja muiden ikivihreiden kasvien ravinteiden saannin varmistamiseen.<\/li>\n<li>Lannoitteen erityinen sidosrakenne mahdollistaa ravinteiden vapautumisen asteittain kasvin tarpeen mukaan 3\u20134 kuukauden aikana, mik\u00e4 varmistaa tasaisen ravinteiden saannin ilman yliannostusta.<\/li>\n<li>Edist\u00e4\u00e4 kasvua ja vahvistaa kasveja, auttaa havupuita toipumaan auringonpolttamasta, koska sis\u00e4lt\u00e4\u00e4 magnesiumia, joka vaikuttaa kasvin lehtien ja neulasten vihre\u00e4\u00e4n v\u00e4riin.<\/li>\n<li>Tasapainoisesti lannoitettu kasvi on vastustuskykyisempi ep\u00e4suotuisille kasvuolosuhteille, taudeille ja tuholaisille.<\/li>\n<\/ul>\n","protected":false},"featured_media":41550,"template":"","meta":{"_acf_changed":false,"_seopress_robots_primary_cat":"","_seopress_titles_title":"","_seopress_titles_desc":"Mikroelementtej\u00e4 sis\u00e4lt\u00e4v\u00e4 pitk\u00e4vaikutteinen lannoite erilaisten havupuulajien \u2013 kuusen, tuijan, katajan, m\u00e4nnyn, marjakuusen, lehtikuusen, tsuugan jne. \u2013 lannoitukseen.","_seopress_robots_index":"","_gspb_post_css":""},"product_brand":[],"product_cat":[2392,2438,2464,2460],"product_tag":[],"class_list":{"0":"post-41548","1":"product","2":"type-product","3":"status-publish","4":"has-post-thumbnail","6":"product_cat-kaikki-luokat","7":"product_cat-lannoitteet","8":"product_cat-nopeasti-vaikuttava-lannoite","9":"product_cat-puutarhalannoitteet","11":"first","12":"instock","13":"taxable","14":"shipping-taxable","15":"purchasable","16":"product-type-simple"},"ct_brands":[],"acf":[],"_links":{"self":[{"href":"https:\/\/agrozone.ee\/fi\/wp-json\/wp\/v2\/product\/41548","targetHints":{"allow":["GET"]}}],"collection":[{"href":"https:\/\/agrozone.ee\/fi\/wp-json\/wp\/v2\/product"}],"about":[{"href":"https:\/\/agrozone.ee\/fi\/wp-json\/wp\/v2\/types\/product"}],"wp:featuredmedia":[{"embeddable":true,"href":"https:\/\/agrozone.ee\/fi\/wp-json\/wp\/v2\/media\/41550"}],"wp:attachment":[{"href":"https:\/\/agrozone.ee\/fi\/wp-json\/wp\/v2\/media?parent=41548"}],"wp:term":[{"taxonomy":"product_brand","embeddable":true,"href":"https:\/\/agrozone.ee\/fi\/wp-json\/wp\/v2\/product_brand?post=41548"},{"taxonomy":"product_cat","embeddable":true,"href":"https:\/\/agrozone.ee\/fi\/wp-json\/wp\/v2\/product_cat?post=41548"},{"taxonomy":"product_tag","embeddable":true,"href":"https:\/\/agrozone.ee\/fi\/wp-json\/wp\/v2\/product_tag?post=41548"}],"curies":[{"name":"wp","href":"https:\/\/api.w.org\/{rel}","templated":true}]}}