{"id":41549,"date":"2024-06-09T15:56:24","date_gmt":"2024-06-09T12:56:24","guid":{"rendered":"https:\/\/agrozone.ee\/toode\/kukkien-nestemainen-lannoite-1-l\/"},"modified":"2024-06-09T15:56:24","modified_gmt":"2024-06-09T13:56:24","slug":"kukkien-nestemainen-lannoite-1-l","status":"publish","type":"product","link":"https:\/\/agrozone.ee\/fi\/tuote\/kukkien-nestemainen-lannoite-1-l\/","title":{"rendered":"Kukkien nestem\u00e4inen lannoite 1 l"},"content":{"rendered":"<p><strong>Kukkien nestem\u00e4inen lannoite 1 l<\/strong><\/p>\n<ul>\n<li>Baltic Agron kukkien nestem\u00e4inen lannoite on nopeavaikutteinen veteen liukeneva hivenravinteita sis\u00e4lt\u00e4v\u00e4 t\u00e4yslannoite, joka edist\u00e4\u00e4 kasvien kehityst\u00e4 ja runsasta kukintaa.<\/li>\n<li>NPK-lannoite sopii kaikkien kukkien ja koristekasvien kasteluun ulkona ja kasvihuoneessa.<\/li>\n<li>K\u00e4ytet\u00e4\u00e4n kes\u00e4kukkien, parvekelaatikoiden, amppeleiden, ruusujen, koristepuiden ja pensaiden lannoitukseen.<\/li>\n<\/ul>\n<h3>K\u00e4ytt\u00f6ohjeet<\/h3>\n<ul>\n<li>Nelj\u00e4sosa pullon korkillisesta nestem\u00e4ist\u00e4 lannoitetta liuotetaan 1 litraan vett\u00e4, sekoitetaan ja kastellaan kasveja kasvukaudella (maaliskuusta lokakuuhun) kerran viikossa.<\/li>\n<li>Talvikaudella kasveja kastellaan lannoiteliuoksella kerran kuukaudessa.<\/li>\n<\/ul>\n","protected":false},"excerpt":{"rendered":"<ul>\n<li>Baltic Agron kukkien nestem\u00e4inen lannoite on nopeavaikutteinen veteen liukeneva hivenravinteita sis\u00e4lt\u00e4v\u00e4 t\u00e4yslannoite, joka edist\u00e4\u00e4 kasvien kehityst\u00e4 ja runsasta kukintaa.<\/li>\n<li>NPK-lannoite sopii kaikkien kukkien ja koristekasvien kasteluun ulkona ja kasvihuoneessa.<\/li>\n<li>K\u00e4ytet\u00e4\u00e4n kes\u00e4kukkien, parvekelaatikoiden, amppeleiden, ruusujen, koristepuiden ja pensaiden lannoitukseen.<\/li>\n<\/ul>\n","protected":false},"featured_media":56794,"template":"","meta":{"_acf_changed":false,"_seopress_robots_primary_cat":"","_seopress_titles_title":"","_seopress_titles_desc":"Kukkien nestem\u00e4inen lannoite 1 l - kukkien nestem\u00e4inen lannoite on nopeavaikutteinen hivenravinteita sis\u00e4lt\u00e4v\u00e4 t\u00e4yslannoite, joka edist\u00e4\u00e4 kasvien kehityst\u00e4 ja runsasta kukintaa.","_seopress_robots_index":"","_gspb_post_css":""},"product_brand":[],"product_cat":[2392,2461,2438,2468,2460],"product_tag":[],"class_list":{"0":"post-41549","1":"product","2":"type-product","3":"status-publish","4":"has-post-thumbnail","6":"product_cat-kaikki-luokat","7":"product_cat-kasteluun-sekoitettava-lannoite","8":"product_cat-lannoitteet","9":"product_cat-nestemainen-lannoite","10":"product_cat-puutarhalannoitteet","12":"first","13":"instock","14":"taxable","15":"shipping-taxable","16":"purchasable","17":"product-type-simple"},"ct_brands":[],"acf":[],"_links":{"self":[{"href":"https:\/\/agrozone.ee\/fi\/wp-json\/wp\/v2\/product\/41549","targetHints":{"allow":["GET"]}}],"collection":[{"href":"https:\/\/agrozone.ee\/fi\/wp-json\/wp\/v2\/product"}],"about":[{"href":"https:\/\/agrozone.ee\/fi\/wp-json\/wp\/v2\/types\/product"}],"wp:featuredmedia":[{"embeddable":true,"href":"https:\/\/agrozone.ee\/fi\/wp-json\/wp\/v2\/media\/56794"}],"wp:attachment":[{"href":"https:\/\/agrozone.ee\/fi\/wp-json\/wp\/v2\/media?parent=41549"}],"wp:term":[{"taxonomy":"product_brand","embeddable":true,"href":"https:\/\/agrozone.ee\/fi\/wp-json\/wp\/v2\/product_brand?post=41549"},{"taxonomy":"product_cat","embeddable":true,"href":"https:\/\/agrozone.ee\/fi\/wp-json\/wp\/v2\/product_cat?post=41549"},{"taxonomy":"product_tag","embeddable":true,"href":"https:\/\/agrozone.ee\/fi\/wp-json\/wp\/v2\/product_tag?post=41549"}],"curies":[{"name":"wp","href":"https:\/\/api.w.org\/{rel}","templated":true}]}}