{"id":41552,"date":"2024-06-09T15:55:18","date_gmt":"2024-06-09T12:55:18","guid":{"rendered":"https:\/\/agrozone.ee\/toode\/merilevauute-1-l\/"},"modified":"2025-12-09T09:42:03","modified_gmt":"2025-12-09T07:42:03","slug":"merilevauute-1-l","status":"publish","type":"product","link":"https:\/\/agrozone.ee\/fi\/tuote\/merilevauute-1-l\/","title":{"rendered":"Merilev\u00e4uute 1 l"},"content":{"rendered":"<ul>\n<li class=\"plained\">Levist\u00e4 valmistettu biostimulaattori vihanneksille, yrteille, vilja- ja koristekasveille.<\/li>\n<li class=\"plained\">Lev\u00e4t lis\u00e4\u00e4v\u00e4t satoa ja s\u00e4\u00e4telev\u00e4t juurien, lehtien ja hedelmien kasvua ja kehityst\u00e4 (parantaen laatua).<\/li>\n<li class=\"plained\">S\u00e4\u00e4nn\u00f6llinen k\u00e4ytt\u00f6 lis\u00e4\u00e4 kasvien vastustuskyky\u00e4 abioottista stressi\u00e4 vastaan (pakkaset, kuivuus jne.).<\/li>\n<\/ul>\n<h4>K\u00e4ytt\u00f6ohjeet<\/h4>\n<ul>\n<li>Ravista pulloa.<\/li>\n<li>Mittaa suositeltu m\u00e4\u00e4r\u00e4 mittakorkin avulla.<\/li>\n<li>K\u00e4yt\u00e4 kasteluun tai lehtien ruiskutukseen.<\/li>\n<\/ul>\n<p><strong>Kastelu:<\/strong><\/p>\n<ul>\n<li>Vihannekset ja marjat 30 ml\/1 l vett\u00e4 kohti 7 p\u00e4iv\u00e4n v\u00e4lein.<\/li>\n<li>Yritit ja mausteyrtit 15 ml\/1 l vett\u00e4 kohti 14 p\u00e4iv\u00e4n v\u00e4lein.<\/li>\n<li>Hedelm\u00e4puut ja viinik\u00f6ynn\u00f6kset 30 ml\/1 l vett\u00e4 kohti 7 p\u00e4iv\u00e4n v\u00e4lein.<\/li>\n<li>Parveke- ja koristekasvit 20 ml\/1 l vett\u00e4 kohti 7 p\u00e4iv\u00e4n v\u00e4lein.<\/li>\n<\/ul>\n<p><strong>Ruiskutus:<\/strong><\/p>\n<ul>\n<li>Vihannekset ja marjat 10 ml\/1 l vett\u00e4 kohti 7 p\u00e4iv\u00e4n v\u00e4lein.<\/li>\n<li>Mausteyrtit ja yrtit 5 ml\/1 l vett\u00e4 kohti 14 p\u00e4iv\u00e4n v\u00e4lein.<\/li>\n<li>Hedelm\u00e4puut ja viinik\u00f6ynn\u00f6kset 10 ml\/1 l vett\u00e4 kohti 7 p\u00e4iv\u00e4n v\u00e4lein.<\/li>\n<li>Parveke- ja koristekasvit 50 ml\/1 l vett\u00e4 kohti 7 p\u00e4iv\u00e4n v\u00e4lein.<\/li>\n<\/ul>\n","protected":false},"excerpt":{"rendered":"<ul>\n<li class=\"plained\">Levist\u00e4 valmistettu biostimulaattori vihanneksille, yrteille, vilja- ja koristekasveille.<\/li>\n<li class=\"plained\">Lev\u00e4t lis\u00e4\u00e4v\u00e4t satoa ja s\u00e4\u00e4telev\u00e4t juurien, lehtien ja hedelmien kasvua ja kehityst\u00e4 (parantaen laatua).<\/li>\n<li class=\"plained\">S\u00e4\u00e4nn\u00f6llinen k\u00e4ytt\u00f6 lis\u00e4\u00e4 kasvien vastustuskyky\u00e4 abioottista stressi\u00e4 vastaan (pakkaset, kuivuus jne.).<\/li>\n<\/ul>\n","protected":false},"featured_media":41553,"template":"","meta":{"_acf_changed":false,"_seopress_robots_primary_cat":"","_seopress_titles_title":"","_seopress_titles_desc":"Levist\u00e4 valmistettu biostimulaattori vihanneksille, yrteille, vilja- ja koristekasveille.","_seopress_robots_index":"","_gspb_post_css":""},"product_brand":[],"product_cat":[2392,2461,2438,2398,2468,2396,2460],"product_tag":[],"class_list":{"0":"post-41552","1":"product","2":"type-product","3":"status-publish","4":"has-post-thumbnail","6":"product_cat-kaikki-luokat","7":"product_cat-kasteluun-sekoitettava-lannoite","8":"product_cat-lannoitteet","9":"product_cat-luonnonmukaiset-lannoitteet","10":"product_cat-nestemainen-lannoite","11":"product_cat-luomuviljely","12":"product_cat-puutarhalannoitteet","14":"first","15":"instock","16":"taxable","17":"shipping-taxable","18":"purchasable","19":"product-type-simple"},"ct_brands":[],"acf":[],"_links":{"self":[{"href":"https:\/\/agrozone.ee\/fi\/wp-json\/wp\/v2\/product\/41552","targetHints":{"allow":["GET"]}}],"collection":[{"href":"https:\/\/agrozone.ee\/fi\/wp-json\/wp\/v2\/product"}],"about":[{"href":"https:\/\/agrozone.ee\/fi\/wp-json\/wp\/v2\/types\/product"}],"wp:featuredmedia":[{"embeddable":true,"href":"https:\/\/agrozone.ee\/fi\/wp-json\/wp\/v2\/media\/41553"}],"wp:attachment":[{"href":"https:\/\/agrozone.ee\/fi\/wp-json\/wp\/v2\/media?parent=41552"}],"wp:term":[{"taxonomy":"product_brand","embeddable":true,"href":"https:\/\/agrozone.ee\/fi\/wp-json\/wp\/v2\/product_brand?post=41552"},{"taxonomy":"product_cat","embeddable":true,"href":"https:\/\/agrozone.ee\/fi\/wp-json\/wp\/v2\/product_cat?post=41552"},{"taxonomy":"product_tag","embeddable":true,"href":"https:\/\/agrozone.ee\/fi\/wp-json\/wp\/v2\/product_tag?post=41552"}],"curies":[{"name":"wp","href":"https:\/\/api.w.org\/{rel}","templated":true}]}}