{"id":41554,"date":"2024-06-09T15:56:24","date_gmt":"2024-06-09T12:56:24","guid":{"rendered":"https:\/\/agrozone.ee\/toode\/kurkun-kasteluun-tarkoitettu-lannoite-300-g\/"},"modified":"2024-06-09T15:56:24","modified_gmt":"2024-06-09T13:56:24","slug":"kurkun-kasteluun-tarkoitettu-lannoite-300-g","status":"publish","type":"product","link":"https:\/\/agrozone.ee\/fi\/tuote\/kurkun-kasteluun-tarkoitettu-lannoite-300-g\/","title":{"rendered":"Kurkun kasteluun tarkoitettu lannoite 300 g"},"content":{"rendered":"<p>Kurkun kasteluun tarkoitettu lannoite on nopeavaikutteinen veteen liukeneva hivenravinteita sis\u00e4lt\u00e4v\u00e4 t\u00e4yslannoite kasvihuone- ja avomaankurkkujen kasteluun. Lannoitus parantaa kasvien kasvua ja varmistaa runsaan kukinnan, hedelm\u00f6ityksen ja korkean sadon.  Suuri kaliumpitoisuus takaa suuret ja mehukkaat hedelm\u00e4t. Tasapainoisesti ravitut kasvit ovat vastustuskykyisempi\u00e4 tuholaisille ja sienitaudeille.<\/p>\n<p>&nbsp;<\/p>\n<h3>K\u00e4ytt\u00f6ohjeet<\/h3>\n<p>Liuota jauhe veteen ja kastele kasveja 1 kukkurallisella mitalusikalla* 5 litraan vett\u00e4 kaksi kertaa viikossa tai 2 kukkurallisella mitalusikalla \/ 5 litraan vett\u00e4 valmistetulla liuoksella kerran viikossa. Joka kolmannella kastelukerralla on tarkoituksenmukaista kastella kalsiumnitraatin 0,1-prosenttisella liuoksella. Lehtien kautta lannoitettaessa suihkuta 0,5-prosenttisella liuoksella 1 kukkurallinen mitalusikallinen \/ 1 litraan vett\u00e4.   Ruiskutettaessa on v\u00e4ltett\u00e4v\u00e4 kuumaa, aurinkoista s\u00e4\u00e4t\u00e4 ja ruiskutettava pilvisell\u00e4 s\u00e4\u00e4ll\u00e4, aamulla tai illalla. * \u00c4mp\u00e4riss\u00e4 on mitallinen. 1 kukkuramitallinen lannoitetta = 2 g. 300 g riitt\u00e4\u00e4 600 litraan vett\u00e4.<\/p>\n","protected":false},"excerpt":{"rendered":"<p>Kurkun kasteluun tarkoitettu lannoite on nopeavaikutteinen veteen liukeneva hivenravinteita sis\u00e4lt\u00e4v\u00e4 t\u00e4yslannoite kasvihuone- ja avomaankurkkujen kasteluun. Lannoitus parantaa kasvien kasvua ja varmistaa runsaan kukinnan, hedelm\u00f6ityksen ja korkean sadon.  Suuri kaliumpitoisuus takaa suuret ja mehukkaat hedelm\u00e4t. Tasapainoisesti ravitut kasvit ovat vastustuskykyisempi\u00e4 tuholaisille ja sienitaudeille.<\/p>\n","protected":false},"featured_media":57602,"template":"","meta":{"_acf_changed":false,"_seopress_robots_primary_cat":"","_seopress_titles_title":"","_seopress_titles_desc":"","_seopress_robots_index":"","_gspb_post_css":""},"product_brand":[],"product_cat":[2392,2461,2438,2460],"product_tag":[],"class_list":{"0":"post-41554","1":"product","2":"type-product","3":"status-publish","4":"has-post-thumbnail","6":"product_cat-kaikki-luokat","7":"product_cat-kasteluun-sekoitettava-lannoite","8":"product_cat-lannoitteet","9":"product_cat-puutarhalannoitteet","11":"first","12":"instock","13":"taxable","14":"shipping-taxable","15":"purchasable","16":"product-type-simple"},"ct_brands":[],"acf":[],"_links":{"self":[{"href":"https:\/\/agrozone.ee\/fi\/wp-json\/wp\/v2\/product\/41554","targetHints":{"allow":["GET"]}}],"collection":[{"href":"https:\/\/agrozone.ee\/fi\/wp-json\/wp\/v2\/product"}],"about":[{"href":"https:\/\/agrozone.ee\/fi\/wp-json\/wp\/v2\/types\/product"}],"wp:featuredmedia":[{"embeddable":true,"href":"https:\/\/agrozone.ee\/fi\/wp-json\/wp\/v2\/media\/57602"}],"wp:attachment":[{"href":"https:\/\/agrozone.ee\/fi\/wp-json\/wp\/v2\/media?parent=41554"}],"wp:term":[{"taxonomy":"product_brand","embeddable":true,"href":"https:\/\/agrozone.ee\/fi\/wp-json\/wp\/v2\/product_brand?post=41554"},{"taxonomy":"product_cat","embeddable":true,"href":"https:\/\/agrozone.ee\/fi\/wp-json\/wp\/v2\/product_cat?post=41554"},{"taxonomy":"product_tag","embeddable":true,"href":"https:\/\/agrozone.ee\/fi\/wp-json\/wp\/v2\/product_tag?post=41554"}],"curies":[{"name":"wp","href":"https:\/\/api.w.org\/{rel}","templated":true}]}}