{"id":41556,"date":"2024-06-09T15:56:24","date_gmt":"2024-06-09T13:56:24","guid":{"rendered":"https:\/\/agrozone.ee\/toode\/kurkunlannoite-1-kg\/"},"modified":"2024-06-09T15:56:24","modified_gmt":"2024-06-09T13:56:24","slug":"kurkunlannoite-1-kg","status":"publish","type":"product","link":"https:\/\/agrozone.ee\/fi\/tuote\/kurkunlannoite-1-kg\/","title":{"rendered":"Kurkunlannoite 1 kg"},"content":{"rendered":"<p><strong>Kurkunlannoite 1 kg<\/strong><\/p>\n<ul>\n<li>Kurkunlannoite on rakeistettu t\u00e4yslannoite, joka sis\u00e4lt\u00e4\u00e4 kurkkukasvien tarvitsemia ravinteita sopivassa suhteessa.<\/li>\n<li>Lannoitus parantaa kasvua, varmistaa runsaan kukinnan ja hedelm\u00f6itymisen sek\u00e4 korkean sadon.<\/li>\n<li>Lannoitetut kasvit ovat vastustuskykyisempi\u00e4 sairauksille ja ep\u00e4suotuisille kasvuolosuhteille.<\/li>\n<\/ul>\n<p>&nbsp;<\/p>\n<h3>K\u00e4ytt\u00f6ohjeet<\/h3>\n<p>Lannoite sekoitetaan tasaisesti multaan kasveja istutettaessa tai kasvukauden aikana. Lannoituksen j\u00e4lkeen on suositeltavaa kastella kasveja. Tarvittaessa lannoitetaan useita kertoja kasvukauden aikana. 1 kg = 35 m\u00b2. K\u00e4ytt\u00f6m\u00e4\u00e4r\u00e4 20\u201325 g = noin puoli kourallista, 40 g = noin kourallinen.  K\u00e4yt\u00e4 vain, jos tarve on todettu. \u00c4l\u00e4 ylit\u00e4 suositeltuja m\u00e4\u00e4ri\u00e4.<\/p>\n","protected":false},"excerpt":{"rendered":"<ul>\n<li>Kurkunlannoite on rakeistettu t\u00e4yslannoite, joka sis\u00e4lt\u00e4\u00e4 kurkkukasvien tarvitsemia ravinteita sopivassa suhteessa.<\/li>\n<li>Lannoitus parantaa kasvua, varmistaa runsaan kukinnan ja hedelm\u00f6itymisen sek\u00e4 korkean sadon.<\/li>\n<li>Lannoitetut kasvit ovat vastustuskykyisempi\u00e4 sairauksille ja ep\u00e4suotuisille kasvuolosuhteille.<\/li>\n<\/ul>\n","protected":false},"featured_media":41558,"template":"","meta":{"_acf_changed":false,"_seopress_robots_primary_cat":"","_seopress_titles_title":"","_seopress_titles_desc":"Kurkunlannoite sis\u00e4lt\u00e4\u00e4 kurkkukasvien tarvitsemia ravinteita. Lannoitus parantaa kasvua, varmistaa runsaan kukinnan ja hedelm\u00f6itymisen sek\u00e4 korkean sadon.","_seopress_robots_index":"","_gspb_post_css":""},"product_brand":[],"product_cat":[2392,2438,2460],"product_tag":[],"class_list":{"0":"post-41556","1":"product","2":"type-product","3":"status-publish","4":"has-post-thumbnail","6":"product_cat-kaikki-luokat","7":"product_cat-lannoitteet","8":"product_cat-puutarhalannoitteet","10":"first","11":"instock","12":"taxable","13":"shipping-taxable","14":"purchasable","15":"product-type-simple"},"ct_brands":[],"acf":[],"_links":{"self":[{"href":"https:\/\/agrozone.ee\/fi\/wp-json\/wp\/v2\/product\/41556","targetHints":{"allow":["GET"]}}],"collection":[{"href":"https:\/\/agrozone.ee\/fi\/wp-json\/wp\/v2\/product"}],"about":[{"href":"https:\/\/agrozone.ee\/fi\/wp-json\/wp\/v2\/types\/product"}],"wp:featuredmedia":[{"embeddable":true,"href":"https:\/\/agrozone.ee\/fi\/wp-json\/wp\/v2\/media\/41558"}],"wp:attachment":[{"href":"https:\/\/agrozone.ee\/fi\/wp-json\/wp\/v2\/media?parent=41556"}],"wp:term":[{"taxonomy":"product_brand","embeddable":true,"href":"https:\/\/agrozone.ee\/fi\/wp-json\/wp\/v2\/product_brand?post=41556"},{"taxonomy":"product_cat","embeddable":true,"href":"https:\/\/agrozone.ee\/fi\/wp-json\/wp\/v2\/product_cat?post=41556"},{"taxonomy":"product_tag","embeddable":true,"href":"https:\/\/agrozone.ee\/fi\/wp-json\/wp\/v2\/product_tag?post=41556"}],"curies":[{"name":"wp","href":"https:\/\/api.w.org\/{rel}","templated":true}]}}