{"id":41559,"date":"2024-12-20T13:14:14","date_gmt":"2024-12-20T11:14:14","guid":{"rendered":"https:\/\/agrozone.ee\/toode\/rehuvirna-200-g\/"},"modified":"2025-05-13T10:57:22","modified_gmt":"2025-05-13T08:57:22","slug":"rehuvirna-200-g","status":"publish","type":"product","link":"https:\/\/agrozone.ee\/fi\/tuote\/rehuvirna-200-g\/","title":{"rendered":"Rehuvirna 200 g"},"content":{"rendered":"<ul>\n<li>Kes\u00e4herne eli rehukaura on erinomainen v\u00e4liviljelykasvi hernekasvien heimosta.<\/li>\n<li>Nopeakasvuinen.<\/li>\n<li>Tuottaa paljon vihermassaa, jonka ansiosta se tukahduttaa rikkakasveja.<\/li>\n<li>Kes\u00e4herneen kasville on ominaista hyvin haaroittunut juuristo, joka sitoo typpe\u00e4 ilmasta.<\/li>\n<li>Vaatimaton maaper\u00e4n suhteen, mutta ei sied\u00e4 hapanta maaper\u00e4\u00e4.<\/li>\n<li>Ohutvarrellinen ja helposti lakoontuva, joten sit\u00e4 suositellaan k\u00e4ytett\u00e4v\u00e4ksi seoksessa muiden lajien, kuten tattarin, kauran, hunajakukan tai valkoisen sinapin kanssa.<\/li>\n<\/ul>\n<p>Kylv\u00f6m\u00e4\u00e4r\u00e4: 10-15 g\/1 m\u00b2 (puhtaana kylvettyn\u00e4), 5-7 g\/1 m\u00b2 (seosviljelyss\u00e4).<\/p>\n<ul>\n<li>Kylvet\u00e4\u00e4n toukokuusta alkaen.<\/li>\n<li>Kylv\u00f6syvyys 3\u20134 cm.<\/li>\n<li>Yksivuotinen.<\/li>\n<\/ul>\n","protected":false},"excerpt":{"rendered":"<ul>\n<li>Kes\u00e4herne eli rehukaura on erinomainen v\u00e4liviljelykasvi hernekasvien heimosta.<\/li>\n<li>Tuottaa paljon vihermassaa, jonka ansiosta se tukahduttaa rikkakasveja.<\/li>\n<li>Nopeakasvuinen.<\/li>\n<\/ul>\n","protected":false},"featured_media":41422,"template":"","meta":{"_acf_changed":false,"_seopress_robots_primary_cat":"none","_seopress_titles_title":"Suviherne - v\u00e4liviljelyyn tarkoitettu herne 200 g","_seopress_titles_desc":"Kes\u00e4herne eli rehukaura on erinomainen v\u00e4liviljelykasvi, joka tukahduttaa rikkaruohoja ja sitoo typpe\u00e4 ilmasta. Ihanteellinen seosviljelyyn ja helppo kasvattaa. ","_seopress_robots_index":"","_gspb_post_css":""},"product_brand":[],"product_cat":[2444,2392,2399],"product_tag":[2522,2521,2520],"class_list":{"0":"post-41559","1":"product","2":"type-product","3":"status-publish","4":"has-post-thumbnail","6":"product_cat-hunajakasvit-ja-valiviljelykasvit","7":"product_cat-kaikki-luokat","8":"product_cat-siemenet","9":"product_tag-kesaherne","10":"product_tag-peltorehuvirna","11":"product_tag-vicia-sativa-fi","13":"first","14":"instock","15":"featured","16":"taxable","17":"shipping-taxable","18":"purchasable","19":"product-type-simple"},"ct_brands":[],"acf":[],"_links":{"self":[{"href":"https:\/\/agrozone.ee\/fi\/wp-json\/wp\/v2\/product\/41559","targetHints":{"allow":["GET"]}}],"collection":[{"href":"https:\/\/agrozone.ee\/fi\/wp-json\/wp\/v2\/product"}],"about":[{"href":"https:\/\/agrozone.ee\/fi\/wp-json\/wp\/v2\/types\/product"}],"wp:featuredmedia":[{"embeddable":true,"href":"https:\/\/agrozone.ee\/fi\/wp-json\/wp\/v2\/media\/41422"}],"wp:attachment":[{"href":"https:\/\/agrozone.ee\/fi\/wp-json\/wp\/v2\/media?parent=41559"}],"wp:term":[{"taxonomy":"product_brand","embeddable":true,"href":"https:\/\/agrozone.ee\/fi\/wp-json\/wp\/v2\/product_brand?post=41559"},{"taxonomy":"product_cat","embeddable":true,"href":"https:\/\/agrozone.ee\/fi\/wp-json\/wp\/v2\/product_cat?post=41559"},{"taxonomy":"product_tag","embeddable":true,"href":"https:\/\/agrozone.ee\/fi\/wp-json\/wp\/v2\/product_tag?post=41559"}],"curies":[{"name":"wp","href":"https:\/\/api.w.org\/{rel}","templated":true}]}}