{"id":41563,"date":"2024-12-20T13:18:03","date_gmt":"2024-12-20T11:18:03","guid":{"rendered":"https:\/\/agrozone.ee\/toode\/esparsetti-100-g\/"},"modified":"2025-05-13T10:57:01","modified_gmt":"2025-05-13T08:57:01","slug":"esparsetti-100-g","status":"publish","type":"product","link":"https:\/\/agrozone.ee\/fi\/tuote\/esparsetti-100-g\/","title":{"rendered":"Esparsetti"},"content":{"rendered":"<h2 data-sourcepos=\"1:1-1:89\">Esparsetti (Onobrychis viciifolia) \u2013 Luonnon rikkaus puutarhaasi ja mehil\u00e4isille!<\/h2>\n<p data-sourcepos=\"3:1-3:212\"><strong>Etsitk\u00f6 monipuolista ja hy\u00f6dyllist\u00e4 kasvia puutarhaasi tai pellollesi? Esparsetti on erinomainen valinta! <\/strong> T\u00e4m\u00e4 huomiota her\u00e4tt\u00e4vill\u00e4 vaaleanpunaisilla kukilla varustettu kasvi ei ole ainoastaan kaunis n\u00e4ky, vaan my\u00f6s todellinen luonnon oma apulainen.<\/p>\n<p data-sourcepos=\"5:1-5:26\"><strong>Esparsettia arvostetaan:<\/strong><\/p>\n<ul data-sourcepos=\"7:1-10:0\">\n<li data-sourcepos=\"7:1-7:80\"><strong>Erinomaisena ker\u00e4\u00e4j\u00e4kasvina:<\/strong> Auttaa parantamaan maaper\u00e4n rakennetta ja viljavuutta.<\/li>\n<li data-sourcepos=\"8:1-8:114\"><strong>Arvokkaana koristekasvina: <\/strong>Kauniit kukat ilahduttavat silm\u00e4\u00e4 ja sopivat hyvin monivuotisten kukkaniittyjen seoksiin.<\/li>\n<li data-sourcepos=\"9:1-10:0\"><strong>Ihanana mesikasvina:<\/strong> Esparsetin kukat ovat mehil\u00e4isille vastustamattomia, taaten runsaan ja laadukkaan hunajasadon.<\/li>\n<\/ul>\n<p data-sourcepos=\"11:1-11:31\"><strong>Esparsetin t\u00e4rkeimm\u00e4t edut:<\/strong><\/p>\n<ul data-sourcepos=\"13:1-20:0\">\n<li data-sourcepos=\"13:1-13:200\"><strong>Rikastaa maaper\u00e4\u00e4 typell\u00e4:<\/strong> Juurinystyr\u00f6iss\u00e4\u00e4n el\u00e4vien bakteerien ansiosta esparsetti sitoo ilmasta typpe\u00e4 ja muuttaa sen kasveille k\u00e4ytt\u00f6kelpoiseen muotoon, v\u00e4hent\u00e4en keinotekoisten lannoitteiden tarvetta.<\/li>\n<li data-sourcepos=\"14:1-14:126\"><strong>Tuottaa runsaasti vihermassaa:<\/strong> Sopii erinomaisesti viherlannoitteeksi parantaen maaper\u00e4n orgaanisen aineen pitoisuutta ja rakennetta.<\/li>\n<li data-sourcepos=\"15:1-15:112\"><strong>Surub alla umbrohutumust:<\/strong> Tihe kasv takistab umbrohtude levikut, v\u00e4hendades vajadust herbitsiidide j\u00e4rele.<\/li>\n<li data-sourcepos=\"16:1-16:121\"><strong>Parantaa maaper\u00e4n ominaisuuksia:<\/strong> Vahva ja hyvin kehittynyt juuristo kuohkeuttaa maata, parantaa vedenl\u00e4p\u00e4isevyytt\u00e4 ja ilmastusta.<\/li>\n<li data-sourcepos=\"17:1-17:119\"><strong>Se on kuivuutta kest\u00e4v\u00e4 ja vastustuskykyinen tauteja vastaan:<\/strong> Sopii hyvin my\u00f6s kuivempiin olosuhteisiin eik\u00e4 vaadi intensiivist\u00e4 hoitoa.<\/li>\n<li data-sourcepos=\"18:1-18:164\"><strong>Eritt\u00e4in hyv\u00e4 mesikasvi: <\/strong>Esparsetista saatu hunaja on arvostettua ainutlaatuisen makunsa ja arominsa ansiosta. Keskim\u00e4\u00e4r\u00e4inen hunajantuotanto on vaikuttava: <strong>100\u2013280 kg\/ha.<\/strong> <\/li>\n<li data-sourcepos=\"19:1-20:0\"><strong>Kaunis kukka:<\/strong> Huomiota her\u00e4tt\u00e4v\u00e4t vaaleanpunaiset kukat tekev\u00e4t esparsetista vieh\u00e4tt\u00e4v\u00e4n osan jokaista puutarhaa tai kukkaniitty\u00e4.<\/li>\n<\/ul>\n<p data-sourcepos=\"21:1-21:18\"><strong>T\u00e4rke\u00e4\u00e4 tiet\u00e4\u00e4:<\/strong><\/p>\n<ul data-sourcepos=\"23:1-24:0\">\n<li data-sourcepos=\"23:1-24:0\"><strong>Ei sovellu happamille ja turvemaille:<\/strong> Esparsetti suosii neutraalia tai hieman em\u00e4ksist\u00e4 maaper\u00e4\u00e4.<\/li>\n<\/ul>\n<p data-sourcepos=\"25:1-25:15\"><strong>K\u00e4ytt\u00f6:<\/strong><\/p>\n<ul data-sourcepos=\"27:1-29:0\">\n<li data-sourcepos=\"27:1-27:27\"><strong>Puhdaskylv\u00f6:<\/strong> 6-8 g\/1 m\u00b2<\/li>\n<li data-sourcepos=\"28:1-29:0\"><strong>Seoskylv\u00f6: <\/strong>1-2 g\/1 m\u00b2 (kukkaniityt, muut viljelykset)<\/li>\n<\/ul>\n<p data-sourcepos=\"30:1-30:14\"><strong>Kylv\u00e4minen:<\/strong><\/p>\n<ul data-sourcepos=\"32:1-34:0\">\n<li data-sourcepos=\"32:1-32:26\">Kylvet\u00e4\u00e4n toukokuusta alkaen.<\/li>\n<li data-sourcepos=\"33:1-34:0\">Kylv\u00f6syvyys: 1\u20131,5 cm.<\/li>\n<\/ul>\n<p data-sourcepos=\"35:1-35:22\"><strong>Kasvu ja kukinta:<\/strong><\/p>\n<ul data-sourcepos=\"37:1-40:0\">\n<li data-sourcepos=\"37:1-37:31\">Kasvaa 90\u2013120 cm korkeaksi.<\/li>\n<li data-sourcepos=\"38:1-38:67\">Kukkii hein\u00e4kuussa tarjoten sek\u00e4 silm\u00e4niloa ett\u00e4 nektaria mehil\u00e4isille.<\/li>\n<li data-sourcepos=\"39:1-40:0\">Se on monivuotinen kasvi, joka ilahduttaa sinua hy\u00f6dyllisill\u00e4 ominaisuuksillaan useiden vuosien ajan.<\/li>\n<\/ul>\n<p data-sourcepos=\"41:1-41:123\"><strong>Lis\u00e4\u00e4 t\u00e4m\u00e4 monipuolinen ja hy\u00f6dyllinen kasvi puutarhaasi tai pellollesi! Esparsetti on sijoitus luontoon ja maasi viljavuuteen. <\/strong><\/p>\n","protected":false},"excerpt":{"rendered":"<ul>\n<li>Erinomainen v\u00e4liviljelykasvi, koriste- ja hunajakasvi.<\/li>\n<li>Rikastuttaa maaper\u00e4\u00e4 typell\u00e4.<\/li>\n<li>Antaa paljon vihermassaa, tukahduttaa rikkakasveja.<\/li>\n<li>Vahvan ja hyvin kehittyneen juuriston ansiosta parantaa maaper\u00e4n ominaisuuksia.<\/li>\n<li>Kuivuutta kest\u00e4v\u00e4 ja taudinkest\u00e4v\u00e4.<\/li>\n<li>Eritt\u00e4in hyv\u00e4 hunajakasvi.<\/li>\n<\/ul>\n","protected":false},"featured_media":41428,"template":"","meta":{"_acf_changed":false,"_seopress_robots_primary_cat":"none","_seopress_titles_title":"Esparsetti: Erinomainen v\u00e4liviljelykasvi ja hunajakasvi","_seopress_titles_desc":"Esparsetti rikastuttaa maaper\u00e4\u00e4 typell\u00e4, on kuivuutta kest\u00e4v\u00e4 ja vastustuskykyinen. Ihanteellinen koriste- ja hunajakasvi, joka tuottaa paljon vihermassaa. ","_seopress_robots_index":"","_gspb_post_css":""},"product_brand":[],"product_cat":[2444,2392,2399],"product_tag":[2524,2523],"class_list":{"0":"post-41563","1":"product","2":"type-product","3":"status-publish","4":"has-post-thumbnail","6":"product_cat-hunajakasvit-ja-valiviljelykasvit","7":"product_cat-kaikki-luokat","8":"product_cat-siemenet","9":"product_tag-esparsetti","10":"product_tag-onobrychis-fi","12":"first","13":"instock","14":"taxable","15":"shipping-taxable","16":"purchasable","17":"product-type-variable"},"ct_brands":[],"acf":[],"_links":{"self":[{"href":"https:\/\/agrozone.ee\/fi\/wp-json\/wp\/v2\/product\/41563","targetHints":{"allow":["GET"]}}],"collection":[{"href":"https:\/\/agrozone.ee\/fi\/wp-json\/wp\/v2\/product"}],"about":[{"href":"https:\/\/agrozone.ee\/fi\/wp-json\/wp\/v2\/types\/product"}],"wp:featuredmedia":[{"embeddable":true,"href":"https:\/\/agrozone.ee\/fi\/wp-json\/wp\/v2\/media\/41428"}],"wp:attachment":[{"href":"https:\/\/agrozone.ee\/fi\/wp-json\/wp\/v2\/media?parent=41563"}],"wp:term":[{"taxonomy":"product_brand","embeddable":true,"href":"https:\/\/agrozone.ee\/fi\/wp-json\/wp\/v2\/product_brand?post=41563"},{"taxonomy":"product_cat","embeddable":true,"href":"https:\/\/agrozone.ee\/fi\/wp-json\/wp\/v2\/product_cat?post=41563"},{"taxonomy":"product_tag","embeddable":true,"href":"https:\/\/agrozone.ee\/fi\/wp-json\/wp\/v2\/product_tag?post=41563"}],"curies":[{"name":"wp","href":"https:\/\/api.w.org\/{rel}","templated":true}]}}