{"id":41566,"date":"2024-06-09T16:13:03","date_gmt":"2024-06-09T13:13:03","guid":{"rendered":"https:\/\/agrozone.ee\/toode\/akkukayttoinen-oksasaha-ry100\/"},"modified":"2026-01-01T01:02:14","modified_gmt":"2025-12-31T23:02:14","slug":"akkukayttoinen-oksasaha-ry100","status":"publish","type":"product","link":"https:\/\/agrozone.ee\/fi\/tuote\/akkukayttoinen-oksasaha-ry100\/","title":{"rendered":"Akkuk\u00e4ytt\u00f6inen oksasaha RY100"},"content":{"rendered":"<p><strong>Akkuk\u00e4ytt\u00f6inen oksasaha RY100<\/strong><\/p>\n<ul>\n<li>RY100 on litium-akulla toimiva s\u00e4hk\u00f6inen oksasaha.<\/li>\n<li>Hy\u00f6dyllinen ja helppok\u00e4ytt\u00f6inen, 500 W:n moottorin ansiosta se mahdollistaa jopa 80 mm:n oksien leikkaamisen.<\/li>\n<li>Automaattinen voitelu pit\u00e4\u00e4 ketjun aina \u00f6ljyttyn\u00e4, ja samalla ter\u00e4levy helpottaa leikkaamista my\u00f6s tiheimm\u00e4ss\u00e4 lehv\u00e4st\u00f6ss\u00e4.<\/li>\n<li>K\u00e4yt\u00e4nn\u00f6llinen aukko mahdollistaa suoran p\u00e4\u00e4syn moottoritilaan nopeaa puhdistusta varten.<\/li>\n<\/ul>\n<p>RY100 on varustettu kahdella akulla, akkulaturilla, kotelolla, ty\u00f6kalunohjaimella ja viilalla.<\/p>\n","protected":false},"excerpt":{"rendered":"<ul>\n<li>1.34 kg<\/li>\n<li>RY100 on litium-akulla toimiva s\u00e4hk\u00f6inen oksasaha.<\/li>\n<li>Hy\u00f6dyllinen ja helppok\u00e4ytt\u00f6inen, 500 W:n moottorin ansiosta se mahdollistaa jopa 80 mm:n oksien leikkaamisen.<\/li>\n<li>Automaattinen voitelu pit\u00e4\u00e4 ketjun aina \u00f6ljyttyn\u00e4, ja samalla ter\u00e4levy helpottaa leikkaamista my\u00f6s tiheimm\u00e4ss\u00e4 lehv\u00e4st\u00f6ss\u00e4.<\/li>\n<li>K\u00e4yt\u00e4nn\u00f6llinen aukko mahdollistaa suoran p\u00e4\u00e4syn moottoritilaan nopeaa puhdistusta varten.<\/li>\n<\/ul>\n","protected":false},"featured_media":41571,"template":"","meta":{"_acf_changed":false,"_seopress_robots_primary_cat":"","_seopress_titles_title":"","_seopress_titles_desc":"RY100 akkuk\u00e4ytt\u00f6inen oksasaha on litium-akulla toimiva s\u00e4hk\u00f6inen oksasaha. Se on hy\u00f6dyllinen ja helppok\u00e4ytt\u00f6inen, ja 500 W:n moottorin ansiosta sill\u00e4 voi leikata jopa 80 mm:n oksia. ","_seopress_robots_index":"","_gspb_post_css":""},"product_brand":[],"product_cat":[2365,2392,2363,2364],"product_tag":[],"class_list":{"0":"post-41566","1":"product","2":"type-product","3":"status-publish","4":"has-post-thumbnail","6":"product_cat-akkukayttoiset-puutarhatyokalut","7":"product_cat-kaikki-luokat","8":"product_cat-puutarhatarvikkeet","9":"product_cat-puutarhatyokalut","11":"first","12":"instock","13":"sale","14":"featured","15":"taxable","16":"shipping-taxable","17":"purchasable","18":"product-type-simple"},"ct_brands":[],"acf":[],"_links":{"self":[{"href":"https:\/\/agrozone.ee\/fi\/wp-json\/wp\/v2\/product\/41566","targetHints":{"allow":["GET"]}}],"collection":[{"href":"https:\/\/agrozone.ee\/fi\/wp-json\/wp\/v2\/product"}],"about":[{"href":"https:\/\/agrozone.ee\/fi\/wp-json\/wp\/v2\/types\/product"}],"wp:featuredmedia":[{"embeddable":true,"href":"https:\/\/agrozone.ee\/fi\/wp-json\/wp\/v2\/media\/41571"}],"wp:attachment":[{"href":"https:\/\/agrozone.ee\/fi\/wp-json\/wp\/v2\/media?parent=41566"}],"wp:term":[{"taxonomy":"product_brand","embeddable":true,"href":"https:\/\/agrozone.ee\/fi\/wp-json\/wp\/v2\/product_brand?post=41566"},{"taxonomy":"product_cat","embeddable":true,"href":"https:\/\/agrozone.ee\/fi\/wp-json\/wp\/v2\/product_cat?post=41566"},{"taxonomy":"product_tag","embeddable":true,"href":"https:\/\/agrozone.ee\/fi\/wp-json\/wp\/v2\/product_tag?post=41566"}],"curies":[{"name":"wp","href":"https:\/\/api.w.org\/{rel}","templated":true}]}}