{"id":41575,"date":"2024-06-09T16:05:17","date_gmt":"2024-06-09T13:05:17","guid":{"rendered":"https:\/\/agrozone.ee\/toode\/akkukayttoiset-oksasakset-ryno-50\/"},"modified":"2026-01-01T01:02:14","modified_gmt":"2025-12-31T23:02:14","slug":"akkukayttoiset-oksasakset-ryno-50","status":"publish","type":"product","link":"https:\/\/agrozone.ee\/fi\/tuote\/akkukayttoiset-oksasakset-ryno-50\/","title":{"rendered":"AKKUK\u00c4YTT\u00d6ISET OKSASAKSET RYNO 50"},"content":{"rendered":"<p class=\"lead\">Litium-akulla varustetut oksasakset, joiden leikkaushalkaisija on 32 mm.<\/p>\n<p>Sopivat oksien leikkaamiseen esimerkiksi hedelm\u00e4tarhoissa tai puutarhureille. RYNO-oksasaksilla on kaksi leikkaustapaa:<\/p>\n<ul>\n<li>Ter\u00e4 aukeaa 70 %. Pienempiin ja nopeampiin leikkauksiin. <\/li>\n<li>Ter\u00e4 aukeaa 100 %. T\u00e4ydell\u00e4 teholla leikkaamiseen. <\/li>\n<\/ul>\n<div>\n<h2>RYNO 50:n edut<\/h2>\n<p><img decoding=\"async\" src=\"https:\/\/www.balticagro.ee\/Files\/Images\/Baltic%20Agro%20Estonia\/210x130\/akuga_oksakaarid_Ryno50x400.jpg\" alt=\"Oksaleikkurit M80\"><\/p>\n<ul>\n<li>Kevyet oksasakset tekev\u00e4t leikkausty\u00f6st\u00e4 helppoa ja tehokasta.<\/li>\n<li>Mahdollistaa jopa 32 mm halkaisijaltaan olevien oksien leikkaamisen.<\/li>\n<li>Sopivat sek\u00e4 kuivuneiden ett\u00e4 tuoreiden oksien leikkaamiseen.<\/li>\n<li>Mukana kaksi akkua.<\/li>\n<\/ul>\n<p><strong>Tekniset tiedot:<\/strong><\/p>\n<ul>\n<li>Virtal\u00e4hde: s\u00e4hk\u00f6<\/li>\n<li>J\u00e4nnite: 14,4 V<\/li>\n<li>Akku: 2,5 Ah \u2013 36 Wh<\/li>\n<li>Akun kesto: 2\u20133 tuntia, k\u00e4ytt\u00f6tavasta riippuen<\/li>\n<li>Laturi: 100\u2013240 V AC 50\/60 Hz 0,5 A.<\/li>\n<li>Latausaika: 1\u20131,5 tuntia<\/li>\n<li>Leikkausteho: 32 mm<\/li>\n<li>Tehoyksikk\u00f6: watti<\/li>\n<li>Paino ja pituus: 1006 grammaa \u2013 29 cm<\/li>\n<\/ul>\n<p><strong>Yleiset turvallisuuss\u00e4\u00e4nn\u00f6t:<\/strong><\/p>\n<ul>\n<li>K\u00e4yt\u00e4 oksien leikkaamiseen, jotka eiv\u00e4t ole liian kuivia ja joiden halkaisija ei ylit\u00e4 ilmoitettua leikkaustehoa.<\/li>\n<li>Ei saa k\u00e4ytt\u00e4\u00e4 kosteissa olosuhteissa ja\/tai sateella tai ukkosmyrskyn aikana.<\/li>\n<li>Suositeltu l\u00e4mp\u00f6tila-alue -5 \u00b0C &#8230; +40 \u00b0C.<\/li>\n<li>\u00c4l\u00e4 koske oksasaksiin m\u00e4rill\u00e4 tai kosteilla k\u00e4sill\u00e4.<\/li>\n<li>\u00c4l\u00e4 leikkaa muita materiaaleja kuin puuta.<\/li>\n<li>K\u00e4yt\u00e4 ty\u00f6h\u00f6n sopivia henkil\u00f6kohtaisia suojavarusteita (k\u00e4sineet, jalkineet, haalarit).<\/li>\n<li>S\u00e4ilyt\u00e4 lasten ulottumattomissa.<\/li>\n<\/ul>\n<\/div>\n","protected":false},"excerpt":{"rendered":"<p class=\"lead\">Litium-akulla varustetut oksasakset, joiden leikkaushalkaisija on 32 mm.<\/p>\n<p>Sopivat oksien leikkaamiseen esimerkiksi hedelm\u00e4tarhoissa tai puutarhureille. RYNO-oksasaksilla on kaksi leikkaustapaa:<\/p>\n<ul>\n<li>Ter\u00e4 aukeaa 70 %. Pienempiin ja nopeampiin leikkauksiin. <\/li>\n<li>Ter\u00e4 aukeaa 100 %. T\u00e4ydell\u00e4 teholla leikkaamiseen. <\/li>\n<\/ul>\n<div>\n<h2>RYNO 50:n edut<\/h2>\n<ul>\n<li>Kevyet oksasakset tekev\u00e4t leikkausty\u00f6st\u00e4 helppoa ja tehokasta.<\/li>\n<li>Mahdollistaa jopa 32 mm halkaisijaltaan olevien oksien leikkaamisen.<\/li>\n<li>Sopivat sek\u00e4 kuivuneiden ett\u00e4 tuoreiden oksien leikkaamiseen.<\/li>\n<li>Mukana kaksi akkua.<\/li>\n<\/ul>\n<\/div>\n","protected":false},"featured_media":41577,"template":"","meta":{"_acf_changed":false,"_seopress_robots_primary_cat":"none","_seopress_titles_title":"","_seopress_titles_desc":"","_seopress_robots_index":"","_gspb_post_css":""},"product_brand":[],"product_cat":[2365,2392,2373,2363,2364],"product_tag":[],"class_list":{"0":"post-41575","1":"product","2":"type-product","3":"status-publish","4":"has-post-thumbnail","6":"product_cat-akkukayttoiset-puutarhatyokalut","7":"product_cat-kaikki-luokat","8":"product_cat-oksasakset","9":"product_cat-puutarhatarvikkeet","10":"product_cat-puutarhatyokalut","12":"first","13":"instock","14":"sale","15":"featured","16":"taxable","17":"shipping-taxable","18":"purchasable","19":"product-type-simple"},"ct_brands":[],"acf":[],"_links":{"self":[{"href":"https:\/\/agrozone.ee\/fi\/wp-json\/wp\/v2\/product\/41575","targetHints":{"allow":["GET"]}}],"collection":[{"href":"https:\/\/agrozone.ee\/fi\/wp-json\/wp\/v2\/product"}],"about":[{"href":"https:\/\/agrozone.ee\/fi\/wp-json\/wp\/v2\/types\/product"}],"wp:featuredmedia":[{"embeddable":true,"href":"https:\/\/agrozone.ee\/fi\/wp-json\/wp\/v2\/media\/41577"}],"wp:attachment":[{"href":"https:\/\/agrozone.ee\/fi\/wp-json\/wp\/v2\/media?parent=41575"}],"wp:term":[{"taxonomy":"product_brand","embeddable":true,"href":"https:\/\/agrozone.ee\/fi\/wp-json\/wp\/v2\/product_brand?post=41575"},{"taxonomy":"product_cat","embeddable":true,"href":"https:\/\/agrozone.ee\/fi\/wp-json\/wp\/v2\/product_cat?post=41575"},{"taxonomy":"product_tag","embeddable":true,"href":"https:\/\/agrozone.ee\/fi\/wp-json\/wp\/v2\/product_tag?post=41575"}],"curies":[{"name":"wp","href":"https:\/\/api.w.org\/{rel}","templated":true}]}}